{"id":34646,"date":"2026-01-02T17:04:10","date_gmt":"2026-01-02T16:04:10","guid":{"rendered":"https:\/\/libwomenstore.com\/?post_type=product&#038;p=34646"},"modified":"2026-01-02T18:08:55","modified_gmt":"2026-01-02T17:08:55","slug":"az-elemek-erintese-4-elem-inspiralta-tantrikus-elmenyter","status":"publish","type":"product","link":"https:\/\/libwo.iwanwilaga.com\/en\/product\/events\/az-elemek-erintese-4-elem-inspiralta-tantrikus-elmenyter\/","title":{"rendered":"Az elemek \u00e9rint\u00e9se &#8211; 4 elem inspir\u00e1lta tantrikus \u00e9lm\u00e9nyt\u00e9r"},"content":{"rendered":"<h4><img decoding=\"async\" class=\"an1\" draggable=\"false\" src=\"https:\/\/fonts.gstatic.com\/s\/e\/notoemoji\/16.0\/1f30d\/32.png\" alt=\"\ud83c\udf0d\" data-emoji=\"\ud83c\udf0d\" aria-label=\"\ud83c\udf0d\" \/>\u00a0F\u00d6LD \u2013\u00a0az\u00a0\u00e9rint\u00e9s,\u00a0ami\u00a0megtart<\/h4>\n<div>\u2022\u00a0Min\u0151s\u00e9ge:\u00a0stabil,\u00a0s\u00falyos,\u00a0la<wbr \/>ss\u00fa,\u00a0nyugodt,\u00a0megtart\u00f3<\/div>\n<div>\u2022\u00a0Hat\u00e1sa:\u00a0biztons\u00e1got\u00a0ad,\u00a0f\u00f6ld<wbr \/>el,\u00a0megnyugtat,\u00a0seg\u00edtmeg\u00e9rkezn<wbr \/>i\u00a0a\u00a0testbe<\/div>\n<div>\u2022\u00a0P\u00e9ld\u00e1k:\u00a0teny\u00e9rrel\u00a0megtart\u00e1s,<wbr \/>\u00a0er\u0151teljes\u00a0r\u00e1nyom\u00e1s,\u00a0\u00f6lel\u00e9s,\u00a0a<wbr \/>l\u00e1t\u00e1maszt\u00e1s,\u00a0m\u00e9ly\u00a0r\u00e1nehezed\u00e9s\/<wbr \/>\u00a0nyom\u00e1s,\u00a0meg\u00e1ll\u00e1s<\/div>\n<div>\u2022\u00a0Energetikai\u00a0\u00fczenet:\u00a0\u201eItt\u00a0vag<wbr \/>yok,\u00a0megtartalak. Jelen\u00a0vagyok\u00a0neked.\u201d<\/div>\n<div>\u2022\u00a0Mikor\u00a0alkalmazzuk?\u00a0amikor\u00a0a\u00a0<wbr \/>m\u00e1sik\u00a0f\u00e9l\u00a0fesz\u00fclts\u00e9gbenvan,\u00a0el<wbr \/>\u00faszott,\u00a0vagy\u00a0sz\u00fcks\u00e9ge\u00a0van\u00a0stab<wbr \/>ilit\u00e1sra\u00a0\u00e9s\u00a0keretekre<\/div>\n<div><\/div>\n<div><\/div>\n<h4><img decoding=\"async\" class=\"an1\" draggable=\"false\" src=\"https:\/\/fonts.gstatic.com\/s\/e\/notoemoji\/16.0\/1f4a7\/32.png\" alt=\"\ud83d\udca7\" data-emoji=\"\ud83d\udca7\" aria-label=\"\ud83d\udca7\" \/>\u00a0V\u00cdZ \u2013\u00a0az\u00a0\u00e9rint\u00e9s,\u00a0ami\u00a0\u00e1ramlik<\/h4>\n<div>\u2022\u00a0Min\u0151s\u00e9ge:\u00a0simogat\u00f3,\u00a0\u00e9rzelmes<wbr \/>,\u00a0\u00e1raml\u00f3,\u00a0folyamatos,\u00a0l\u00e1gyvagy<wbr \/>\u00a0m\u00e9lyebb\u00a0mozdulatokkal,\u00a0k\u00f6rk\u00f6r<wbr \/>\u00f6s\u00a0vagy\u00a0hull\u00e1mz\u00f3<\/div>\n<div>\u2022\u00a0Hat\u00e1sa:\u00a0oldja\u00a0az\u00a0\u00e9rzelmi\u00a0blo<wbr \/>kkokat,\u00a0seg\u00edt\u00a0megny\u00edlni,\u00a0t\u00e1mog<wbr \/>atja\u00a0a\u00a0bels\u0151\u00a0\u00e1raml\u00e1st<\/div>\n<div>\u2022\u00a0P\u00e9ld\u00e1k:\u00a0hossz\u00fa,\u00a0sim\u00edt\u00f3\u00a0mozdu<wbr \/>latok,\u00a0alkaros\u00a0\u00e9rint\u00e9s,\u00a0ringat<wbr \/>\u00e1s,\u00a0\u00e1t\u00f6lel\u0151\u00a0sim\u00edt\u00e1s<\/div>\n<div>\u2022\u00a0Energetikai\u00a0\u00fczenet:\u00a0\u201eEngedd\u00a0<wbr \/>meg,\u00a0hogy\u00a0megmozduljanakbenned<wbr \/>\u00a0a\u00a0r\u00e9gi\u00a0\u00e9rz\u00e9sek.\u00a0T\u00e1mogatlak\u00a0a\u00a0<wbr \/>v\u00e1ltoz\u00e1sban.\u201d<\/div>\n<div>\u2022\u00a0Mikor\u00a0alkalmazzuk?\u00a0amikor\u00a0a\u00a0<wbr \/>m\u00e1siknak\u00a0elakadt\u00a0az\u00e1raml\u00e1sa,\u00a0s<wbr \/>zeretn\u00e9nk\u00a0\u00e9rz\u00e9seket\u00a0megnyitni,<wbr \/>\u00a0laz\u00edtani<\/div>\n<div>\n<div><\/div>\n<\/div>\n<h4><img decoding=\"async\" class=\"an1\" draggable=\"false\" src=\"https:\/\/fonts.gstatic.com\/s\/e\/notoemoji\/16.0\/1f32c\/32.png\" alt=\"\ud83c\udf2c\" data-emoji=\"\ud83c\udf2c\" aria-label=\"\ud83c\udf2c\" \/>\u00a0LEVEG\u0150 \u2013\u00a0az\u00a0\u00e9rint\u00e9s,\u00a0ami\u00a0\u00e9breszt<\/h4>\n<div>\u2022\u00a0Min\u0151s\u00e9ge:\u00a0finom,\u00a0l\u00e9gies,\u00a0k\u00f6n<wbr \/>nyed,\u00a0cir\u00f3gat\u00f3,\u00a0alig\u00e9szlelhet\u0151<\/div>\n<div>\u2022\u00a0Hat\u00e1sa:\u00a0\u00e9rz\u00e9kis\u00e9get\u00a0hoz,\u00a0\u00e9br<wbr \/>eszti\u00a0az\u00a0idegrendszert,\u00a0kiterj<wbr \/>eszti\u00a0a\u00a0tudatoss\u00e1got\u00a0a\u00a0b\u0151r\u00f6n\u00a0k<wbr \/>ereszt\u00fcl<\/div>\n<div>\u2022\u00a0P\u00e9ld\u00e1k:\u00a0ujjheggyel\u00a0val\u00f3\u00a0sim\u00ed<wbr \/>t\u00e1s\/\u00a0cir\u00f3gat\u00e1s,\u00a0k\u00e9zh\u00e1ttalsuhin<wbr \/>t\u00e1s,\u00a0szell\u0151s\u00a0mozdulatok,\u00a0l\u00e9gie<wbr \/>s\u00a0\u00e9rint\u00e9s,\u00a0lehelet\u00a0finomsim\u00edt\u00e1<wbr \/>s\u00a0teny\u00e9rrel<\/div>\n<div>\u2022\u00a0Energetikai\u00a0\u00fczenet:\u00a0\u201e\u00c9rezd,\u00a0<wbr \/>hogy\u00a0\u00e9lsz. Minden\u00a0porcik\u00e1d\u00e9letre\u00a0kel.\u201d<\/div>\n<div>\u2022\u00a0Mikor\u00a0alkalmazzuk?\u00a0amikor\u00a0az<wbr \/>\u00a0\u00e9rz\u00e9kenys\u00e9get\u00a0szeretn\u00e9nkfokoz<wbr \/>ni,\u00a0bevezet\u0151\u00a0vagy\u00a0lez\u00e1r\u00f3\u00a0f\u00e1zis<wbr \/>ban,\u00a0szexu\u00e1lis\u00a0energia\u00e9breszt\u00e9<wbr \/>s\u00e9re<\/div>\n<div>\n<div><\/div>\n<\/div>\n<h4><img decoding=\"async\" class=\"an1\" draggable=\"false\" src=\"https:\/\/fonts.gstatic.com\/s\/e\/notoemoji\/16.0\/1f525\/32.png\" alt=\"\ud83d\udd25\" data-emoji=\"\ud83d\udd25\" aria-label=\"\ud83d\udd25\" \/>\u00a0T\u0170Z \u2013\u00a0az\u00a0\u00e9rint\u00e9s,\u00a0ami\u00a0\u00e1talak\u00edt<\/h4>\n<div>\u2022\u00a0Min\u0151s\u00e9ge:\u00a0intenz\u00edv,\u00a0er\u0151telje<wbr \/>s,\u00a0dinamikus,\u00a0gyors,\u00a0behatol\u00f3<\/div>\n<div>\u2022\u00a0Hat\u00e1sa:\u00a0energi\u00e1t\u00a0mozd\u00edt,\u00a0\u00e1tt<wbr \/>\u00f6r,\u00a0aktiv\u00e1l,\u00a0felsz\u00ednre\u00a0hoz\u00a0rej<wbr \/>tettfesz\u00fclts\u00e9geket\u00a0vagy\u00a0szenve<wbr \/>d\u00e9lyt<\/div>\n<div>\u2022\u00a0P\u00e9ld\u00e1k:\u00a0markol\u00e1s,\u00a0d\u00f6rzs\u00f6l\u00e9s,<wbr \/>\u00a0gyors\u00a0gy\u00far\u00e1s,\u00a0ujjheggyelval\u00f3\u00a0<wbr \/>er\u0151teljes\u00a0nyom\u00e1s,\u00a0test\u00a0r\u00e1z\u00e1sa\/<wbr \/>\u00a0mozgat\u00e1sa,\u00a0karmol\u00e1s,\u00a0dinamiku<wbr \/>s\u00a0\u00e1tsim\u00edt\u00e1s\u00a0nagy\u00a0ter\u00fcleten<\/div>\n<div>\u2022\u00a0Energetikai\u00a0\u00fczenet:\u00a0\u201e\u00c9bredj\u00a0<wbr \/>fel!\u00a0Mozd\u00edtsd\u00a0meg,\u00a0amibenned\u00a0\u00e9<wbr \/>l.\u00a0Itt\u00a0az\u00a0id\u0151\u00a0a\u00a0v\u00e1ltoz\u00e1sra.\u201d<\/div>\n<div>\u2022\u00a0Mikor\u00a0alkalmazzuk?\u00a0amikor\u00a0a\u00a0<wbr \/>m\u00e1sik\u00a0f\u00e9lnekenergiafelr\u00e1z\u00e1sra\u00a0<wbr \/>van\u00a0sz\u00fcks\u00e9ge,\u00a0vagy\u00a0szeretn\u00e9nk\u00a0<wbr \/>\u00e1tt\u00f6rniegy\u00a0r\u00e9gi\u00a0p\u00e1nc\u00e9lt,\u00a0v\u00e9dek<wbr \/>ez\u00e9st<\/div>\n<div>\n<div><\/div>\n<\/div>\n<h4><img decoding=\"async\" class=\"an1\" draggable=\"false\" src=\"https:\/\/fonts.gstatic.com\/s\/e\/notoemoji\/16.0\/1f300\/32.png\" alt=\"\ud83c\udf00\" data-emoji=\"\ud83c\udf00\" aria-label=\"\ud83c\udf00\" \/>\u00a0\u00d6sszhang\u00a0\u2013\u00a0az\u00a0elemek\u00a0t\u00e1nca<\/h4>\n<p>Az\u00a0igaz\u00e1n\u00a0hat\u00e9kony\u00a0\u00e9s\u00a0m\u00e9lyre\u00a0h<wbr \/>at\u00f3\u00a0testmunka\u00a0az,\u00a0amikortudato<wbr \/>san\u00a0v\u00e1ltogatjuk\u00a0\u00e9s\u00a0kombin\u00e1ljuk<wbr \/>\u00a0az\u00a0elemi\u00e9rint\u00e9smin\u0151s\u00e9geket. A\u00a0F\u00f6ld\u00a0biztons\u00e1ga, a\u00a0V\u00edz\u00a0\u00e1raml\u00e1sa, a\u00a0Leveg\u0151\u00a0k\u00f6nnyeds\u00e9ge\u00a0\u00e9s\u00a0a\u00a0T\u0171z\u00a0<wbr \/>intenzit\u00e1sa\u00a0egy\u00fctt\u00a0tudj\u00e1kmegte<wbr \/>remteni\u00a0azt\u00a0a\u00a0teret,\u00a0ahol\u00a0a\u00a0te<wbr \/>st\u00a0val\u00f3ban\u00a0eml\u00e9kezni\u00a0kezd,\u00a0fel<wbr \/>old\u00f3dik \u00e9s\u00a0gy\u00f3gyul.<\/p>\n","protected":false},"excerpt":{"rendered":"<p>Az elemek \u00e9rint\u00e9se egy k\u00fcl\u00f6nleges utaz\u00e1s a term\u00e9szet l\u00e1that\u00f3 \u00e9s l\u00e1thatatlan er\u0151i k\u00f6z\u00f6tt. F\u00f6ld, v\u00edz, t\u0171z \u00e9s leveg\u0151 nemcsak k\u00f6r\u00fclvesznek minket, hanem benn\u00fcnk is \u00e9lnek. Az esem\u00e9ny lehet\u0151s\u00e9get ad arra, hogy lelassuljunk, kapcsol\u00f3djunk, \u00e9s \u00fajra felfedezz\u00fck az elemekkel val\u00f3 \u0151si kapcsolatunkat \u2013 \u00e9rz\u00e9kel\u00e9sen, \u00e9lm\u00e9nyen \u00e9s jelenl\u00e9ten kereszt\u00fcl.<\/p>\n<p>Az esem\u00e9nyen r\u00e9sztvehettek egyed\u00fcl is \u00e9s p\u00e1rban is!<\/p>\n<p>D\u00e1tum: 2026.01.24. 18:00<\/p>\n","protected":false},"featured_media":34647,"comment_status":"closed","ping_status":"closed","template":"","meta":{"_et_pb_use_builder":"","_et_pb_old_content":"","_et_gb_content_width":""},"product_brand":[],"product_cat":[313],"product_tag":[],"class_list":{"0":"post-34646","1":"product","2":"type-product","3":"status-publish","4":"has-post-thumbnail","6":"product_cat-esemenyek-lib-womenstore","8":"first","9":"instock","10":"taxable","11":"shipping-taxable","12":"purchasable","13":"product-type-simple"},"yoast_head":"<!-- This site is optimized with the Yoast SEO Premium plugin v27.5 (Yoast SEO v27.5) - https:\/\/yoast.com\/product\/yoast-seo-premium-wordpress\/ -->\n<title>Az elemek \u00e9rint\u00e9se - 4 elem inspir\u00e1lta tantrikus \u00e9lm\u00e9nyt\u00e9r - Lib Women&#039;s Store DEW SITE<\/title>\n<meta name=\"description\" content=\"Az elemek \u00e9rint\u00e9se, ahol a term\u00e9szet ereje kapcsol\u00f3dik az \u00e9rz\u00e9kel\u00e9ssel. Fedezd fel, hogyan hat r\u00e1d a 4 elem egy k\u00fcl\u00f6nleges, \u00e9rz\u00e9kszervi \u00e9lm\u00e9ny sor\u00e1n.\" \/>\n<meta name=\"robots\" content=\"noindex, follow, max-snippet:-1, max-image-preview:large, max-video-preview:-1\" \/>\n<meta property=\"og:locale\" content=\"en_US\" \/>\n<meta property=\"og:type\" content=\"article\" \/>\n<meta property=\"og:title\" content=\"Az elemek \u00e9rint\u00e9se - 4 elem inspir\u00e1lta tantrikus \u00e9lm\u00e9nyt\u00e9r\" \/>\n<meta property=\"og:description\" content=\"Az elemek \u00e9rint\u00e9se, ahol a term\u00e9szet ereje kapcsol\u00f3dik az \u00e9rz\u00e9kel\u00e9ssel. Fedezd fel, hogyan hat r\u00e1d a 4 elem egy k\u00fcl\u00f6nleges, \u00e9rz\u00e9kszervi \u00e9lm\u00e9ny sor\u00e1n.\" \/>\n<meta property=\"og:url\" content=\"https:\/\/libwo.iwanwilaga.com\/en\/product\/events\/az-elemek-erintese-4-elem-inspiralta-tantrikus-elmenyter\/\" \/>\n<meta property=\"og:site_name\" content=\"Lib Women&#039;s Store DEW SITE\" \/>\n<meta property=\"article:publisher\" content=\"https:\/\/www.facebook.com\/libwomenstore\" \/>\n<meta property=\"article:modified_time\" content=\"2026-01-02T17:08:55+00:00\" \/>\n<meta property=\"og:image\" content=\"https:\/\/libwo.iwanwilaga.com\/wp-content\/uploads\/2025\/12\/260124-Lib-eljenek-post-copy.jpeg\" \/>\n\t<meta property=\"og:image:width\" content=\"1200\" \/>\n\t<meta property=\"og:image:height\" content=\"1200\" \/>\n\t<meta property=\"og:image:type\" content=\"image\/jpeg\" \/>\n<meta name=\"twitter:card\" content=\"summary_large_image\" \/>\n<meta name=\"twitter:label1\" content=\"Price\" \/>\n\t<meta name=\"twitter:data1\" content=\"15.000&#070;&#116;\" \/>\n\t<meta name=\"twitter:label2\" content=\"Availability\" \/>\n\t<meta name=\"twitter:data2\" content=\"In stock\" \/>\n<script type=\"application\/ld+json\" class=\"yoast-schema-graph\">{\"@context\":\"https:\\\/\\\/schema.org\",\"@graph\":[{\"@type\":[\"WebPage\",\"ItemPage\"],\"@id\":\"https:\\\/\\\/libwo.iwanwilaga.com\\\/en\\\/product\\\/events\\\/az-elemek-erintese-4-elem-inspiralta-tantrikus-elmenyter\\\/\",\"url\":\"https:\\\/\\\/libwo.iwanwilaga.com\\\/en\\\/product\\\/events\\\/az-elemek-erintese-4-elem-inspiralta-tantrikus-elmenyter\\\/\",\"name\":\"Az elemek \u00e9rint\u00e9se - 4 elem inspir\u00e1lta tantrikus \u00e9lm\u00e9nyt\u00e9r - Lib Women&#039;s Store DEW SITE\",\"isPartOf\":{\"@id\":\"https:\\\/\\\/libwo.iwanwilaga.com\\\/en\\\/#website\"},\"primaryImageOfPage\":{\"@id\":\"https:\\\/\\\/libwo.iwanwilaga.com\\\/en\\\/product\\\/events\\\/az-elemek-erintese-4-elem-inspiralta-tantrikus-elmenyter\\\/#primaryimage\"},\"image\":{\"@id\":\"https:\\\/\\\/libwo.iwanwilaga.com\\\/en\\\/product\\\/events\\\/az-elemek-erintese-4-elem-inspiralta-tantrikus-elmenyter\\\/#primaryimage\"},\"thumbnailUrl\":\"https:\\\/\\\/libwo.iwanwilaga.com\\\/wp-content\\\/uploads\\\/2025\\\/12\\\/260124-Lib-eljenek-post-copy.jpeg\",\"datePublished\":\"2026-01-02T16:04:10+00:00\",\"dateModified\":\"2026-01-02T17:08:55+00:00\",\"description\":\"Az elemek \u00e9rint\u00e9se, ahol a term\u00e9szet ereje kapcsol\u00f3dik az \u00e9rz\u00e9kel\u00e9ssel. Fedezd fel, hogyan hat r\u00e1d a 4 elem egy k\u00fcl\u00f6nleges, \u00e9rz\u00e9kszervi \u00e9lm\u00e9ny sor\u00e1n.\",\"breadcrumb\":{\"@id\":\"https:\\\/\\\/libwo.iwanwilaga.com\\\/en\\\/product\\\/events\\\/az-elemek-erintese-4-elem-inspiralta-tantrikus-elmenyter\\\/#breadcrumb\"},\"inLanguage\":\"en-US\",\"potentialAction\":[{\"@type\":\"ReadAction\",\"target\":[\"https:\\\/\\\/libwo.iwanwilaga.com\\\/en\\\/product\\\/events\\\/az-elemek-erintese-4-elem-inspiralta-tantrikus-elmenyter\\\/\"]}]},{\"@type\":\"ImageObject\",\"inLanguage\":\"en-US\",\"@id\":\"https:\\\/\\\/libwo.iwanwilaga.com\\\/en\\\/product\\\/events\\\/az-elemek-erintese-4-elem-inspiralta-tantrikus-elmenyter\\\/#primaryimage\",\"url\":\"https:\\\/\\\/libwo.iwanwilaga.com\\\/wp-content\\\/uploads\\\/2025\\\/12\\\/260124-Lib-eljenek-post-copy.jpeg\",\"contentUrl\":\"https:\\\/\\\/libwo.iwanwilaga.com\\\/wp-content\\\/uploads\\\/2025\\\/12\\\/260124-Lib-eljenek-post-copy.jpeg\",\"width\":1200,\"height\":1200,\"caption\":\"tantra ws\"},{\"@type\":\"BreadcrumbList\",\"@id\":\"https:\\\/\\\/libwo.iwanwilaga.com\\\/en\\\/product\\\/events\\\/az-elemek-erintese-4-elem-inspiralta-tantrikus-elmenyter\\\/#breadcrumb\",\"itemListElement\":[{\"@type\":\"ListItem\",\"position\":1,\"name\":\"Kezd\u0151lap\",\"item\":\"https:\\\/\\\/libwo.iwanwilaga.com\\\/en\\\/\"},{\"@type\":\"ListItem\",\"position\":2,\"name\":\"Shop Home Page &#8211; Product categories\",\"item\":\"https:\\\/\\\/libwo.iwanwilaga.com\\\/shop-kezdolap-termek-kategoriak\\\/?lang=en\"},{\"@type\":\"ListItem\",\"position\":3,\"name\":\"Az elemek \u00e9rint\u00e9se &#8211; 4 elem inspir\u00e1lta tantrikus \u00e9lm\u00e9nyt\u00e9r\"}]},{\"@type\":\"WebSite\",\"@id\":\"https:\\\/\\\/libwo.iwanwilaga.com\\\/en\\\/#website\",\"url\":\"https:\\\/\\\/libwo.iwanwilaga.com\\\/en\\\/\",\"name\":\"Lib Women Store\",\"description\":\"DEV OLDAL - Magyarorsz\u00e1g els\u0151 n\u0151kre f\u00f3kusz\u00e1l\u00f3 szexshopja, ahol az eg\u00e9szs\u00e9g ugyanolyan fontos, mint az \u00e9lvezetek.\",\"publisher\":{\"@id\":\"https:\\\/\\\/libwo.iwanwilaga.com\\\/en\\\/#organization\"},\"alternateName\":\"Lib\",\"potentialAction\":[{\"@type\":\"SearchAction\",\"target\":{\"@type\":\"EntryPoint\",\"urlTemplate\":\"https:\\\/\\\/libwo.iwanwilaga.com\\\/en\\\/?s={search_term_string}\"},\"query-input\":{\"@type\":\"PropertyValueSpecification\",\"valueRequired\":true,\"valueName\":\"search_term_string\"}}],\"inLanguage\":\"en-US\"},{\"@type\":\"Organization\",\"@id\":\"https:\\\/\\\/libwo.iwanwilaga.com\\\/en\\\/#organization\",\"name\":\"Lib Women Store\",\"url\":\"https:\\\/\\\/libwo.iwanwilaga.com\\\/en\\\/\",\"logo\":{\"@type\":\"ImageObject\",\"inLanguage\":\"en-US\",\"@id\":\"https:\\\/\\\/libwo.iwanwilaga.com\\\/en\\\/#\\\/schema\\\/logo\\\/image\\\/\",\"url\":\"https:\\\/\\\/libwo.iwanwilaga.com\\\/wp-content\\\/uploads\\\/2024\\\/05\\\/cropped-LIB-logo-A.png\",\"contentUrl\":\"https:\\\/\\\/libwo.iwanwilaga.com\\\/wp-content\\\/uploads\\\/2024\\\/05\\\/cropped-LIB-logo-A.png\",\"width\":512,\"height\":512,\"caption\":\"Lib Women Store\"},\"image\":{\"@id\":\"https:\\\/\\\/libwo.iwanwilaga.com\\\/en\\\/#\\\/schema\\\/logo\\\/image\\\/\"},\"sameAs\":[\"https:\\\/\\\/www.facebook.com\\\/libwomenstore\"]}]}<\/script>\n<meta property=\"product:price:amount\" content=\"15000\" \/>\n<meta property=\"product:price:currency\" content=\"HUF\" \/>\n<meta property=\"og:availability\" content=\"instock\" \/>\n<meta property=\"product:availability\" content=\"instock\" \/>\n<meta property=\"product:condition\" content=\"new\" \/>\n<!-- \/ Yoast SEO Premium plugin. -->","yoast_head_json":{"title":"Az elemek \u00e9rint\u00e9se - 4 elem inspir\u00e1lta tantrikus \u00e9lm\u00e9nyt\u00e9r - Lib Women&#039;s Store DEW SITE","description":"Az elemek \u00e9rint\u00e9se, ahol a term\u00e9szet ereje kapcsol\u00f3dik az \u00e9rz\u00e9kel\u00e9ssel. Fedezd fel, hogyan hat r\u00e1d a 4 elem egy k\u00fcl\u00f6nleges, \u00e9rz\u00e9kszervi \u00e9lm\u00e9ny sor\u00e1n.","robots":{"index":"noindex","follow":"follow","max-snippet":"max-snippet:-1","max-image-preview":"max-image-preview:large","max-video-preview":"max-video-preview:-1"},"og_locale":"en_US","og_type":"article","og_title":"Az elemek \u00e9rint\u00e9se - 4 elem inspir\u00e1lta tantrikus \u00e9lm\u00e9nyt\u00e9r","og_description":"Az elemek \u00e9rint\u00e9se, ahol a term\u00e9szet ereje kapcsol\u00f3dik az \u00e9rz\u00e9kel\u00e9ssel. Fedezd fel, hogyan hat r\u00e1d a 4 elem egy k\u00fcl\u00f6nleges, \u00e9rz\u00e9kszervi \u00e9lm\u00e9ny sor\u00e1n.","og_url":"https:\/\/libwo.iwanwilaga.com\/en\/product\/events\/az-elemek-erintese-4-elem-inspiralta-tantrikus-elmenyter\/","og_site_name":"Lib Women&#039;s Store DEW SITE","article_publisher":"https:\/\/www.facebook.com\/libwomenstore","article_modified_time":"2026-01-02T17:08:55+00:00","og_image":[{"width":1200,"height":1200,"url":"https:\/\/libwo.iwanwilaga.com\/wp-content\/uploads\/2025\/12\/260124-Lib-eljenek-post-copy.jpeg","type":"image\/jpeg"}],"twitter_card":"summary_large_image","twitter_misc":{"Price":"15.000&#70;&#116;","Availability":"In stock"},"schema":{"@context":"https:\/\/schema.org","@graph":[{"@type":["WebPage","ItemPage"],"@id":"https:\/\/libwo.iwanwilaga.com\/en\/product\/events\/az-elemek-erintese-4-elem-inspiralta-tantrikus-elmenyter\/","url":"https:\/\/libwo.iwanwilaga.com\/en\/product\/events\/az-elemek-erintese-4-elem-inspiralta-tantrikus-elmenyter\/","name":"Az elemek \u00e9rint\u00e9se - 4 elem inspir\u00e1lta tantrikus \u00e9lm\u00e9nyt\u00e9r - Lib Women&#039;s Store DEW SITE","isPartOf":{"@id":"https:\/\/libwo.iwanwilaga.com\/en\/#website"},"primaryImageOfPage":{"@id":"https:\/\/libwo.iwanwilaga.com\/en\/product\/events\/az-elemek-erintese-4-elem-inspiralta-tantrikus-elmenyter\/#primaryimage"},"image":{"@id":"https:\/\/libwo.iwanwilaga.com\/en\/product\/events\/az-elemek-erintese-4-elem-inspiralta-tantrikus-elmenyter\/#primaryimage"},"thumbnailUrl":"https:\/\/libwo.iwanwilaga.com\/wp-content\/uploads\/2025\/12\/260124-Lib-eljenek-post-copy.jpeg","datePublished":"2026-01-02T16:04:10+00:00","dateModified":"2026-01-02T17:08:55+00:00","description":"Az elemek \u00e9rint\u00e9se, ahol a term\u00e9szet ereje kapcsol\u00f3dik az \u00e9rz\u00e9kel\u00e9ssel. Fedezd fel, hogyan hat r\u00e1d a 4 elem egy k\u00fcl\u00f6nleges, \u00e9rz\u00e9kszervi \u00e9lm\u00e9ny sor\u00e1n.","breadcrumb":{"@id":"https:\/\/libwo.iwanwilaga.com\/en\/product\/events\/az-elemek-erintese-4-elem-inspiralta-tantrikus-elmenyter\/#breadcrumb"},"inLanguage":"en-US","potentialAction":[{"@type":"ReadAction","target":["https:\/\/libwo.iwanwilaga.com\/en\/product\/events\/az-elemek-erintese-4-elem-inspiralta-tantrikus-elmenyter\/"]}]},{"@type":"ImageObject","inLanguage":"en-US","@id":"https:\/\/libwo.iwanwilaga.com\/en\/product\/events\/az-elemek-erintese-4-elem-inspiralta-tantrikus-elmenyter\/#primaryimage","url":"https:\/\/libwo.iwanwilaga.com\/wp-content\/uploads\/2025\/12\/260124-Lib-eljenek-post-copy.jpeg","contentUrl":"https:\/\/libwo.iwanwilaga.com\/wp-content\/uploads\/2025\/12\/260124-Lib-eljenek-post-copy.jpeg","width":1200,"height":1200,"caption":"tantra ws"},{"@type":"BreadcrumbList","@id":"https:\/\/libwo.iwanwilaga.com\/en\/product\/events\/az-elemek-erintese-4-elem-inspiralta-tantrikus-elmenyter\/#breadcrumb","itemListElement":[{"@type":"ListItem","position":1,"name":"Kezd\u0151lap","item":"https:\/\/libwo.iwanwilaga.com\/en\/"},{"@type":"ListItem","position":2,"name":"Shop Home Page &#8211; Product categories","item":"https:\/\/libwo.iwanwilaga.com\/shop-kezdolap-termek-kategoriak\/?lang=en"},{"@type":"ListItem","position":3,"name":"Az elemek \u00e9rint\u00e9se &#8211; 4 elem inspir\u00e1lta tantrikus \u00e9lm\u00e9nyt\u00e9r"}]},{"@type":"WebSite","@id":"https:\/\/libwo.iwanwilaga.com\/en\/#website","url":"https:\/\/libwo.iwanwilaga.com\/en\/","name":"Lib Women Store","description":"DEV OLDAL - Magyarorsz\u00e1g els\u0151 n\u0151kre f\u00f3kusz\u00e1l\u00f3 szexshopja, ahol az eg\u00e9szs\u00e9g ugyanolyan fontos, mint az \u00e9lvezetek.","publisher":{"@id":"https:\/\/libwo.iwanwilaga.com\/en\/#organization"},"alternateName":"Lib","potentialAction":[{"@type":"SearchAction","target":{"@type":"EntryPoint","urlTemplate":"https:\/\/libwo.iwanwilaga.com\/en\/?s={search_term_string}"},"query-input":{"@type":"PropertyValueSpecification","valueRequired":true,"valueName":"search_term_string"}}],"inLanguage":"en-US"},{"@type":"Organization","@id":"https:\/\/libwo.iwanwilaga.com\/en\/#organization","name":"Lib Women Store","url":"https:\/\/libwo.iwanwilaga.com\/en\/","logo":{"@type":"ImageObject","inLanguage":"en-US","@id":"https:\/\/libwo.iwanwilaga.com\/en\/#\/schema\/logo\/image\/","url":"https:\/\/libwo.iwanwilaga.com\/wp-content\/uploads\/2024\/05\/cropped-LIB-logo-A.png","contentUrl":"https:\/\/libwo.iwanwilaga.com\/wp-content\/uploads\/2024\/05\/cropped-LIB-logo-A.png","width":512,"height":512,"caption":"Lib Women Store"},"image":{"@id":"https:\/\/libwo.iwanwilaga.com\/en\/#\/schema\/logo\/image\/"},"sameAs":["https:\/\/www.facebook.com\/libwomenstore"]}]},"product_price_amount":"15000","product_price_currency":"HUF","og_availability":"instock","product_availability":"instock","product_condition":"new"},"_links":{"self":[{"href":"https:\/\/libwo.iwanwilaga.com\/en\/wp-json\/wp\/v2\/product\/34646","targetHints":{"allow":["GET"]}}],"collection":[{"href":"https:\/\/libwo.iwanwilaga.com\/en\/wp-json\/wp\/v2\/product"}],"about":[{"href":"https:\/\/libwo.iwanwilaga.com\/en\/wp-json\/wp\/v2\/types\/product"}],"replies":[{"embeddable":true,"href":"https:\/\/libwo.iwanwilaga.com\/en\/wp-json\/wp\/v2\/comments?post=34646"}],"wp:featuredmedia":[{"embeddable":true,"href":"https:\/\/libwo.iwanwilaga.com\/en\/wp-json\/wp\/v2\/media\/34647"}],"wp:attachment":[{"href":"https:\/\/libwo.iwanwilaga.com\/en\/wp-json\/wp\/v2\/media?parent=34646"}],"wp:term":[{"taxonomy":"product_brand","embeddable":true,"href":"https:\/\/libwo.iwanwilaga.com\/en\/wp-json\/wp\/v2\/product_brand?post=34646"},{"taxonomy":"product_cat","embeddable":true,"href":"https:\/\/libwo.iwanwilaga.com\/en\/wp-json\/wp\/v2\/product_cat?post=34646"},{"taxonomy":"product_tag","embeddable":true,"href":"https:\/\/libwo.iwanwilaga.com\/en\/wp-json\/wp\/v2\/product_tag?post=34646"}],"curies":[{"name":"wp","href":"https:\/\/api.w.org\/{rel}","templated":true}]}}