{"id":33539,"date":"2025-05-29T15:56:58","date_gmt":"2025-05-29T13:56:58","guid":{"rendered":"https:\/\/libwomenstore.com\/termek\/uncategorized\/jewelry-harness-workshop\/"},"modified":"2025-11-17T14:16:14","modified_gmt":"2025-11-17T13:16:14","slug":"jewelry-harness-workshop","status":"publish","type":"product","link":"https:\/\/libwo.iwanwilaga.com\/en\/product\/events\/jewelry-harness-workshop\/","title":{"rendered":"Jewelry Harness workshop"},"content":{"rendered":"<div dir=\"auto\" style=\"text-align: center;\">The material of the jewelry: stainless steel &#8211; so you don&#8217;t have to worry about discoloration, waterproof<\/div>\n<div dir=\"auto\" style=\"text-align: center;\">If required: + mineral ornament<\/div>\n<div dir=\"auto\" style=\"text-align: center;\">Location: LIB Women&#8217;s Store<\/div>\n<div dir=\"auto\" style=\"text-align: center;\">Start: 18:00<\/div>\n<div dir=\"auto\" style=\"text-align: center;\"><\/div>\n<div dir=\"auto\" style=\"text-align: center;\">Spaces are limited, we will take into account the order of registration!<\/div>\n<div dir=\"auto\" style=\"text-align: center;\"><\/div>\n<div dir=\"auto\" style=\"text-align: center;\">Come and create the most dressy piece of jewelry for your summer!<\/div>\n<div dir=\"auto\"><\/div>\n<div dir=\"auto\" style=\"text-align: center;\">The workshop does not require any professional knowledge, Csilla, the designer of the Between lingerie brand, will help you with everything during the implementation.<\/div>\n<div dir=\"auto\"><\/div>\n<div dir=\"auto\" style=\"text-align: center;\">Cancellation policy<\/div>\n<div dir=\"auto\" style=\"text-align: center;\"><\/div>\n<div dir=\"auto\" style=\"text-align: center;\">If you cancel 3 days before the event, we will refund 50% of the participation fee! However, if the ticket is canceled 24 hours before the event, unfortunately we cannot refund the price or reschedule the date! Thank you for your understanding!  <\/div>\n","protected":false},"excerpt":{"rendered":"<div dir=\"auto\">Who said a chain is only for the neck? Why not adorn it all over your body, embracing it as a discreet but all the more sensual accessory to your outfit (your nudity)? <\/div>\n<div dir=\"auto\"><\/div>\n<div dir=\"auto\">Wear it under clothes, with just a little bit of it sticking out here and there&#8230;, over clothes, so that every detail of your work is visible, or even without clothes at an opportune moment&#8230;! \ud83d\ude42<\/div>\n","protected":false},"featured_media":34337,"comment_status":"closed","ping_status":"closed","template":"","meta":{"_et_pb_use_builder":"","_et_pb_old_content":"","_et_gb_content_width":""},"product_brand":[],"product_cat":[317],"product_tag":[806,407,807,390,760,808],"class_list":{"0":"post-33539","1":"product","2":"type-product","3":"status-publish","4":"has-post-thumbnail","6":"product_cat-events","7":"product_tag-accessory","8":"product_tag-between-en","9":"product_tag-enhancer","10":"product_tag-event-en-2","11":"product_tag-jewel","12":"product_tag-workshop-en","14":"first","15":"instock","16":"taxable","17":"shipping-taxable","18":"purchasable","19":"product-type-variable"},"yoast_head":"<!-- This site is optimized with the Yoast SEO Premium plugin v27.5 (Yoast SEO v27.5) - https:\/\/yoast.com\/product\/yoast-seo-premium-wordpress\/ -->\n<title>Jewelry Harness workshop - Lib Women&#039;s Store DEW SITE<\/title>\n<meta name=\"description\" content=\"Come and make your own unique jewelry helmet with us! It will decorate festivals, weddings or intimate evenings all summer long!\" \/>\n<meta name=\"robots\" content=\"noindex, follow, max-snippet:-1, max-image-preview:large, max-video-preview:-1\" \/>\n<meta property=\"og:locale\" content=\"en_US\" \/>\n<meta property=\"og:type\" content=\"article\" \/>\n<meta property=\"og:title\" content=\"Jewelry Harness workshop\" \/>\n<meta property=\"og:description\" content=\"Come and make your own unique jewelry helmet with us! It will decorate festivals, weddings or intimate evenings all summer long!\" \/>\n<meta property=\"og:url\" content=\"https:\/\/libwo.iwanwilaga.com\/en\/product\/events\/jewelry-harness-workshop\/\" \/>\n<meta property=\"og:site_name\" content=\"Lib Women&#039;s Store DEW SITE\" \/>\n<meta property=\"article:publisher\" content=\"https:\/\/www.facebook.com\/libwomenstore\" \/>\n<meta property=\"article:modified_time\" content=\"2025-11-17T13:16:14+00:00\" \/>\n<meta property=\"og:image\" content=\"https:\/\/libwo.iwanwilaga.com\/wp-content\/uploads\/2025\/05\/251117-Lib-Ekszerham-event-post-web.jpg\" \/>\n\t<meta property=\"og:image:width\" content=\"1000\" \/>\n\t<meta property=\"og:image:height\" content=\"1000\" \/>\n\t<meta property=\"og:image:type\" content=\"image\/jpeg\" \/>\n<meta name=\"twitter:card\" content=\"summary_large_image\" \/>\n<meta name=\"twitter:label1\" content=\"Availability\" \/>\n\t<meta name=\"twitter:data1\" content=\"In stock\" \/>\n<script type=\"application\/ld+json\" class=\"yoast-schema-graph\">{\"@context\":\"https:\\\/\\\/schema.org\",\"@graph\":[{\"@type\":[\"WebPage\",\"ItemPage\"],\"@id\":\"https:\\\/\\\/libwo.iwanwilaga.com\\\/en\\\/product\\\/events\\\/jewelry-harness-workshop\\\/\",\"url\":\"https:\\\/\\\/libwo.iwanwilaga.com\\\/en\\\/product\\\/events\\\/jewelry-harness-workshop\\\/\",\"name\":\"Jewelry Harness workshop - Lib Women&#039;s Store DEW SITE\",\"isPartOf\":{\"@id\":\"https:\\\/\\\/libwo.iwanwilaga.com\\\/en\\\/#website\"},\"primaryImageOfPage\":{\"@id\":\"https:\\\/\\\/libwo.iwanwilaga.com\\\/en\\\/product\\\/events\\\/jewelry-harness-workshop\\\/#primaryimage\"},\"image\":{\"@id\":\"https:\\\/\\\/libwo.iwanwilaga.com\\\/en\\\/product\\\/events\\\/jewelry-harness-workshop\\\/#primaryimage\"},\"thumbnailUrl\":\"https:\\\/\\\/libwo.iwanwilaga.com\\\/wp-content\\\/uploads\\\/2025\\\/05\\\/251117-Lib-Ekszerham-event-post-web.jpg\",\"datePublished\":\"2025-05-29T13:56:58+00:00\",\"dateModified\":\"2025-11-17T13:16:14+00:00\",\"description\":\"Come and make your own unique jewelry helmet with us! It will decorate festivals, weddings or intimate evenings all summer long!\",\"breadcrumb\":{\"@id\":\"https:\\\/\\\/libwo.iwanwilaga.com\\\/en\\\/product\\\/events\\\/jewelry-harness-workshop\\\/#breadcrumb\"},\"inLanguage\":\"en-US\",\"potentialAction\":[{\"@type\":\"ReadAction\",\"target\":[\"https:\\\/\\\/libwo.iwanwilaga.com\\\/en\\\/product\\\/events\\\/jewelry-harness-workshop\\\/\"]}]},{\"@type\":\"ImageObject\",\"inLanguage\":\"en-US\",\"@id\":\"https:\\\/\\\/libwo.iwanwilaga.com\\\/en\\\/product\\\/events\\\/jewelry-harness-workshop\\\/#primaryimage\",\"url\":\"https:\\\/\\\/libwo.iwanwilaga.com\\\/wp-content\\\/uploads\\\/2025\\\/05\\\/251117-Lib-Ekszerham-event-post-web.jpg\",\"contentUrl\":\"https:\\\/\\\/libwo.iwanwilaga.com\\\/wp-content\\\/uploads\\\/2025\\\/05\\\/251117-Lib-Ekszerham-event-post-web.jpg\",\"width\":1000,\"height\":1000,\"caption\":\"Between \u00e9kszerh\u00e1m k\u00e9sz\u00edt\u0151 workshop 12.12.\"},{\"@type\":\"BreadcrumbList\",\"@id\":\"https:\\\/\\\/libwo.iwanwilaga.com\\\/en\\\/product\\\/events\\\/jewelry-harness-workshop\\\/#breadcrumb\",\"itemListElement\":[{\"@type\":\"ListItem\",\"position\":1,\"name\":\"Kezd\u0151lap\",\"item\":\"https:\\\/\\\/libwo.iwanwilaga.com\\\/en\\\/\"},{\"@type\":\"ListItem\",\"position\":2,\"name\":\"Shop Home Page &#8211; Product categories\",\"item\":\"https:\\\/\\\/libwo.iwanwilaga.com\\\/shop-kezdolap-termek-kategoriak\\\/?lang=en\"},{\"@type\":\"ListItem\",\"position\":3,\"name\":\"Jewelry Harness workshop\"}]},{\"@type\":\"WebSite\",\"@id\":\"https:\\\/\\\/libwo.iwanwilaga.com\\\/en\\\/#website\",\"url\":\"https:\\\/\\\/libwo.iwanwilaga.com\\\/en\\\/\",\"name\":\"Lib Women Store\",\"description\":\"DEV OLDAL - Magyarorsz\u00e1g els\u0151 n\u0151kre f\u00f3kusz\u00e1l\u00f3 szexshopja, ahol az eg\u00e9szs\u00e9g ugyanolyan fontos, mint az \u00e9lvezetek.\",\"publisher\":{\"@id\":\"https:\\\/\\\/libwo.iwanwilaga.com\\\/en\\\/#organization\"},\"alternateName\":\"Lib\",\"potentialAction\":[{\"@type\":\"SearchAction\",\"target\":{\"@type\":\"EntryPoint\",\"urlTemplate\":\"https:\\\/\\\/libwo.iwanwilaga.com\\\/en\\\/?s={search_term_string}\"},\"query-input\":{\"@type\":\"PropertyValueSpecification\",\"valueRequired\":true,\"valueName\":\"search_term_string\"}}],\"inLanguage\":\"en-US\"},{\"@type\":\"Organization\",\"@id\":\"https:\\\/\\\/libwo.iwanwilaga.com\\\/en\\\/#organization\",\"name\":\"Lib Women Store\",\"url\":\"https:\\\/\\\/libwo.iwanwilaga.com\\\/en\\\/\",\"logo\":{\"@type\":\"ImageObject\",\"inLanguage\":\"en-US\",\"@id\":\"https:\\\/\\\/libwo.iwanwilaga.com\\\/en\\\/#\\\/schema\\\/logo\\\/image\\\/\",\"url\":\"https:\\\/\\\/libwo.iwanwilaga.com\\\/wp-content\\\/uploads\\\/2024\\\/05\\\/cropped-LIB-logo-A.png\",\"contentUrl\":\"https:\\\/\\\/libwo.iwanwilaga.com\\\/wp-content\\\/uploads\\\/2024\\\/05\\\/cropped-LIB-logo-A.png\",\"width\":512,\"height\":512,\"caption\":\"Lib Women Store\"},\"image\":{\"@id\":\"https:\\\/\\\/libwo.iwanwilaga.com\\\/en\\\/#\\\/schema\\\/logo\\\/image\\\/\"},\"sameAs\":[\"https:\\\/\\\/www.facebook.com\\\/libwomenstore\"]}]}<\/script>\n<meta property=\"og:availability\" content=\"instock\" \/>\n<meta property=\"product:availability\" content=\"instock\" \/>\n<meta property=\"product:condition\" content=\"new\" \/>\n<!-- \/ Yoast SEO Premium plugin. -->","yoast_head_json":{"title":"Jewelry Harness workshop - Lib Women&#039;s Store DEW SITE","description":"Come and make your own unique jewelry helmet with us! It will decorate festivals, weddings or intimate evenings all summer long!","robots":{"index":"noindex","follow":"follow","max-snippet":"max-snippet:-1","max-image-preview":"max-image-preview:large","max-video-preview":"max-video-preview:-1"},"og_locale":"en_US","og_type":"article","og_title":"Jewelry Harness workshop","og_description":"Come and make your own unique jewelry helmet with us! It will decorate festivals, weddings or intimate evenings all summer long!","og_url":"https:\/\/libwo.iwanwilaga.com\/en\/product\/events\/jewelry-harness-workshop\/","og_site_name":"Lib Women&#039;s Store DEW SITE","article_publisher":"https:\/\/www.facebook.com\/libwomenstore","article_modified_time":"2025-11-17T13:16:14+00:00","og_image":[{"width":1000,"height":1000,"url":"https:\/\/libwo.iwanwilaga.com\/wp-content\/uploads\/2025\/05\/251117-Lib-Ekszerham-event-post-web.jpg","type":"image\/jpeg"}],"twitter_card":"summary_large_image","twitter_misc":{"Availability":"In stock"},"schema":{"@context":"https:\/\/schema.org","@graph":[{"@type":["WebPage","ItemPage"],"@id":"https:\/\/libwo.iwanwilaga.com\/en\/product\/events\/jewelry-harness-workshop\/","url":"https:\/\/libwo.iwanwilaga.com\/en\/product\/events\/jewelry-harness-workshop\/","name":"Jewelry Harness workshop - Lib Women&#039;s Store DEW SITE","isPartOf":{"@id":"https:\/\/libwo.iwanwilaga.com\/en\/#website"},"primaryImageOfPage":{"@id":"https:\/\/libwo.iwanwilaga.com\/en\/product\/events\/jewelry-harness-workshop\/#primaryimage"},"image":{"@id":"https:\/\/libwo.iwanwilaga.com\/en\/product\/events\/jewelry-harness-workshop\/#primaryimage"},"thumbnailUrl":"https:\/\/libwo.iwanwilaga.com\/wp-content\/uploads\/2025\/05\/251117-Lib-Ekszerham-event-post-web.jpg","datePublished":"2025-05-29T13:56:58+00:00","dateModified":"2025-11-17T13:16:14+00:00","description":"Come and make your own unique jewelry helmet with us! It will decorate festivals, weddings or intimate evenings all summer long!","breadcrumb":{"@id":"https:\/\/libwo.iwanwilaga.com\/en\/product\/events\/jewelry-harness-workshop\/#breadcrumb"},"inLanguage":"en-US","potentialAction":[{"@type":"ReadAction","target":["https:\/\/libwo.iwanwilaga.com\/en\/product\/events\/jewelry-harness-workshop\/"]}]},{"@type":"ImageObject","inLanguage":"en-US","@id":"https:\/\/libwo.iwanwilaga.com\/en\/product\/events\/jewelry-harness-workshop\/#primaryimage","url":"https:\/\/libwo.iwanwilaga.com\/wp-content\/uploads\/2025\/05\/251117-Lib-Ekszerham-event-post-web.jpg","contentUrl":"https:\/\/libwo.iwanwilaga.com\/wp-content\/uploads\/2025\/05\/251117-Lib-Ekszerham-event-post-web.jpg","width":1000,"height":1000,"caption":"Between \u00e9kszerh\u00e1m k\u00e9sz\u00edt\u0151 workshop 12.12."},{"@type":"BreadcrumbList","@id":"https:\/\/libwo.iwanwilaga.com\/en\/product\/events\/jewelry-harness-workshop\/#breadcrumb","itemListElement":[{"@type":"ListItem","position":1,"name":"Kezd\u0151lap","item":"https:\/\/libwo.iwanwilaga.com\/en\/"},{"@type":"ListItem","position":2,"name":"Shop Home Page &#8211; Product categories","item":"https:\/\/libwo.iwanwilaga.com\/shop-kezdolap-termek-kategoriak\/?lang=en"},{"@type":"ListItem","position":3,"name":"Jewelry Harness workshop"}]},{"@type":"WebSite","@id":"https:\/\/libwo.iwanwilaga.com\/en\/#website","url":"https:\/\/libwo.iwanwilaga.com\/en\/","name":"Lib Women Store","description":"DEV OLDAL - Magyarorsz\u00e1g els\u0151 n\u0151kre f\u00f3kusz\u00e1l\u00f3 szexshopja, ahol az eg\u00e9szs\u00e9g ugyanolyan fontos, mint az \u00e9lvezetek.","publisher":{"@id":"https:\/\/libwo.iwanwilaga.com\/en\/#organization"},"alternateName":"Lib","potentialAction":[{"@type":"SearchAction","target":{"@type":"EntryPoint","urlTemplate":"https:\/\/libwo.iwanwilaga.com\/en\/?s={search_term_string}"},"query-input":{"@type":"PropertyValueSpecification","valueRequired":true,"valueName":"search_term_string"}}],"inLanguage":"en-US"},{"@type":"Organization","@id":"https:\/\/libwo.iwanwilaga.com\/en\/#organization","name":"Lib Women Store","url":"https:\/\/libwo.iwanwilaga.com\/en\/","logo":{"@type":"ImageObject","inLanguage":"en-US","@id":"https:\/\/libwo.iwanwilaga.com\/en\/#\/schema\/logo\/image\/","url":"https:\/\/libwo.iwanwilaga.com\/wp-content\/uploads\/2024\/05\/cropped-LIB-logo-A.png","contentUrl":"https:\/\/libwo.iwanwilaga.com\/wp-content\/uploads\/2024\/05\/cropped-LIB-logo-A.png","width":512,"height":512,"caption":"Lib Women Store"},"image":{"@id":"https:\/\/libwo.iwanwilaga.com\/en\/#\/schema\/logo\/image\/"},"sameAs":["https:\/\/www.facebook.com\/libwomenstore"]}]},"og_availability":"instock","product_availability":"instock","product_condition":"new"},"_links":{"self":[{"href":"https:\/\/libwo.iwanwilaga.com\/en\/wp-json\/wp\/v2\/product\/33539","targetHints":{"allow":["GET"]}}],"collection":[{"href":"https:\/\/libwo.iwanwilaga.com\/en\/wp-json\/wp\/v2\/product"}],"about":[{"href":"https:\/\/libwo.iwanwilaga.com\/en\/wp-json\/wp\/v2\/types\/product"}],"replies":[{"embeddable":true,"href":"https:\/\/libwo.iwanwilaga.com\/en\/wp-json\/wp\/v2\/comments?post=33539"}],"wp:featuredmedia":[{"embeddable":true,"href":"https:\/\/libwo.iwanwilaga.com\/en\/wp-json\/wp\/v2\/media\/34337"}],"wp:attachment":[{"href":"https:\/\/libwo.iwanwilaga.com\/en\/wp-json\/wp\/v2\/media?parent=33539"}],"wp:term":[{"taxonomy":"product_brand","embeddable":true,"href":"https:\/\/libwo.iwanwilaga.com\/en\/wp-json\/wp\/v2\/product_brand?post=33539"},{"taxonomy":"product_cat","embeddable":true,"href":"https:\/\/libwo.iwanwilaga.com\/en\/wp-json\/wp\/v2\/product_cat?post=33539"},{"taxonomy":"product_tag","embeddable":true,"href":"https:\/\/libwo.iwanwilaga.com\/en\/wp-json\/wp\/v2\/product_tag?post=33539"}],"curies":[{"name":"wp","href":"https:\/\/api.w.org\/{rel}","templated":true}]}}