{"id":33213,"date":"2025-07-22T12:30:23","date_gmt":"2025-07-22T10:30:23","guid":{"rendered":"https:\/\/libwomenstore.com\/?post_type=product&#038;p=33213"},"modified":"2025-07-22T12:30:24","modified_gmt":"2025-07-22T10:30:24","slug":"the-oh-collective-kit","status":"publish","type":"product","link":"https:\/\/libwo.iwanwilaga.com\/en\/product\/g-spot\/the-oh-collective-kit\/","title":{"rendered":"THE OH COLLECTIVE Kit"},"content":{"rendered":"<p style=\"text-align: center;\">The Kit 8&#8217;s vibrations will satisfy all your desires. Its flexible body is ideal for penetration, clitoral and external stimulation. So it&#8217;s a bunny vibrator that you can use in 3 ways. If you want a bunny with combined external and internal stimulation, if you want it only internally, a G-spot vibrator or if you feel like it, an externally usable clitoral stimulating sex toy. The flexible vibrator is very easy to use, it can be operated with just one button.    <\/p>\n<p>&nbsp;<\/p>\n<h3 style=\"text-align: center;\">How to use?<\/h3>\n<p>&nbsp;<\/p>\n<p style=\"text-align: center;\">1. step<br \/>\nHi! I\u2019m Kit, an ultra-bendy modern day rabbit vibrator. <\/p>\n<p style=\"text-align: center;\">2. step<br \/>\nI\u2019m perfect for both G-spot and clitoral play.<\/p>\n<p style=\"text-align: center;\">3. step<br \/>\nUse the smaller end to stimulate the clitoris with more subtle vibes.<\/p>\n<p style=\"text-align: center;\">4. step<br \/>\nUse the bigger end to stimulate the clitoris if you&#8217;re looking for more sensations.<\/p>\n<p style=\"text-align: center;\">5. step<br \/>\nBend Kit to stimulate the clitoris and vagina at the same time.<\/p>\n<p style=\"text-align: center;\">6. step<br \/>\nCharge me through the little punctuation between my cat-head.<\/p>\n<p style=\"text-align: center;\">7. step<br \/>\nTravel lock: long hold the \u233d-button for 3 seconds to turn on and off.<\/p>\n<p style=\"text-align: center;\">8. step<br \/>\nVibrations &amp; Intensities: press the \u233d-button to switch between 3 intensities and 5 vibrations.<\/p>\n<p style=\"text-align: center;\">9. step<br \/>\nTry me with water-based lube for extra glide and sensations, also during solo play! I&#8217;m waterproof and a fantastic shower buddy. <\/p>\n<p>&nbsp;<\/p>\n<h3 style=\"text-align: center;\">Features<\/h3>\n<p>&nbsp;<\/p>\n<p style=\"text-align: center;\">&#8211; Super silent (quieter than a kitty&#8217;s purr)<br \/>\n&#8211; Shower and bathing waterproof<br \/>\n&#8211; Body-safe and doctor-approved<br \/>\n&#8211; Bendy 3-in-1 vibrator<br \/>\n&#8211; 3 intensities and 5 vibrations<br \/>\n&#8211; USB-rechargeable<br \/>\n&#8211; Lasts up to 150 minutes. Full charge after 120 minutes<br \/>\n&#8211; CE, FDA, UKCA, and ISO9001 certified <\/p>\n<p>&nbsp;<\/p>\n<p style=\"text-align: center;\"><strong>Measurements<\/strong><\/p>\n<p style=\"text-align: center;\">14 x 3,2 x 4 cm<\/p>\n<p>&nbsp;<\/p>\n<p style=\"text-align: center;\"><strong>Box content<\/strong><\/p>\n<p style=\"text-align: center;\">Kit flexible massager<br \/>\nIridescent storage pouch<br \/>\nUSB-charging cable<br \/>\nMulti-language user manual<\/p>\n<p>&nbsp;<\/p>\n<h3 style=\"text-align: center;\">Usage &amp; Cleaning<\/h3>\n<p>&nbsp;<\/p>\n<p style=\"text-align: center;\">The product can be disinfected with lukewarm soapy water or with cleaning agents designed for this purpose. Clean only with a lint-free cloth. <\/p>\n<p style=\"text-align: center;\">Use only with water-based lubricant!<\/p>\n","protected":false},"excerpt":{"rendered":"<p>Are you looking for the perfect partner to start or end your day? You&#8217;ve found it here. Thanks to the flexibility of Kit, it satisfies in every situation!  <\/p>\n","protected":false},"featured_media":33208,"comment_status":"closed","ping_status":"closed","template":"","meta":{"_et_pb_use_builder":"on","_et_pb_old_content":"","_et_gb_content_width":""},"product_brand":[],"product_cat":[352,322,342,318],"product_tag":[750,749,752,751,743,492,703],"class_list":{"0":"post-33213","1":"product","2":"type-product","3":"status-publish","4":"has-post-thumbnail","6":"product_cat-bunnies","7":"product_cat-clitoral-vibrators","8":"product_cat-g-spot","9":"product_cat-vibrators","10":"product_tag-bendable","11":"product_tag-bunny-en-2","12":"product_tag-clit-vibrator-en-2","13":"product_tag-g-spot","14":"product_tag-the-oh-collective-en","15":"product_tag-vibrator-en","16":"product_tag-waterproof","18":"first","19":"outofstock","20":"taxable","21":"shipping-taxable","22":"purchasable","23":"product-type-simple"},"yoast_head":"<!-- This site is optimized with the Yoast SEO Premium plugin v27.5 (Yoast SEO v27.5) - https:\/\/yoast.com\/product\/yoast-seo-premium-wordpress\/ -->\n<title>THE OH COLLECTIVE Kit - Lib Women&#039;s Store DEW SITE<\/title>\n<meta name=\"description\" content=\"If you want something really different, try the Kit 3-in-1 vibrator! You can use it as a bunny vibrator, a clitoral stimulator, or just on the g-spot!\" \/>\n<meta name=\"robots\" content=\"noindex, follow, max-snippet:-1, max-image-preview:large, max-video-preview:-1\" \/>\n<meta property=\"og:locale\" content=\"en_US\" \/>\n<meta property=\"og:type\" content=\"article\" \/>\n<meta property=\"og:title\" content=\"THE OH COLLECTIVE Kit\" \/>\n<meta property=\"og:description\" content=\"If you want something really different, try the Kit 3-in-1 vibrator! You can use it as a bunny vibrator, a clitoral stimulator, or just on the g-spot!\" \/>\n<meta property=\"og:url\" content=\"https:\/\/libwo.iwanwilaga.com\/en\/product\/g-spot\/the-oh-collective-kit\/\" \/>\n<meta property=\"og:site_name\" content=\"Lib Women&#039;s Store DEW SITE\" \/>\n<meta property=\"article:publisher\" content=\"https:\/\/www.facebook.com\/libwomenstore\" \/>\n<meta property=\"article:modified_time\" content=\"2025-07-22T10:30:24+00:00\" \/>\n<meta property=\"og:image\" content=\"https:\/\/libwo.iwanwilaga.com\/wp-content\/uploads\/2025\/07\/the-oh-collective-kit-vibrator.jpg\" \/>\n\t<meta property=\"og:image:width\" content=\"1080\" \/>\n\t<meta property=\"og:image:height\" content=\"1080\" \/>\n\t<meta property=\"og:image:type\" content=\"image\/jpeg\" \/>\n<meta name=\"twitter:card\" content=\"summary_large_image\" \/>\n<meta name=\"twitter:label1\" content=\"Price\" \/>\n\t<meta name=\"twitter:data1\" content=\"28.500&#070;&#116;\" \/>\n\t<meta name=\"twitter:label2\" content=\"Availability\" \/>\n\t<meta name=\"twitter:data2\" content=\"Out of stock\" \/>\n<script type=\"application\/ld+json\" class=\"yoast-schema-graph\">{\"@context\":\"https:\\\/\\\/schema.org\",\"@graph\":[{\"@type\":[\"WebPage\",\"ItemPage\"],\"@id\":\"https:\\\/\\\/libwo.iwanwilaga.com\\\/en\\\/product\\\/g-spot\\\/the-oh-collective-kit\\\/\",\"url\":\"https:\\\/\\\/libwo.iwanwilaga.com\\\/en\\\/product\\\/g-spot\\\/the-oh-collective-kit\\\/\",\"name\":\"THE OH COLLECTIVE Kit - Lib Women&#039;s Store DEW SITE\",\"isPartOf\":{\"@id\":\"https:\\\/\\\/libwo.iwanwilaga.com\\\/en\\\/#website\"},\"primaryImageOfPage\":{\"@id\":\"https:\\\/\\\/libwo.iwanwilaga.com\\\/en\\\/product\\\/g-spot\\\/the-oh-collective-kit\\\/#primaryimage\"},\"image\":{\"@id\":\"https:\\\/\\\/libwo.iwanwilaga.com\\\/en\\\/product\\\/g-spot\\\/the-oh-collective-kit\\\/#primaryimage\"},\"thumbnailUrl\":\"https:\\\/\\\/libwo.iwanwilaga.com\\\/wp-content\\\/uploads\\\/2025\\\/07\\\/the-oh-collective-kit-vibrator.jpg\",\"datePublished\":\"2025-07-22T10:30:23+00:00\",\"dateModified\":\"2025-07-22T10:30:24+00:00\",\"description\":\"If you want something really different, try the Kit 3-in-1 vibrator! You can use it as a bunny vibrator, a clitoral stimulator, or just on the g-spot!\",\"breadcrumb\":{\"@id\":\"https:\\\/\\\/libwo.iwanwilaga.com\\\/en\\\/product\\\/g-spot\\\/the-oh-collective-kit\\\/#breadcrumb\"},\"inLanguage\":\"en-US\",\"potentialAction\":[{\"@type\":\"ReadAction\",\"target\":[\"https:\\\/\\\/libwo.iwanwilaga.com\\\/en\\\/product\\\/g-spot\\\/the-oh-collective-kit\\\/\"]}]},{\"@type\":\"ImageObject\",\"inLanguage\":\"en-US\",\"@id\":\"https:\\\/\\\/libwo.iwanwilaga.com\\\/en\\\/product\\\/g-spot\\\/the-oh-collective-kit\\\/#primaryimage\",\"url\":\"https:\\\/\\\/libwo.iwanwilaga.com\\\/wp-content\\\/uploads\\\/2025\\\/07\\\/the-oh-collective-kit-vibrator.jpg\",\"contentUrl\":\"https:\\\/\\\/libwo.iwanwilaga.com\\\/wp-content\\\/uploads\\\/2025\\\/07\\\/the-oh-collective-kit-vibrator.jpg\",\"width\":1080,\"height\":1080,\"caption\":\"The Oh Collective Kit 3 az 1-ben vibr\u00e1tor\"},{\"@type\":\"BreadcrumbList\",\"@id\":\"https:\\\/\\\/libwo.iwanwilaga.com\\\/en\\\/product\\\/g-spot\\\/the-oh-collective-kit\\\/#breadcrumb\",\"itemListElement\":[{\"@type\":\"ListItem\",\"position\":1,\"name\":\"Kezd\u0151lap\",\"item\":\"https:\\\/\\\/libwo.iwanwilaga.com\\\/en\\\/\"},{\"@type\":\"ListItem\",\"position\":2,\"name\":\"Shop Home Page &#8211; Product categories\",\"item\":\"https:\\\/\\\/libwo.iwanwilaga.com\\\/shop-kezdolap-termek-kategoriak\\\/?lang=en\"},{\"@type\":\"ListItem\",\"position\":3,\"name\":\"THE OH COLLECTIVE Kit\"}]},{\"@type\":\"WebSite\",\"@id\":\"https:\\\/\\\/libwo.iwanwilaga.com\\\/en\\\/#website\",\"url\":\"https:\\\/\\\/libwo.iwanwilaga.com\\\/en\\\/\",\"name\":\"Lib Women Store\",\"description\":\"DEV OLDAL - Magyarorsz\u00e1g els\u0151 n\u0151kre f\u00f3kusz\u00e1l\u00f3 szexshopja, ahol az eg\u00e9szs\u00e9g ugyanolyan fontos, mint az \u00e9lvezetek.\",\"publisher\":{\"@id\":\"https:\\\/\\\/libwo.iwanwilaga.com\\\/en\\\/#organization\"},\"alternateName\":\"Lib\",\"potentialAction\":[{\"@type\":\"SearchAction\",\"target\":{\"@type\":\"EntryPoint\",\"urlTemplate\":\"https:\\\/\\\/libwo.iwanwilaga.com\\\/en\\\/?s={search_term_string}\"},\"query-input\":{\"@type\":\"PropertyValueSpecification\",\"valueRequired\":true,\"valueName\":\"search_term_string\"}}],\"inLanguage\":\"en-US\"},{\"@type\":\"Organization\",\"@id\":\"https:\\\/\\\/libwo.iwanwilaga.com\\\/en\\\/#organization\",\"name\":\"Lib Women Store\",\"url\":\"https:\\\/\\\/libwo.iwanwilaga.com\\\/en\\\/\",\"logo\":{\"@type\":\"ImageObject\",\"inLanguage\":\"en-US\",\"@id\":\"https:\\\/\\\/libwo.iwanwilaga.com\\\/en\\\/#\\\/schema\\\/logo\\\/image\\\/\",\"url\":\"https:\\\/\\\/libwo.iwanwilaga.com\\\/wp-content\\\/uploads\\\/2024\\\/05\\\/cropped-LIB-logo-A.png\",\"contentUrl\":\"https:\\\/\\\/libwo.iwanwilaga.com\\\/wp-content\\\/uploads\\\/2024\\\/05\\\/cropped-LIB-logo-A.png\",\"width\":512,\"height\":512,\"caption\":\"Lib Women Store\"},\"image\":{\"@id\":\"https:\\\/\\\/libwo.iwanwilaga.com\\\/en\\\/#\\\/schema\\\/logo\\\/image\\\/\"},\"sameAs\":[\"https:\\\/\\\/www.facebook.com\\\/libwomenstore\"]}]}<\/script>\n<meta property=\"product:price:amount\" content=\"28500\" \/>\n<meta property=\"product:price:currency\" content=\"HUF\" \/>\n<meta property=\"og:availability\" content=\"out of stock\" \/>\n<meta property=\"product:availability\" content=\"out of stock\" \/>\n<meta property=\"product:condition\" content=\"new\" \/>\n<!-- \/ Yoast SEO Premium plugin. -->","yoast_head_json":{"title":"THE OH COLLECTIVE Kit - Lib Women&#039;s Store DEW SITE","description":"If you want something really different, try the Kit 3-in-1 vibrator! You can use it as a bunny vibrator, a clitoral stimulator, or just on the g-spot!","robots":{"index":"noindex","follow":"follow","max-snippet":"max-snippet:-1","max-image-preview":"max-image-preview:large","max-video-preview":"max-video-preview:-1"},"og_locale":"en_US","og_type":"article","og_title":"THE OH COLLECTIVE Kit","og_description":"If you want something really different, try the Kit 3-in-1 vibrator! You can use it as a bunny vibrator, a clitoral stimulator, or just on the g-spot!","og_url":"https:\/\/libwo.iwanwilaga.com\/en\/product\/g-spot\/the-oh-collective-kit\/","og_site_name":"Lib Women&#039;s Store DEW SITE","article_publisher":"https:\/\/www.facebook.com\/libwomenstore","article_modified_time":"2025-07-22T10:30:24+00:00","og_image":[{"width":1080,"height":1080,"url":"https:\/\/libwo.iwanwilaga.com\/wp-content\/uploads\/2025\/07\/the-oh-collective-kit-vibrator.jpg","type":"image\/jpeg"}],"twitter_card":"summary_large_image","twitter_misc":{"Price":"28.500&#70;&#116;","Availability":"Out of stock"},"schema":{"@context":"https:\/\/schema.org","@graph":[{"@type":["WebPage","ItemPage"],"@id":"https:\/\/libwo.iwanwilaga.com\/en\/product\/g-spot\/the-oh-collective-kit\/","url":"https:\/\/libwo.iwanwilaga.com\/en\/product\/g-spot\/the-oh-collective-kit\/","name":"THE OH COLLECTIVE Kit - Lib Women&#039;s Store DEW SITE","isPartOf":{"@id":"https:\/\/libwo.iwanwilaga.com\/en\/#website"},"primaryImageOfPage":{"@id":"https:\/\/libwo.iwanwilaga.com\/en\/product\/g-spot\/the-oh-collective-kit\/#primaryimage"},"image":{"@id":"https:\/\/libwo.iwanwilaga.com\/en\/product\/g-spot\/the-oh-collective-kit\/#primaryimage"},"thumbnailUrl":"https:\/\/libwo.iwanwilaga.com\/wp-content\/uploads\/2025\/07\/the-oh-collective-kit-vibrator.jpg","datePublished":"2025-07-22T10:30:23+00:00","dateModified":"2025-07-22T10:30:24+00:00","description":"If you want something really different, try the Kit 3-in-1 vibrator! You can use it as a bunny vibrator, a clitoral stimulator, or just on the g-spot!","breadcrumb":{"@id":"https:\/\/libwo.iwanwilaga.com\/en\/product\/g-spot\/the-oh-collective-kit\/#breadcrumb"},"inLanguage":"en-US","potentialAction":[{"@type":"ReadAction","target":["https:\/\/libwo.iwanwilaga.com\/en\/product\/g-spot\/the-oh-collective-kit\/"]}]},{"@type":"ImageObject","inLanguage":"en-US","@id":"https:\/\/libwo.iwanwilaga.com\/en\/product\/g-spot\/the-oh-collective-kit\/#primaryimage","url":"https:\/\/libwo.iwanwilaga.com\/wp-content\/uploads\/2025\/07\/the-oh-collective-kit-vibrator.jpg","contentUrl":"https:\/\/libwo.iwanwilaga.com\/wp-content\/uploads\/2025\/07\/the-oh-collective-kit-vibrator.jpg","width":1080,"height":1080,"caption":"The Oh Collective Kit 3 az 1-ben vibr\u00e1tor"},{"@type":"BreadcrumbList","@id":"https:\/\/libwo.iwanwilaga.com\/en\/product\/g-spot\/the-oh-collective-kit\/#breadcrumb","itemListElement":[{"@type":"ListItem","position":1,"name":"Kezd\u0151lap","item":"https:\/\/libwo.iwanwilaga.com\/en\/"},{"@type":"ListItem","position":2,"name":"Shop Home Page &#8211; Product categories","item":"https:\/\/libwo.iwanwilaga.com\/shop-kezdolap-termek-kategoriak\/?lang=en"},{"@type":"ListItem","position":3,"name":"THE OH COLLECTIVE Kit"}]},{"@type":"WebSite","@id":"https:\/\/libwo.iwanwilaga.com\/en\/#website","url":"https:\/\/libwo.iwanwilaga.com\/en\/","name":"Lib Women Store","description":"DEV OLDAL - Magyarorsz\u00e1g els\u0151 n\u0151kre f\u00f3kusz\u00e1l\u00f3 szexshopja, ahol az eg\u00e9szs\u00e9g ugyanolyan fontos, mint az \u00e9lvezetek.","publisher":{"@id":"https:\/\/libwo.iwanwilaga.com\/en\/#organization"},"alternateName":"Lib","potentialAction":[{"@type":"SearchAction","target":{"@type":"EntryPoint","urlTemplate":"https:\/\/libwo.iwanwilaga.com\/en\/?s={search_term_string}"},"query-input":{"@type":"PropertyValueSpecification","valueRequired":true,"valueName":"search_term_string"}}],"inLanguage":"en-US"},{"@type":"Organization","@id":"https:\/\/libwo.iwanwilaga.com\/en\/#organization","name":"Lib Women Store","url":"https:\/\/libwo.iwanwilaga.com\/en\/","logo":{"@type":"ImageObject","inLanguage":"en-US","@id":"https:\/\/libwo.iwanwilaga.com\/en\/#\/schema\/logo\/image\/","url":"https:\/\/libwo.iwanwilaga.com\/wp-content\/uploads\/2024\/05\/cropped-LIB-logo-A.png","contentUrl":"https:\/\/libwo.iwanwilaga.com\/wp-content\/uploads\/2024\/05\/cropped-LIB-logo-A.png","width":512,"height":512,"caption":"Lib Women Store"},"image":{"@id":"https:\/\/libwo.iwanwilaga.com\/en\/#\/schema\/logo\/image\/"},"sameAs":["https:\/\/www.facebook.com\/libwomenstore"]}]},"product_price_amount":"28500","product_price_currency":"HUF","og_availability":"out of stock","product_availability":"out of stock","product_condition":"new"},"_links":{"self":[{"href":"https:\/\/libwo.iwanwilaga.com\/en\/wp-json\/wp\/v2\/product\/33213","targetHints":{"allow":["GET"]}}],"collection":[{"href":"https:\/\/libwo.iwanwilaga.com\/en\/wp-json\/wp\/v2\/product"}],"about":[{"href":"https:\/\/libwo.iwanwilaga.com\/en\/wp-json\/wp\/v2\/types\/product"}],"replies":[{"embeddable":true,"href":"https:\/\/libwo.iwanwilaga.com\/en\/wp-json\/wp\/v2\/comments?post=33213"}],"wp:featuredmedia":[{"embeddable":true,"href":"https:\/\/libwo.iwanwilaga.com\/en\/wp-json\/wp\/v2\/media\/33208"}],"wp:attachment":[{"href":"https:\/\/libwo.iwanwilaga.com\/en\/wp-json\/wp\/v2\/media?parent=33213"}],"wp:term":[{"taxonomy":"product_brand","embeddable":true,"href":"https:\/\/libwo.iwanwilaga.com\/en\/wp-json\/wp\/v2\/product_brand?post=33213"},{"taxonomy":"product_cat","embeddable":true,"href":"https:\/\/libwo.iwanwilaga.com\/en\/wp-json\/wp\/v2\/product_cat?post=33213"},{"taxonomy":"product_tag","embeddable":true,"href":"https:\/\/libwo.iwanwilaga.com\/en\/wp-json\/wp\/v2\/product_tag?post=33213"}],"curies":[{"name":"wp","href":"https:\/\/api.w.org\/{rel}","templated":true}]}}