{"id":31263,"date":"2025-04-05T17:44:56","date_gmt":"2025-04-05T15:44:56","guid":{"rendered":"https:\/\/libwomenstore.com\/?post_type=product&#038;p=31263"},"modified":"2025-04-05T17:47:00","modified_gmt":"2025-04-05T15:47:00","slug":"between-black-panty-masolat","status":"publish","type":"product","link":"https:\/\/libwo.iwanwilaga.com\/en\/product\/bdsm-accessories\/between-black-panty-masolat\/","title":{"rendered":"BETWEEN Line Art Tattoo Panty"},"content":{"rendered":"<p style=\"text-align: center;\">Between Lingerie is a Hungarian brand that presents the smart and sexy world of designer Csilla.<\/p>\n<p style=\"text-align: center;\">This world is both sexy and wearable for everyday wear, tailored to the individual and the event. Put on your favorite Between set at the beginning of the day, and complement it with a sexy matching garter belt in the evening! <\/p>\n<p style=\"text-align: center;\">Csilla places great emphasis on sustainability, which is why she only uses natural materials when making her underwear.<\/p>\n","protected":false},"excerpt":{"rendered":"<p>Smart Sexy lingerie from Budapest<\/p>\n","protected":false},"featured_media":32607,"comment_status":"closed","ping_status":"closed","template":"","meta":{"_et_pb_use_builder":"","_et_pb_old_content":"","_et_gb_content_width":""},"product_brand":[],"product_cat":[327,554,432,375],"product_tag":[407,526,527,406,520],"class_list":{"0":"post-31263","1":"product","2":"type-product","3":"status-publish","4":"has-post-thumbnail","6":"product_cat-bdsm-accessories","7":"product_cat-lib-x-bliss-glass-toys-hand-crafted","8":"product_cat-lib-x-rebeka-racz-dildos-tapys","9":"product_cat-lingeries","10":"product_tag-between-en","11":"product_tag-bra-en","12":"product_tag-garter-belt-en","13":"product_tag-lingerie-en","14":"product_tag-panty-en","16":"first","17":"instock","18":"taxable","19":"shipping-taxable","20":"purchasable","21":"product-type-variable"},"yoast_head":"<!-- This site is optimized with the Yoast SEO Premium plugin v27.5 (Yoast SEO v27.5) - https:\/\/yoast.com\/product\/yoast-seo-premium-wordpress\/ -->\n<title>BETWEEN Line Art Tattoo Panty - Lib Women&#039;s Store DEW SITE<\/title>\n<meta name=\"description\" content=\"Between is a Hungarian brand that makes exciting, sexy lingerie. The pieces are variable, put together your favorite set!\" \/>\n<meta name=\"robots\" content=\"noindex, follow, max-snippet:-1, max-image-preview:large, max-video-preview:-1\" \/>\n<meta property=\"og:locale\" content=\"en_US\" \/>\n<meta property=\"og:type\" content=\"article\" \/>\n<meta property=\"og:title\" content=\"BETWEEN Line Art Tattoo Panty\" \/>\n<meta property=\"og:description\" content=\"Between is a Hungarian brand that makes exciting, sexy lingerie. The pieces are variable, put together your favorite set!\" \/>\n<meta property=\"og:url\" content=\"https:\/\/libwo.iwanwilaga.com\/en\/product\/bdsm-accessories\/between-black-panty-masolat\/\" \/>\n<meta property=\"og:site_name\" content=\"Lib Women&#039;s Store DEW SITE\" \/>\n<meta property=\"article:publisher\" content=\"https:\/\/www.facebook.com\/libwomenstore\" \/>\n<meta property=\"article:modified_time\" content=\"2025-04-05T15:47:00+00:00\" \/>\n<meta property=\"og:image\" content=\"https:\/\/libwo.iwanwilaga.com\/wp-content\/uploads\/2025\/04\/20250312_102403-scaled.jpg\" \/>\n\t<meta property=\"og:image:width\" content=\"1920\" \/>\n\t<meta property=\"og:image:height\" content=\"2560\" \/>\n\t<meta property=\"og:image:type\" content=\"image\/jpeg\" \/>\n<meta name=\"twitter:card\" content=\"summary_large_image\" \/>\n<meta name=\"twitter:label1\" content=\"Availability\" \/>\n\t<meta name=\"twitter:data1\" content=\"In stock\" \/>\n<script type=\"application\/ld+json\" class=\"yoast-schema-graph\">{\"@context\":\"https:\\\/\\\/schema.org\",\"@graph\":[{\"@type\":[\"WebPage\",\"ItemPage\"],\"@id\":\"https:\\\/\\\/libwo.iwanwilaga.com\\\/en\\\/product\\\/bdsm-accessories\\\/between-black-panty-masolat\\\/\",\"url\":\"https:\\\/\\\/libwo.iwanwilaga.com\\\/en\\\/product\\\/bdsm-accessories\\\/between-black-panty-masolat\\\/\",\"name\":\"BETWEEN Line Art Tattoo Panty - Lib Women&#039;s Store DEW SITE\",\"isPartOf\":{\"@id\":\"https:\\\/\\\/libwo.iwanwilaga.com\\\/en\\\/#website\"},\"primaryImageOfPage\":{\"@id\":\"https:\\\/\\\/libwo.iwanwilaga.com\\\/en\\\/product\\\/bdsm-accessories\\\/between-black-panty-masolat\\\/#primaryimage\"},\"image\":{\"@id\":\"https:\\\/\\\/libwo.iwanwilaga.com\\\/en\\\/product\\\/bdsm-accessories\\\/between-black-panty-masolat\\\/#primaryimage\"},\"thumbnailUrl\":\"https:\\\/\\\/libwo.iwanwilaga.com\\\/wp-content\\\/uploads\\\/2025\\\/04\\\/between_line_art_tatto_fehernemu.jpeg\",\"datePublished\":\"2025-04-05T15:44:56+00:00\",\"dateModified\":\"2025-04-05T15:47:00+00:00\",\"description\":\"Between is a Hungarian brand that makes exciting, sexy lingerie. The pieces are variable, put together your favorite set!\",\"breadcrumb\":{\"@id\":\"https:\\\/\\\/libwo.iwanwilaga.com\\\/en\\\/product\\\/bdsm-accessories\\\/between-black-panty-masolat\\\/#breadcrumb\"},\"inLanguage\":\"en-US\",\"potentialAction\":[{\"@type\":\"ReadAction\",\"target\":[\"https:\\\/\\\/libwo.iwanwilaga.com\\\/en\\\/product\\\/bdsm-accessories\\\/between-black-panty-masolat\\\/\"]}]},{\"@type\":\"ImageObject\",\"inLanguage\":\"en-US\",\"@id\":\"https:\\\/\\\/libwo.iwanwilaga.com\\\/en\\\/product\\\/bdsm-accessories\\\/between-black-panty-masolat\\\/#primaryimage\",\"url\":\"https:\\\/\\\/libwo.iwanwilaga.com\\\/wp-content\\\/uploads\\\/2025\\\/04\\\/between_line_art_tatto_fehernemu.jpeg\",\"contentUrl\":\"https:\\\/\\\/libwo.iwanwilaga.com\\\/wp-content\\\/uploads\\\/2025\\\/04\\\/between_line_art_tatto_fehernemu.jpeg\",\"width\":450,\"height\":600,\"caption\":\"Between Budapest Lingerie Line Art Tatto feh\u00e9rnem\u0171 bugyi\"},{\"@type\":\"BreadcrumbList\",\"@id\":\"https:\\\/\\\/libwo.iwanwilaga.com\\\/en\\\/product\\\/bdsm-accessories\\\/between-black-panty-masolat\\\/#breadcrumb\",\"itemListElement\":[{\"@type\":\"ListItem\",\"position\":1,\"name\":\"Kezd\u0151lap\",\"item\":\"https:\\\/\\\/libwo.iwanwilaga.com\\\/en\\\/\"},{\"@type\":\"ListItem\",\"position\":2,\"name\":\"Shop Home Page &#8211; Product categories\",\"item\":\"https:\\\/\\\/libwo.iwanwilaga.com\\\/shop-kezdolap-termek-kategoriak\\\/?lang=en\"},{\"@type\":\"ListItem\",\"position\":3,\"name\":\"BETWEEN Line Art Tattoo Panty\"}]},{\"@type\":\"WebSite\",\"@id\":\"https:\\\/\\\/libwo.iwanwilaga.com\\\/en\\\/#website\",\"url\":\"https:\\\/\\\/libwo.iwanwilaga.com\\\/en\\\/\",\"name\":\"Lib Women Store\",\"description\":\"DEV OLDAL - Magyarorsz\u00e1g els\u0151 n\u0151kre f\u00f3kusz\u00e1l\u00f3 szexshopja, ahol az eg\u00e9szs\u00e9g ugyanolyan fontos, mint az \u00e9lvezetek.\",\"publisher\":{\"@id\":\"https:\\\/\\\/libwo.iwanwilaga.com\\\/en\\\/#organization\"},\"alternateName\":\"Lib\",\"potentialAction\":[{\"@type\":\"SearchAction\",\"target\":{\"@type\":\"EntryPoint\",\"urlTemplate\":\"https:\\\/\\\/libwo.iwanwilaga.com\\\/en\\\/?s={search_term_string}\"},\"query-input\":{\"@type\":\"PropertyValueSpecification\",\"valueRequired\":true,\"valueName\":\"search_term_string\"}}],\"inLanguage\":\"en-US\"},{\"@type\":\"Organization\",\"@id\":\"https:\\\/\\\/libwo.iwanwilaga.com\\\/en\\\/#organization\",\"name\":\"Lib Women Store\",\"url\":\"https:\\\/\\\/libwo.iwanwilaga.com\\\/en\\\/\",\"logo\":{\"@type\":\"ImageObject\",\"inLanguage\":\"en-US\",\"@id\":\"https:\\\/\\\/libwo.iwanwilaga.com\\\/en\\\/#\\\/schema\\\/logo\\\/image\\\/\",\"url\":\"https:\\\/\\\/libwo.iwanwilaga.com\\\/wp-content\\\/uploads\\\/2024\\\/05\\\/cropped-LIB-logo-A.png\",\"contentUrl\":\"https:\\\/\\\/libwo.iwanwilaga.com\\\/wp-content\\\/uploads\\\/2024\\\/05\\\/cropped-LIB-logo-A.png\",\"width\":512,\"height\":512,\"caption\":\"Lib Women Store\"},\"image\":{\"@id\":\"https:\\\/\\\/libwo.iwanwilaga.com\\\/en\\\/#\\\/schema\\\/logo\\\/image\\\/\"},\"sameAs\":[\"https:\\\/\\\/www.facebook.com\\\/libwomenstore\"]}]}<\/script>\n<meta property=\"og:availability\" content=\"instock\" \/>\n<meta property=\"product:availability\" content=\"instock\" \/>\n<meta property=\"product:condition\" content=\"new\" \/>\n<!-- \/ Yoast SEO Premium plugin. -->","yoast_head_json":{"title":"BETWEEN Line Art Tattoo Panty - Lib Women&#039;s Store DEW SITE","description":"Between is a Hungarian brand that makes exciting, sexy lingerie. The pieces are variable, put together your favorite set!","robots":{"index":"noindex","follow":"follow","max-snippet":"max-snippet:-1","max-image-preview":"max-image-preview:large","max-video-preview":"max-video-preview:-1"},"og_locale":"en_US","og_type":"article","og_title":"BETWEEN Line Art Tattoo Panty","og_description":"Between is a Hungarian brand that makes exciting, sexy lingerie. The pieces are variable, put together your favorite set!","og_url":"https:\/\/libwo.iwanwilaga.com\/en\/product\/bdsm-accessories\/between-black-panty-masolat\/","og_site_name":"Lib Women&#039;s Store DEW SITE","article_publisher":"https:\/\/www.facebook.com\/libwomenstore","article_modified_time":"2025-04-05T15:47:00+00:00","og_image":[{"width":1920,"height":2560,"url":"https:\/\/libwo.iwanwilaga.com\/wp-content\/uploads\/2025\/04\/20250312_102403-scaled.jpg","type":"image\/jpeg"}],"twitter_card":"summary_large_image","twitter_misc":{"Availability":"In stock"},"schema":{"@context":"https:\/\/schema.org","@graph":[{"@type":["WebPage","ItemPage"],"@id":"https:\/\/libwo.iwanwilaga.com\/en\/product\/bdsm-accessories\/between-black-panty-masolat\/","url":"https:\/\/libwo.iwanwilaga.com\/en\/product\/bdsm-accessories\/between-black-panty-masolat\/","name":"BETWEEN Line Art Tattoo Panty - Lib Women&#039;s Store DEW SITE","isPartOf":{"@id":"https:\/\/libwo.iwanwilaga.com\/en\/#website"},"primaryImageOfPage":{"@id":"https:\/\/libwo.iwanwilaga.com\/en\/product\/bdsm-accessories\/between-black-panty-masolat\/#primaryimage"},"image":{"@id":"https:\/\/libwo.iwanwilaga.com\/en\/product\/bdsm-accessories\/between-black-panty-masolat\/#primaryimage"},"thumbnailUrl":"https:\/\/libwo.iwanwilaga.com\/wp-content\/uploads\/2025\/04\/between_line_art_tatto_fehernemu.jpeg","datePublished":"2025-04-05T15:44:56+00:00","dateModified":"2025-04-05T15:47:00+00:00","description":"Between is a Hungarian brand that makes exciting, sexy lingerie. The pieces are variable, put together your favorite set!","breadcrumb":{"@id":"https:\/\/libwo.iwanwilaga.com\/en\/product\/bdsm-accessories\/between-black-panty-masolat\/#breadcrumb"},"inLanguage":"en-US","potentialAction":[{"@type":"ReadAction","target":["https:\/\/libwo.iwanwilaga.com\/en\/product\/bdsm-accessories\/between-black-panty-masolat\/"]}]},{"@type":"ImageObject","inLanguage":"en-US","@id":"https:\/\/libwo.iwanwilaga.com\/en\/product\/bdsm-accessories\/between-black-panty-masolat\/#primaryimage","url":"https:\/\/libwo.iwanwilaga.com\/wp-content\/uploads\/2025\/04\/between_line_art_tatto_fehernemu.jpeg","contentUrl":"https:\/\/libwo.iwanwilaga.com\/wp-content\/uploads\/2025\/04\/between_line_art_tatto_fehernemu.jpeg","width":450,"height":600,"caption":"Between Budapest Lingerie Line Art Tatto feh\u00e9rnem\u0171 bugyi"},{"@type":"BreadcrumbList","@id":"https:\/\/libwo.iwanwilaga.com\/en\/product\/bdsm-accessories\/between-black-panty-masolat\/#breadcrumb","itemListElement":[{"@type":"ListItem","position":1,"name":"Kezd\u0151lap","item":"https:\/\/libwo.iwanwilaga.com\/en\/"},{"@type":"ListItem","position":2,"name":"Shop Home Page &#8211; Product categories","item":"https:\/\/libwo.iwanwilaga.com\/shop-kezdolap-termek-kategoriak\/?lang=en"},{"@type":"ListItem","position":3,"name":"BETWEEN Line Art Tattoo Panty"}]},{"@type":"WebSite","@id":"https:\/\/libwo.iwanwilaga.com\/en\/#website","url":"https:\/\/libwo.iwanwilaga.com\/en\/","name":"Lib Women Store","description":"DEV OLDAL - Magyarorsz\u00e1g els\u0151 n\u0151kre f\u00f3kusz\u00e1l\u00f3 szexshopja, ahol az eg\u00e9szs\u00e9g ugyanolyan fontos, mint az \u00e9lvezetek.","publisher":{"@id":"https:\/\/libwo.iwanwilaga.com\/en\/#organization"},"alternateName":"Lib","potentialAction":[{"@type":"SearchAction","target":{"@type":"EntryPoint","urlTemplate":"https:\/\/libwo.iwanwilaga.com\/en\/?s={search_term_string}"},"query-input":{"@type":"PropertyValueSpecification","valueRequired":true,"valueName":"search_term_string"}}],"inLanguage":"en-US"},{"@type":"Organization","@id":"https:\/\/libwo.iwanwilaga.com\/en\/#organization","name":"Lib Women Store","url":"https:\/\/libwo.iwanwilaga.com\/en\/","logo":{"@type":"ImageObject","inLanguage":"en-US","@id":"https:\/\/libwo.iwanwilaga.com\/en\/#\/schema\/logo\/image\/","url":"https:\/\/libwo.iwanwilaga.com\/wp-content\/uploads\/2024\/05\/cropped-LIB-logo-A.png","contentUrl":"https:\/\/libwo.iwanwilaga.com\/wp-content\/uploads\/2024\/05\/cropped-LIB-logo-A.png","width":512,"height":512,"caption":"Lib Women Store"},"image":{"@id":"https:\/\/libwo.iwanwilaga.com\/en\/#\/schema\/logo\/image\/"},"sameAs":["https:\/\/www.facebook.com\/libwomenstore"]}]},"og_availability":"instock","product_availability":"instock","product_condition":"new"},"_links":{"self":[{"href":"https:\/\/libwo.iwanwilaga.com\/en\/wp-json\/wp\/v2\/product\/31263","targetHints":{"allow":["GET"]}}],"collection":[{"href":"https:\/\/libwo.iwanwilaga.com\/en\/wp-json\/wp\/v2\/product"}],"about":[{"href":"https:\/\/libwo.iwanwilaga.com\/en\/wp-json\/wp\/v2\/types\/product"}],"replies":[{"embeddable":true,"href":"https:\/\/libwo.iwanwilaga.com\/en\/wp-json\/wp\/v2\/comments?post=31263"}],"wp:featuredmedia":[{"embeddable":true,"href":"https:\/\/libwo.iwanwilaga.com\/en\/wp-json\/wp\/v2\/media\/32607"}],"wp:attachment":[{"href":"https:\/\/libwo.iwanwilaga.com\/en\/wp-json\/wp\/v2\/media?parent=31263"}],"wp:term":[{"taxonomy":"product_brand","embeddable":true,"href":"https:\/\/libwo.iwanwilaga.com\/en\/wp-json\/wp\/v2\/product_brand?post=31263"},{"taxonomy":"product_cat","embeddable":true,"href":"https:\/\/libwo.iwanwilaga.com\/en\/wp-json\/wp\/v2\/product_cat?post=31263"},{"taxonomy":"product_tag","embeddable":true,"href":"https:\/\/libwo.iwanwilaga.com\/en\/wp-json\/wp\/v2\/product_tag?post=31263"}],"curies":[{"name":"wp","href":"https:\/\/api.w.org\/{rel}","templated":true}]}}