{"id":31168,"date":"2025-03-20T11:09:42","date_gmt":"2025-03-20T10:09:42","guid":{"rendered":"https:\/\/libwomenstore.com\/?post_type=product&#038;p=31168"},"modified":"2026-01-04T18:43:14","modified_gmt":"2026-01-04T17:43:14","slug":"lib-x-sensual-bodywork-torocskei-fannyval","status":"publish","type":"product","link":"https:\/\/libwo.iwanwilaga.com\/en\/product\/events\/lib-x-sensual-bodywork-torocskei-fannyval\/","title":{"rendered":"Lib x Sensual Bodywork T\u00f6r\u00f6cskei Fannyval"},"content":{"rendered":"<p style=\"text-align: center;\">Ez a program neked sz\u00f3l, ha;<\/p>\n<p style=\"text-align: center;\">&#8211; ha szeretn\u00e9l az intimit\u00e1soddal dolgozni<br \/>\n&#8211; ha nyitottabb\u00e1 v\u00e1ln\u00e1l magadra \u00e9s a vil\u00e1gra<br \/>\n&#8211; ha szeretn\u00e9l meg\u00e9rkezni a testedbe<br \/>\n&#8211; ha szeretn\u00e9l magadhoz \u00e9rt\u0151 figyelemmel kapcsol\u00f3dni<br \/>\n&#8211; Ha sokszor \u00e9rezted azt, hogy valamilyen helyzetben v\u00e9dtelen vagy<br \/>\n&#8211; Ha bens\u0151s\u00e9ges helyzetekben nehezen tartod a hat\u00e1raidat, legyen sz\u00f3 bar\u00e1ti, p\u00e1rkapcsolati vagy egy\u00e9b min\u0151s\u00e9gekr\u0151l<br \/>\n&#8211; Ha nehezen fejezed ki a saj\u00e1t v\u00e1gyaidat<br \/>\n&#8211; Ha idegen, esetleg k\u00e9nyelmetlen sz\u00e1modra a tested, illetve a tested jelz\u00e9sei<\/p>\n<p style=\"text-align: center;\">foglalkoz\u00e1st tartja: T\u00f6r\u00f6cskei Fanny \u00e9s Lib Women&#8217;s Store csapata<\/p>\n<p style=\"text-align: center;\">Jelentkezni e- mailben vagy \u00fczenetben tudsz:<br \/>\n<strong>info@torocskeifanny.com<\/strong><\/p>\n","protected":false},"excerpt":{"rendered":"<p>Gondolkozt\u00e1l m\u00e1r azon, hogy milyen szerepet t\u00f6lt be a tested az intimit\u00e1sod ter\u00e9n, esetleg az intimit\u00e1sod fejleszt\u00e9se ter\u00e9n?<br \/>\nHogyan lehets\u00e9ges a testeden kereszt\u00fcl az intim teredhez kapcsol\u00f3dni, meg\u00e9lni a biztons\u00e1got ebben?<br \/>\nHogyan \u00e9s mik\u00e9nt haszn\u00e1lhat\u00f3 a test\u00fcnk ir\u00e1nyt\u0171je abban, hogy felfedezz\u00fck a val\u00f3s v\u00e1gyainkat?<br \/>\nA Sensual Bodywork \u00f3r\u00e1n olykor lass\u00fa, m\u00e1skor dinamikusabb m\u00e9ly, befel\u00e9 ir\u00e1nyul\u00f3 figyelemmel v\u00e9gzett mozg\u00e1s sorozatot v\u00e9gz\u00fcnk, amely seg\u00edt meg\u00e9rezni a val\u00f3s \u00e9rz\u00e9seidet, seg\u00edt m\u00e9lyen \u00f6sszekapcsol\u00f3dni, \u00f6sszehangol\u00f3dni a tested jelz\u00e9seivel, k\u00e9r\u00e9seivel.<br \/>\nMegtan\u00edt arra, hogy megtal\u00e1ld a saj\u00e1t tested ritmus\u00e1t.<br \/>\nMegtan\u00edt megenged\u00e9sb\u0151l cselekedni \u00e9s mozdulni.<br \/>\nMegnyitja benned az \u00f6r\u00f6m, a felszabadults\u00e1g kapuj\u00e1t, l\u00e1gyan \u00e9breszti benned a szakr\u00e1lis n\u0151i er\u0151t \u00e9s az \u00e9rz\u00e9kis\u00e9get.<\/p>\n<p>D\u00e1tum: 2026.01.22. 18:00<\/p>\n","protected":false},"featured_media":34670,"comment_status":"closed","ping_status":"closed","template":"","meta":{"_et_pb_use_builder":"","_et_pb_old_content":"","_et_gb_content_width":""},"product_brand":[],"product_cat":[313],"product_tag":[571,573,575,572,574],"class_list":{"0":"post-31168","1":"product","2":"type-product","3":"status-publish","4":"has-post-thumbnail","6":"product_cat-esemenyek-lib-womenstore","7":"product_tag-bodywork","8":"product_tag-intim","9":"product_tag-kapcsolodas","10":"product_tag-sensual","11":"product_tag-testiseg","13":"first","14":"instock","15":"taxable","16":"shipping-taxable","17":"product-type-simple"},"yoast_head":"<!-- This site is optimized with the Yoast SEO Premium plugin v27.5 (Yoast SEO v27.5) - https:\/\/yoast.com\/product\/yoast-seo-premium-wordpress\/ -->\n<title>Lib x Sensual Bodywork T\u00f6r\u00f6cskei Fannyval - Lib Women&#039;s Store DEW SITE<\/title>\n<meta name=\"description\" content=\"Gondolkozt\u00e1l m\u00e1r azon, hogy milyen szerepet t\u00f6lt be a tested az intimit\u00e1sod ter\u00e9n, esetleg az intimit\u00e1sod fejleszt\u00e9se ter\u00e9n? Hogyan lehets\u00e9ges a testeden kereszt\u00fcl az intim teredhez kapcsol\u00f3dni biztons\u00e1gosan?\" \/>\n<meta name=\"robots\" content=\"noindex, follow, max-snippet:-1, max-image-preview:large, max-video-preview:-1\" \/>\n<meta property=\"og:locale\" content=\"en_US\" \/>\n<meta property=\"og:type\" content=\"article\" \/>\n<meta property=\"og:title\" content=\"Lib x Sensual Bodywork T\u00f6r\u00f6cskei Fannyval\" \/>\n<meta property=\"og:description\" content=\"Gondolkozt\u00e1l m\u00e1r azon, hogy milyen szerepet t\u00f6lt be a tested az intimit\u00e1sod ter\u00e9n, esetleg az intimit\u00e1sod fejleszt\u00e9se ter\u00e9n? Hogyan lehets\u00e9ges a testeden kereszt\u00fcl az intim teredhez kapcsol\u00f3dni biztons\u00e1gosan?\" \/>\n<meta property=\"og:url\" content=\"https:\/\/libwo.iwanwilaga.com\/en\/product\/events\/lib-x-sensual-bodywork-torocskei-fannyval\/\" \/>\n<meta property=\"og:site_name\" content=\"Lib Women&#039;s Store DEW SITE\" \/>\n<meta property=\"article:publisher\" content=\"https:\/\/www.facebook.com\/libwomenstore\" \/>\n<meta property=\"article:modified_time\" content=\"2026-01-04T17:43:14+00:00\" \/>\n<meta property=\"og:image\" content=\"https:\/\/libwo.iwanwilaga.com\/wp-content\/uploads\/2025\/03\/260104-Lib-WS-event-post-copy.jpeg\" \/>\n\t<meta property=\"og:image:width\" content=\"1000\" \/>\n\t<meta property=\"og:image:height\" content=\"1000\" \/>\n\t<meta property=\"og:image:type\" content=\"image\/jpeg\" \/>\n<meta name=\"twitter:card\" content=\"summary_large_image\" \/>\n<meta name=\"twitter:label1\" content=\"Price\" \/>\n\t<meta name=\"twitter:data1\" content=\"\" \/>\n\t<meta name=\"twitter:label2\" content=\"Availability\" \/>\n\t<meta name=\"twitter:data2\" content=\"In stock\" \/>\n<script type=\"application\/ld+json\" class=\"yoast-schema-graph\">{\"@context\":\"https:\\\/\\\/schema.org\",\"@graph\":[{\"@type\":[\"WebPage\",\"ItemPage\"],\"@id\":\"https:\\\/\\\/libwo.iwanwilaga.com\\\/en\\\/product\\\/events\\\/lib-x-sensual-bodywork-torocskei-fannyval\\\/\",\"url\":\"https:\\\/\\\/libwo.iwanwilaga.com\\\/en\\\/product\\\/events\\\/lib-x-sensual-bodywork-torocskei-fannyval\\\/\",\"name\":\"Lib x Sensual Bodywork T\u00f6r\u00f6cskei Fannyval - Lib Women&#039;s Store DEW SITE\",\"isPartOf\":{\"@id\":\"https:\\\/\\\/libwo.iwanwilaga.com\\\/en\\\/#website\"},\"primaryImageOfPage\":{\"@id\":\"https:\\\/\\\/libwo.iwanwilaga.com\\\/en\\\/product\\\/events\\\/lib-x-sensual-bodywork-torocskei-fannyval\\\/#primaryimage\"},\"image\":{\"@id\":\"https:\\\/\\\/libwo.iwanwilaga.com\\\/en\\\/product\\\/events\\\/lib-x-sensual-bodywork-torocskei-fannyval\\\/#primaryimage\"},\"thumbnailUrl\":\"https:\\\/\\\/libwo.iwanwilaga.com\\\/wp-content\\\/uploads\\\/2025\\\/03\\\/260104-Lib-WS-event-post-copy.jpeg\",\"datePublished\":\"2025-03-20T10:09:42+00:00\",\"dateModified\":\"2026-01-04T17:43:14+00:00\",\"description\":\"Gondolkozt\u00e1l m\u00e1r azon, hogy milyen szerepet t\u00f6lt be a tested az intimit\u00e1sod ter\u00e9n, esetleg az intimit\u00e1sod fejleszt\u00e9se ter\u00e9n? Hogyan lehets\u00e9ges a testeden kereszt\u00fcl az intim teredhez kapcsol\u00f3dni biztons\u00e1gosan?\",\"breadcrumb\":{\"@id\":\"https:\\\/\\\/libwo.iwanwilaga.com\\\/en\\\/product\\\/events\\\/lib-x-sensual-bodywork-torocskei-fannyval\\\/#breadcrumb\"},\"inLanguage\":\"en-US\",\"potentialAction\":[{\"@type\":\"ReadAction\",\"target\":[\"https:\\\/\\\/libwo.iwanwilaga.com\\\/en\\\/product\\\/events\\\/lib-x-sensual-bodywork-torocskei-fannyval\\\/\"]}]},{\"@type\":\"ImageObject\",\"inLanguage\":\"en-US\",\"@id\":\"https:\\\/\\\/libwo.iwanwilaga.com\\\/en\\\/product\\\/events\\\/lib-x-sensual-bodywork-torocskei-fannyval\\\/#primaryimage\",\"url\":\"https:\\\/\\\/libwo.iwanwilaga.com\\\/wp-content\\\/uploads\\\/2025\\\/03\\\/260104-Lib-WS-event-post-copy.jpeg\",\"contentUrl\":\"https:\\\/\\\/libwo.iwanwilaga.com\\\/wp-content\\\/uploads\\\/2025\\\/03\\\/260104-Lib-WS-event-post-copy.jpeg\",\"width\":1000,\"height\":1000,\"caption\":\"Sensual Bodywork T\u00f6r\u00f6cskei Fannyval\"},{\"@type\":\"BreadcrumbList\",\"@id\":\"https:\\\/\\\/libwo.iwanwilaga.com\\\/en\\\/product\\\/events\\\/lib-x-sensual-bodywork-torocskei-fannyval\\\/#breadcrumb\",\"itemListElement\":[{\"@type\":\"ListItem\",\"position\":1,\"name\":\"Kezd\u0151lap\",\"item\":\"https:\\\/\\\/libwo.iwanwilaga.com\\\/en\\\/\"},{\"@type\":\"ListItem\",\"position\":2,\"name\":\"Shop Home Page &#8211; Product categories\",\"item\":\"https:\\\/\\\/libwo.iwanwilaga.com\\\/shop-kezdolap-termek-kategoriak\\\/?lang=en\"},{\"@type\":\"ListItem\",\"position\":3,\"name\":\"Lib x Sensual Bodywork T\u00f6r\u00f6cskei Fannyval\"}]},{\"@type\":\"WebSite\",\"@id\":\"https:\\\/\\\/libwo.iwanwilaga.com\\\/en\\\/#website\",\"url\":\"https:\\\/\\\/libwo.iwanwilaga.com\\\/en\\\/\",\"name\":\"Lib Women Store\",\"description\":\"DEV OLDAL - Magyarorsz\u00e1g els\u0151 n\u0151kre f\u00f3kusz\u00e1l\u00f3 szexshopja, ahol az eg\u00e9szs\u00e9g ugyanolyan fontos, mint az \u00e9lvezetek.\",\"publisher\":{\"@id\":\"https:\\\/\\\/libwo.iwanwilaga.com\\\/en\\\/#organization\"},\"alternateName\":\"Lib\",\"potentialAction\":[{\"@type\":\"SearchAction\",\"target\":{\"@type\":\"EntryPoint\",\"urlTemplate\":\"https:\\\/\\\/libwo.iwanwilaga.com\\\/en\\\/?s={search_term_string}\"},\"query-input\":{\"@type\":\"PropertyValueSpecification\",\"valueRequired\":true,\"valueName\":\"search_term_string\"}}],\"inLanguage\":\"en-US\"},{\"@type\":\"Organization\",\"@id\":\"https:\\\/\\\/libwo.iwanwilaga.com\\\/en\\\/#organization\",\"name\":\"Lib Women Store\",\"url\":\"https:\\\/\\\/libwo.iwanwilaga.com\\\/en\\\/\",\"logo\":{\"@type\":\"ImageObject\",\"inLanguage\":\"en-US\",\"@id\":\"https:\\\/\\\/libwo.iwanwilaga.com\\\/en\\\/#\\\/schema\\\/logo\\\/image\\\/\",\"url\":\"https:\\\/\\\/libwo.iwanwilaga.com\\\/wp-content\\\/uploads\\\/2024\\\/05\\\/cropped-LIB-logo-A.png\",\"contentUrl\":\"https:\\\/\\\/libwo.iwanwilaga.com\\\/wp-content\\\/uploads\\\/2024\\\/05\\\/cropped-LIB-logo-A.png\",\"width\":512,\"height\":512,\"caption\":\"Lib Women Store\"},\"image\":{\"@id\":\"https:\\\/\\\/libwo.iwanwilaga.com\\\/en\\\/#\\\/schema\\\/logo\\\/image\\\/\"},\"sameAs\":[\"https:\\\/\\\/www.facebook.com\\\/libwomenstore\"]}]}<\/script>\n<meta property=\"product:price:currency\" content=\"HUF\" \/>\n<meta property=\"og:availability\" content=\"instock\" \/>\n<meta property=\"product:availability\" content=\"instock\" \/>\n<meta property=\"product:condition\" content=\"new\" \/>\n<!-- \/ Yoast SEO Premium plugin. -->","yoast_head_json":{"title":"Lib x Sensual Bodywork T\u00f6r\u00f6cskei Fannyval - Lib Women&#039;s Store DEW SITE","description":"Gondolkozt\u00e1l m\u00e1r azon, hogy milyen szerepet t\u00f6lt be a tested az intimit\u00e1sod ter\u00e9n, esetleg az intimit\u00e1sod fejleszt\u00e9se ter\u00e9n? Hogyan lehets\u00e9ges a testeden kereszt\u00fcl az intim teredhez kapcsol\u00f3dni biztons\u00e1gosan?","robots":{"index":"noindex","follow":"follow","max-snippet":"max-snippet:-1","max-image-preview":"max-image-preview:large","max-video-preview":"max-video-preview:-1"},"og_locale":"en_US","og_type":"article","og_title":"Lib x Sensual Bodywork T\u00f6r\u00f6cskei Fannyval","og_description":"Gondolkozt\u00e1l m\u00e1r azon, hogy milyen szerepet t\u00f6lt be a tested az intimit\u00e1sod ter\u00e9n, esetleg az intimit\u00e1sod fejleszt\u00e9se ter\u00e9n? Hogyan lehets\u00e9ges a testeden kereszt\u00fcl az intim teredhez kapcsol\u00f3dni biztons\u00e1gosan?","og_url":"https:\/\/libwo.iwanwilaga.com\/en\/product\/events\/lib-x-sensual-bodywork-torocskei-fannyval\/","og_site_name":"Lib Women&#039;s Store DEW SITE","article_publisher":"https:\/\/www.facebook.com\/libwomenstore","article_modified_time":"2026-01-04T17:43:14+00:00","og_image":[{"width":1000,"height":1000,"url":"https:\/\/libwo.iwanwilaga.com\/wp-content\/uploads\/2025\/03\/260104-Lib-WS-event-post-copy.jpeg","type":"image\/jpeg"}],"twitter_card":"summary_large_image","twitter_misc":{"Price":"","Availability":"In stock"},"schema":{"@context":"https:\/\/schema.org","@graph":[{"@type":["WebPage","ItemPage"],"@id":"https:\/\/libwo.iwanwilaga.com\/en\/product\/events\/lib-x-sensual-bodywork-torocskei-fannyval\/","url":"https:\/\/libwo.iwanwilaga.com\/en\/product\/events\/lib-x-sensual-bodywork-torocskei-fannyval\/","name":"Lib x Sensual Bodywork T\u00f6r\u00f6cskei Fannyval - Lib Women&#039;s Store DEW SITE","isPartOf":{"@id":"https:\/\/libwo.iwanwilaga.com\/en\/#website"},"primaryImageOfPage":{"@id":"https:\/\/libwo.iwanwilaga.com\/en\/product\/events\/lib-x-sensual-bodywork-torocskei-fannyval\/#primaryimage"},"image":{"@id":"https:\/\/libwo.iwanwilaga.com\/en\/product\/events\/lib-x-sensual-bodywork-torocskei-fannyval\/#primaryimage"},"thumbnailUrl":"https:\/\/libwo.iwanwilaga.com\/wp-content\/uploads\/2025\/03\/260104-Lib-WS-event-post-copy.jpeg","datePublished":"2025-03-20T10:09:42+00:00","dateModified":"2026-01-04T17:43:14+00:00","description":"Gondolkozt\u00e1l m\u00e1r azon, hogy milyen szerepet t\u00f6lt be a tested az intimit\u00e1sod ter\u00e9n, esetleg az intimit\u00e1sod fejleszt\u00e9se ter\u00e9n? Hogyan lehets\u00e9ges a testeden kereszt\u00fcl az intim teredhez kapcsol\u00f3dni biztons\u00e1gosan?","breadcrumb":{"@id":"https:\/\/libwo.iwanwilaga.com\/en\/product\/events\/lib-x-sensual-bodywork-torocskei-fannyval\/#breadcrumb"},"inLanguage":"en-US","potentialAction":[{"@type":"ReadAction","target":["https:\/\/libwo.iwanwilaga.com\/en\/product\/events\/lib-x-sensual-bodywork-torocskei-fannyval\/"]}]},{"@type":"ImageObject","inLanguage":"en-US","@id":"https:\/\/libwo.iwanwilaga.com\/en\/product\/events\/lib-x-sensual-bodywork-torocskei-fannyval\/#primaryimage","url":"https:\/\/libwo.iwanwilaga.com\/wp-content\/uploads\/2025\/03\/260104-Lib-WS-event-post-copy.jpeg","contentUrl":"https:\/\/libwo.iwanwilaga.com\/wp-content\/uploads\/2025\/03\/260104-Lib-WS-event-post-copy.jpeg","width":1000,"height":1000,"caption":"Sensual Bodywork T\u00f6r\u00f6cskei Fannyval"},{"@type":"BreadcrumbList","@id":"https:\/\/libwo.iwanwilaga.com\/en\/product\/events\/lib-x-sensual-bodywork-torocskei-fannyval\/#breadcrumb","itemListElement":[{"@type":"ListItem","position":1,"name":"Kezd\u0151lap","item":"https:\/\/libwo.iwanwilaga.com\/en\/"},{"@type":"ListItem","position":2,"name":"Shop Home Page &#8211; Product categories","item":"https:\/\/libwo.iwanwilaga.com\/shop-kezdolap-termek-kategoriak\/?lang=en"},{"@type":"ListItem","position":3,"name":"Lib x Sensual Bodywork T\u00f6r\u00f6cskei Fannyval"}]},{"@type":"WebSite","@id":"https:\/\/libwo.iwanwilaga.com\/en\/#website","url":"https:\/\/libwo.iwanwilaga.com\/en\/","name":"Lib Women Store","description":"DEV OLDAL - Magyarorsz\u00e1g els\u0151 n\u0151kre f\u00f3kusz\u00e1l\u00f3 szexshopja, ahol az eg\u00e9szs\u00e9g ugyanolyan fontos, mint az \u00e9lvezetek.","publisher":{"@id":"https:\/\/libwo.iwanwilaga.com\/en\/#organization"},"alternateName":"Lib","potentialAction":[{"@type":"SearchAction","target":{"@type":"EntryPoint","urlTemplate":"https:\/\/libwo.iwanwilaga.com\/en\/?s={search_term_string}"},"query-input":{"@type":"PropertyValueSpecification","valueRequired":true,"valueName":"search_term_string"}}],"inLanguage":"en-US"},{"@type":"Organization","@id":"https:\/\/libwo.iwanwilaga.com\/en\/#organization","name":"Lib Women Store","url":"https:\/\/libwo.iwanwilaga.com\/en\/","logo":{"@type":"ImageObject","inLanguage":"en-US","@id":"https:\/\/libwo.iwanwilaga.com\/en\/#\/schema\/logo\/image\/","url":"https:\/\/libwo.iwanwilaga.com\/wp-content\/uploads\/2024\/05\/cropped-LIB-logo-A.png","contentUrl":"https:\/\/libwo.iwanwilaga.com\/wp-content\/uploads\/2024\/05\/cropped-LIB-logo-A.png","width":512,"height":512,"caption":"Lib Women Store"},"image":{"@id":"https:\/\/libwo.iwanwilaga.com\/en\/#\/schema\/logo\/image\/"},"sameAs":["https:\/\/www.facebook.com\/libwomenstore"]}]},"product_price_currency":"HUF","og_availability":"instock","product_availability":"instock","product_condition":"new"},"_links":{"self":[{"href":"https:\/\/libwo.iwanwilaga.com\/en\/wp-json\/wp\/v2\/product\/31168","targetHints":{"allow":["GET"]}}],"collection":[{"href":"https:\/\/libwo.iwanwilaga.com\/en\/wp-json\/wp\/v2\/product"}],"about":[{"href":"https:\/\/libwo.iwanwilaga.com\/en\/wp-json\/wp\/v2\/types\/product"}],"replies":[{"embeddable":true,"href":"https:\/\/libwo.iwanwilaga.com\/en\/wp-json\/wp\/v2\/comments?post=31168"}],"wp:featuredmedia":[{"embeddable":true,"href":"https:\/\/libwo.iwanwilaga.com\/en\/wp-json\/wp\/v2\/media\/34670"}],"wp:attachment":[{"href":"https:\/\/libwo.iwanwilaga.com\/en\/wp-json\/wp\/v2\/media?parent=31168"}],"wp:term":[{"taxonomy":"product_brand","embeddable":true,"href":"https:\/\/libwo.iwanwilaga.com\/en\/wp-json\/wp\/v2\/product_brand?post=31168"},{"taxonomy":"product_cat","embeddable":true,"href":"https:\/\/libwo.iwanwilaga.com\/en\/wp-json\/wp\/v2\/product_cat?post=31168"},{"taxonomy":"product_tag","embeddable":true,"href":"https:\/\/libwo.iwanwilaga.com\/en\/wp-json\/wp\/v2\/product_tag?post=31168"}],"curies":[{"name":"wp","href":"https:\/\/api.w.org\/{rel}","templated":true}]}}