{"id":29501,"date":"2024-11-22T13:23:08","date_gmt":"2024-11-22T12:23:08","guid":{"rendered":"https:\/\/uj.libwomenstore.com\/?post_type=product&#038;p=29501"},"modified":"2026-01-04T18:43:20","modified_gmt":"2026-01-04T17:43:20","slug":"lib-x-eljenek-a-40-feletti-nok-menopauza","status":"publish","type":"product","link":"https:\/\/libwo.iwanwilaga.com\/en\/product\/events\/lib-x-eljenek-a-40-feletti-nok-menopauza\/","title":{"rendered":"LIB x \u00c9ljenek a 40 feletti n\u0151k"},"content":{"rendered":"<p>[et_pb_section fb_built=&#8221;1&#8243; _builder_version=&#8221;4.27.3&#8243; _module_preset=&#8221;default&#8221; global_colors_info=&#8221;{}&#8221;][\/et_pb_section]<\/p>\n","protected":false},"excerpt":{"rendered":"<p>Ha m\u00e9g nem volt\u00e1l szexshopban, itt az alkalom! Janu\u00e1r 20-\u00e1n 18 \u00f3r\u00e1t\u00f3l LIB Women&#8217;s Store l\u00e1togat\u00e1st szervez\u00fcnk! Magyarorsz\u00e1g els\u0151 n\u0151i szexshopja m\u00e1r 3 \u00e9ve ny\u00edlt meg! Program: Iv\u00e1nyi Orsolya tart bevezet\u00e9st &#8220;menopauza \u00e9s szex&#8221; c\u00edmmel, majd a LIB csapata, Fanni \u00e9s Lili bemutatj\u00e1k a seg\u00e9deszk\u00f6z\u00f6k sz\u00e9les t\u00e1rh\u00e1z\u00e1t, mik\u00f6zben a n\u0151i eg\u00e9szs\u00e9get \u00e9rint\u0151 fontos t\u00e9m\u00e1kr\u00f3l besz\u00e9lget\u00fcnk. Mi mire j\u00f3, mire kell figyelni v\u00e1s\u00e1rl\u00e1skor, menopauza sor\u00e1n mire \u00e9rdemes figyelni, \u00e9s m\u00e9g sok m\u00e1s. Kiscsoportos foglalkoz\u00e1s: max. 12 f\u0151t v\u00e1runk.<\/p>\n<p>A bel\u00e9p\u0151 \u00e1ra 100% lev\u00e1s\u00e1rolhat\u00f3 a boltban!<\/p>\n","protected":false},"featured_media":34671,"comment_status":"closed","ping_status":"closed","template":"","meta":{"_et_pb_use_builder":"on","_et_pb_old_content":"","_et_gb_content_width":""},"product_brand":[],"product_cat":[313],"product_tag":[629,90,123],"class_list":{"0":"post-29501","1":"product","2":"type-product","3":"status-publish","4":"has-post-thumbnail","6":"product_cat-esemenyek-lib-womenstore","7":"product_tag-ivanyi-orsolya","8":"product_tag-menopauza","9":"product_tag-workshop","11":"first","12":"instock","13":"taxable","14":"shipping-taxable","15":"purchasable","16":"product-type-simple"},"yoast_head":"<!-- This site is optimized with the Yoast SEO Premium plugin v27.5 (Yoast SEO v27.5) - https:\/\/yoast.com\/product\/yoast-seo-premium-wordpress\/ -->\n<title>LIB x \u00c9ljenek a 40 feletti n\u0151k - Lib Women&#039;s Store DEW SITE<\/title>\n<meta name=\"description\" content=\"Tudj meg t\u00f6bbet a menopauz\u00e1r\u00f3l, a v\u00e1ltoz\u00f3 korr\u00f3l 40 felett, a hormonter\u00e1pi\u00e1r\u00f3l, a szexu\u00e1lis \u00e9letr\u0151l \u00e9s vibr\u00e1torokr\u00f3l Iv\u00e1nyi Orsoly\u00e1t\u00f3l \u00e9s a LIB-t\u0151l.\" \/>\n<meta name=\"robots\" content=\"noindex, follow, max-snippet:-1, max-image-preview:large, max-video-preview:-1\" \/>\n<meta property=\"og:locale\" content=\"en_US\" \/>\n<meta property=\"og:type\" content=\"article\" \/>\n<meta property=\"og:title\" content=\"LIB x \u00c9ljenek a 40 feletti n\u0151k\" \/>\n<meta property=\"og:description\" content=\"Tudj meg t\u00f6bbet a menopauz\u00e1r\u00f3l, a v\u00e1ltoz\u00f3 korr\u00f3l 40 felett, a hormonter\u00e1pi\u00e1r\u00f3l, a szexu\u00e1lis \u00e9letr\u0151l \u00e9s vibr\u00e1torokr\u00f3l Iv\u00e1nyi Orsoly\u00e1t\u00f3l \u00e9s a LIB-t\u0151l.\" \/>\n<meta property=\"og:url\" content=\"https:\/\/libwo.iwanwilaga.com\/en\/product\/events\/lib-x-eljenek-a-40-feletti-nok-menopauza\/\" \/>\n<meta property=\"og:site_name\" content=\"Lib Women&#039;s Store DEW SITE\" \/>\n<meta property=\"article:publisher\" content=\"https:\/\/www.facebook.com\/libwomenstore\" \/>\n<meta property=\"article:modified_time\" content=\"2026-01-04T17:43:20+00:00\" \/>\n<meta property=\"og:image\" content=\"https:\/\/libwo.iwanwilaga.com\/wp-content\/uploads\/2024\/11\/260114-Lib-eljenek-post-copy.jpg\" \/>\n\t<meta property=\"og:image:width\" content=\"1200\" \/>\n\t<meta property=\"og:image:height\" content=\"1200\" \/>\n\t<meta property=\"og:image:type\" content=\"image\/jpeg\" \/>\n<meta name=\"twitter:card\" content=\"summary_large_image\" \/>\n<meta name=\"twitter:label1\" content=\"Price\" \/>\n\t<meta name=\"twitter:data1\" content=\"10.000&#070;&#116;\" \/>\n\t<meta name=\"twitter:label2\" content=\"Availability\" \/>\n\t<meta name=\"twitter:data2\" content=\"In stock\" \/>\n<script type=\"application\/ld+json\" class=\"yoast-schema-graph\">{\"@context\":\"https:\\\/\\\/schema.org\",\"@graph\":[{\"@type\":[\"WebPage\",\"ItemPage\"],\"@id\":\"https:\\\/\\\/libwo.iwanwilaga.com\\\/en\\\/product\\\/events\\\/lib-x-eljenek-a-40-feletti-nok-menopauza\\\/\",\"url\":\"https:\\\/\\\/libwo.iwanwilaga.com\\\/en\\\/product\\\/events\\\/lib-x-eljenek-a-40-feletti-nok-menopauza\\\/\",\"name\":\"LIB x \u00c9ljenek a 40 feletti n\u0151k - Lib Women&#039;s Store DEW SITE\",\"isPartOf\":{\"@id\":\"https:\\\/\\\/libwo.iwanwilaga.com\\\/en\\\/#website\"},\"primaryImageOfPage\":{\"@id\":\"https:\\\/\\\/libwo.iwanwilaga.com\\\/en\\\/product\\\/events\\\/lib-x-eljenek-a-40-feletti-nok-menopauza\\\/#primaryimage\"},\"image\":{\"@id\":\"https:\\\/\\\/libwo.iwanwilaga.com\\\/en\\\/product\\\/events\\\/lib-x-eljenek-a-40-feletti-nok-menopauza\\\/#primaryimage\"},\"thumbnailUrl\":\"https:\\\/\\\/libwo.iwanwilaga.com\\\/wp-content\\\/uploads\\\/2024\\\/11\\\/260114-Lib-eljenek-post-copy.jpg\",\"datePublished\":\"2024-11-22T12:23:08+00:00\",\"dateModified\":\"2026-01-04T17:43:20+00:00\",\"description\":\"Tudj meg t\u00f6bbet a menopauz\u00e1r\u00f3l, a v\u00e1ltoz\u00f3 korr\u00f3l 40 felett, a hormonter\u00e1pi\u00e1r\u00f3l, a szexu\u00e1lis \u00e9letr\u0151l \u00e9s vibr\u00e1torokr\u00f3l Iv\u00e1nyi Orsoly\u00e1t\u00f3l \u00e9s a LIB-t\u0151l.\",\"breadcrumb\":{\"@id\":\"https:\\\/\\\/libwo.iwanwilaga.com\\\/en\\\/product\\\/events\\\/lib-x-eljenek-a-40-feletti-nok-menopauza\\\/#breadcrumb\"},\"inLanguage\":\"en-US\",\"potentialAction\":[{\"@type\":\"ReadAction\",\"target\":[\"https:\\\/\\\/libwo.iwanwilaga.com\\\/en\\\/product\\\/events\\\/lib-x-eljenek-a-40-feletti-nok-menopauza\\\/\"]}]},{\"@type\":\"ImageObject\",\"inLanguage\":\"en-US\",\"@id\":\"https:\\\/\\\/libwo.iwanwilaga.com\\\/en\\\/product\\\/events\\\/lib-x-eljenek-a-40-feletti-nok-menopauza\\\/#primaryimage\",\"url\":\"https:\\\/\\\/libwo.iwanwilaga.com\\\/wp-content\\\/uploads\\\/2024\\\/11\\\/260114-Lib-eljenek-post-copy.jpg\",\"contentUrl\":\"https:\\\/\\\/libwo.iwanwilaga.com\\\/wp-content\\\/uploads\\\/2024\\\/11\\\/260114-Lib-eljenek-post-copy.jpg\",\"width\":1200,\"height\":1200,\"caption\":\"\u00c9ljenek a 40 feletti n\u0151k\"},{\"@type\":\"BreadcrumbList\",\"@id\":\"https:\\\/\\\/libwo.iwanwilaga.com\\\/en\\\/product\\\/events\\\/lib-x-eljenek-a-40-feletti-nok-menopauza\\\/#breadcrumb\",\"itemListElement\":[{\"@type\":\"ListItem\",\"position\":1,\"name\":\"Kezd\u0151lap\",\"item\":\"https:\\\/\\\/libwo.iwanwilaga.com\\\/en\\\/\"},{\"@type\":\"ListItem\",\"position\":2,\"name\":\"Shop Home Page &#8211; Product categories\",\"item\":\"https:\\\/\\\/libwo.iwanwilaga.com\\\/shop-kezdolap-termek-kategoriak\\\/?lang=en\"},{\"@type\":\"ListItem\",\"position\":3,\"name\":\"LIB x \u00c9ljenek a 40 feletti n\u0151k\"}]},{\"@type\":\"WebSite\",\"@id\":\"https:\\\/\\\/libwo.iwanwilaga.com\\\/en\\\/#website\",\"url\":\"https:\\\/\\\/libwo.iwanwilaga.com\\\/en\\\/\",\"name\":\"Lib Women Store\",\"description\":\"DEV OLDAL - Magyarorsz\u00e1g els\u0151 n\u0151kre f\u00f3kusz\u00e1l\u00f3 szexshopja, ahol az eg\u00e9szs\u00e9g ugyanolyan fontos, mint az \u00e9lvezetek.\",\"publisher\":{\"@id\":\"https:\\\/\\\/libwo.iwanwilaga.com\\\/en\\\/#organization\"},\"alternateName\":\"Lib\",\"potentialAction\":[{\"@type\":\"SearchAction\",\"target\":{\"@type\":\"EntryPoint\",\"urlTemplate\":\"https:\\\/\\\/libwo.iwanwilaga.com\\\/en\\\/?s={search_term_string}\"},\"query-input\":{\"@type\":\"PropertyValueSpecification\",\"valueRequired\":true,\"valueName\":\"search_term_string\"}}],\"inLanguage\":\"en-US\"},{\"@type\":\"Organization\",\"@id\":\"https:\\\/\\\/libwo.iwanwilaga.com\\\/en\\\/#organization\",\"name\":\"Lib Women Store\",\"url\":\"https:\\\/\\\/libwo.iwanwilaga.com\\\/en\\\/\",\"logo\":{\"@type\":\"ImageObject\",\"inLanguage\":\"en-US\",\"@id\":\"https:\\\/\\\/libwo.iwanwilaga.com\\\/en\\\/#\\\/schema\\\/logo\\\/image\\\/\",\"url\":\"https:\\\/\\\/libwo.iwanwilaga.com\\\/wp-content\\\/uploads\\\/2024\\\/05\\\/cropped-LIB-logo-A.png\",\"contentUrl\":\"https:\\\/\\\/libwo.iwanwilaga.com\\\/wp-content\\\/uploads\\\/2024\\\/05\\\/cropped-LIB-logo-A.png\",\"width\":512,\"height\":512,\"caption\":\"Lib Women Store\"},\"image\":{\"@id\":\"https:\\\/\\\/libwo.iwanwilaga.com\\\/en\\\/#\\\/schema\\\/logo\\\/image\\\/\"},\"sameAs\":[\"https:\\\/\\\/www.facebook.com\\\/libwomenstore\"]}]}<\/script>\n<meta property=\"product:price:amount\" content=\"10000\" \/>\n<meta property=\"product:price:currency\" content=\"HUF\" \/>\n<meta property=\"og:availability\" content=\"instock\" \/>\n<meta property=\"product:availability\" content=\"instock\" \/>\n<meta property=\"product:condition\" content=\"new\" \/>\n<!-- \/ Yoast SEO Premium plugin. -->","yoast_head_json":{"title":"LIB x \u00c9ljenek a 40 feletti n\u0151k - Lib Women&#039;s Store DEW SITE","description":"Tudj meg t\u00f6bbet a menopauz\u00e1r\u00f3l, a v\u00e1ltoz\u00f3 korr\u00f3l 40 felett, a hormonter\u00e1pi\u00e1r\u00f3l, a szexu\u00e1lis \u00e9letr\u0151l \u00e9s vibr\u00e1torokr\u00f3l Iv\u00e1nyi Orsoly\u00e1t\u00f3l \u00e9s a LIB-t\u0151l.","robots":{"index":"noindex","follow":"follow","max-snippet":"max-snippet:-1","max-image-preview":"max-image-preview:large","max-video-preview":"max-video-preview:-1"},"og_locale":"en_US","og_type":"article","og_title":"LIB x \u00c9ljenek a 40 feletti n\u0151k","og_description":"Tudj meg t\u00f6bbet a menopauz\u00e1r\u00f3l, a v\u00e1ltoz\u00f3 korr\u00f3l 40 felett, a hormonter\u00e1pi\u00e1r\u00f3l, a szexu\u00e1lis \u00e9letr\u0151l \u00e9s vibr\u00e1torokr\u00f3l Iv\u00e1nyi Orsoly\u00e1t\u00f3l \u00e9s a LIB-t\u0151l.","og_url":"https:\/\/libwo.iwanwilaga.com\/en\/product\/events\/lib-x-eljenek-a-40-feletti-nok-menopauza\/","og_site_name":"Lib Women&#039;s Store DEW SITE","article_publisher":"https:\/\/www.facebook.com\/libwomenstore","article_modified_time":"2026-01-04T17:43:20+00:00","og_image":[{"width":1200,"height":1200,"url":"https:\/\/libwo.iwanwilaga.com\/wp-content\/uploads\/2024\/11\/260114-Lib-eljenek-post-copy.jpg","type":"image\/jpeg"}],"twitter_card":"summary_large_image","twitter_misc":{"Price":"10.000&#70;&#116;","Availability":"In stock"},"schema":{"@context":"https:\/\/schema.org","@graph":[{"@type":["WebPage","ItemPage"],"@id":"https:\/\/libwo.iwanwilaga.com\/en\/product\/events\/lib-x-eljenek-a-40-feletti-nok-menopauza\/","url":"https:\/\/libwo.iwanwilaga.com\/en\/product\/events\/lib-x-eljenek-a-40-feletti-nok-menopauza\/","name":"LIB x \u00c9ljenek a 40 feletti n\u0151k - Lib Women&#039;s Store DEW SITE","isPartOf":{"@id":"https:\/\/libwo.iwanwilaga.com\/en\/#website"},"primaryImageOfPage":{"@id":"https:\/\/libwo.iwanwilaga.com\/en\/product\/events\/lib-x-eljenek-a-40-feletti-nok-menopauza\/#primaryimage"},"image":{"@id":"https:\/\/libwo.iwanwilaga.com\/en\/product\/events\/lib-x-eljenek-a-40-feletti-nok-menopauza\/#primaryimage"},"thumbnailUrl":"https:\/\/libwo.iwanwilaga.com\/wp-content\/uploads\/2024\/11\/260114-Lib-eljenek-post-copy.jpg","datePublished":"2024-11-22T12:23:08+00:00","dateModified":"2026-01-04T17:43:20+00:00","description":"Tudj meg t\u00f6bbet a menopauz\u00e1r\u00f3l, a v\u00e1ltoz\u00f3 korr\u00f3l 40 felett, a hormonter\u00e1pi\u00e1r\u00f3l, a szexu\u00e1lis \u00e9letr\u0151l \u00e9s vibr\u00e1torokr\u00f3l Iv\u00e1nyi Orsoly\u00e1t\u00f3l \u00e9s a LIB-t\u0151l.","breadcrumb":{"@id":"https:\/\/libwo.iwanwilaga.com\/en\/product\/events\/lib-x-eljenek-a-40-feletti-nok-menopauza\/#breadcrumb"},"inLanguage":"en-US","potentialAction":[{"@type":"ReadAction","target":["https:\/\/libwo.iwanwilaga.com\/en\/product\/events\/lib-x-eljenek-a-40-feletti-nok-menopauza\/"]}]},{"@type":"ImageObject","inLanguage":"en-US","@id":"https:\/\/libwo.iwanwilaga.com\/en\/product\/events\/lib-x-eljenek-a-40-feletti-nok-menopauza\/#primaryimage","url":"https:\/\/libwo.iwanwilaga.com\/wp-content\/uploads\/2024\/11\/260114-Lib-eljenek-post-copy.jpg","contentUrl":"https:\/\/libwo.iwanwilaga.com\/wp-content\/uploads\/2024\/11\/260114-Lib-eljenek-post-copy.jpg","width":1200,"height":1200,"caption":"\u00c9ljenek a 40 feletti n\u0151k"},{"@type":"BreadcrumbList","@id":"https:\/\/libwo.iwanwilaga.com\/en\/product\/events\/lib-x-eljenek-a-40-feletti-nok-menopauza\/#breadcrumb","itemListElement":[{"@type":"ListItem","position":1,"name":"Kezd\u0151lap","item":"https:\/\/libwo.iwanwilaga.com\/en\/"},{"@type":"ListItem","position":2,"name":"Shop Home Page &#8211; Product categories","item":"https:\/\/libwo.iwanwilaga.com\/shop-kezdolap-termek-kategoriak\/?lang=en"},{"@type":"ListItem","position":3,"name":"LIB x \u00c9ljenek a 40 feletti n\u0151k"}]},{"@type":"WebSite","@id":"https:\/\/libwo.iwanwilaga.com\/en\/#website","url":"https:\/\/libwo.iwanwilaga.com\/en\/","name":"Lib Women Store","description":"DEV OLDAL - Magyarorsz\u00e1g els\u0151 n\u0151kre f\u00f3kusz\u00e1l\u00f3 szexshopja, ahol az eg\u00e9szs\u00e9g ugyanolyan fontos, mint az \u00e9lvezetek.","publisher":{"@id":"https:\/\/libwo.iwanwilaga.com\/en\/#organization"},"alternateName":"Lib","potentialAction":[{"@type":"SearchAction","target":{"@type":"EntryPoint","urlTemplate":"https:\/\/libwo.iwanwilaga.com\/en\/?s={search_term_string}"},"query-input":{"@type":"PropertyValueSpecification","valueRequired":true,"valueName":"search_term_string"}}],"inLanguage":"en-US"},{"@type":"Organization","@id":"https:\/\/libwo.iwanwilaga.com\/en\/#organization","name":"Lib Women Store","url":"https:\/\/libwo.iwanwilaga.com\/en\/","logo":{"@type":"ImageObject","inLanguage":"en-US","@id":"https:\/\/libwo.iwanwilaga.com\/en\/#\/schema\/logo\/image\/","url":"https:\/\/libwo.iwanwilaga.com\/wp-content\/uploads\/2024\/05\/cropped-LIB-logo-A.png","contentUrl":"https:\/\/libwo.iwanwilaga.com\/wp-content\/uploads\/2024\/05\/cropped-LIB-logo-A.png","width":512,"height":512,"caption":"Lib Women Store"},"image":{"@id":"https:\/\/libwo.iwanwilaga.com\/en\/#\/schema\/logo\/image\/"},"sameAs":["https:\/\/www.facebook.com\/libwomenstore"]}]},"product_price_amount":"10000","product_price_currency":"HUF","og_availability":"instock","product_availability":"instock","product_condition":"new"},"_links":{"self":[{"href":"https:\/\/libwo.iwanwilaga.com\/en\/wp-json\/wp\/v2\/product\/29501","targetHints":{"allow":["GET"]}}],"collection":[{"href":"https:\/\/libwo.iwanwilaga.com\/en\/wp-json\/wp\/v2\/product"}],"about":[{"href":"https:\/\/libwo.iwanwilaga.com\/en\/wp-json\/wp\/v2\/types\/product"}],"replies":[{"embeddable":true,"href":"https:\/\/libwo.iwanwilaga.com\/en\/wp-json\/wp\/v2\/comments?post=29501"}],"wp:featuredmedia":[{"embeddable":true,"href":"https:\/\/libwo.iwanwilaga.com\/en\/wp-json\/wp\/v2\/media\/34671"}],"wp:attachment":[{"href":"https:\/\/libwo.iwanwilaga.com\/en\/wp-json\/wp\/v2\/media?parent=29501"}],"wp:term":[{"taxonomy":"product_brand","embeddable":true,"href":"https:\/\/libwo.iwanwilaga.com\/en\/wp-json\/wp\/v2\/product_brand?post=29501"},{"taxonomy":"product_cat","embeddable":true,"href":"https:\/\/libwo.iwanwilaga.com\/en\/wp-json\/wp\/v2\/product_cat?post=29501"},{"taxonomy":"product_tag","embeddable":true,"href":"https:\/\/libwo.iwanwilaga.com\/en\/wp-json\/wp\/v2\/product_tag?post=29501"}],"curies":[{"name":"wp","href":"https:\/\/api.w.org\/{rel}","templated":true}]}}