{"id":29500,"date":"2024-11-21T19:05:00","date_gmt":"2024-11-21T18:05:00","guid":{"rendered":"https:\/\/uj.libwomenstore.com\/?post_type=product&#038;p=29500"},"modified":"2025-01-07T17:27:59","modified_gmt":"2025-01-07T16:27:59","slug":"eye-of-love-pheromone-parfum-to-attaract-him","status":"publish","type":"product","link":"https:\/\/libwo.iwanwilaga.com\/en\/product\/enhancers\/eye-of-love-pheromone-parfum-to-attaract-him\/","title":{"rendered":"EYE OF LOVE Matchmaker Red Diamond Pheromone Parfum to Attaract Him"},"content":{"rendered":"<p>[et_pb_section fb_built=&#8221;1&#8243; _builder_version=&#8221;4.27.4&#8243; _module_preset=&#8221;default&#8221; global_colors_info=&#8221;{}&#8221;][\/et_pb_section]<\/p>\n","protected":false},"excerpt":{"rendered":"<p style=\"text-align: center;\">This fragrance was created by the Eye of Love team, who are famous for their high pheromone concentration, vegan and luxury perfumes with the help of Patti Stanger Millionair Matchmaker!<\/p>\n","protected":false},"featured_media":29499,"comment_status":"closed","ping_status":"closed","template":"","meta":{"_et_pb_use_builder":"on","_et_pb_old_content":"<p style=\"text-align: left\">Eye of Love\u2019s perfume holds a little secret \u2013 a scientifically formulated blend of pheromones specifically designed to arouse and attract men.<\/p>\r\n<p style=\"text-align: left\">Now anyone can harness the seductive power of pheromones in a high-potency, long-lasting formula.<\/p>\r\n<p style=\"text-align: left\">Simply apply two to three drops to your neck and wrists and rub in thoroughly. The luxurious elixir blends with your own body chemistry to create an undetectable scent that will drive men crazy.<\/p>\r\n<p style=\"text-align: left\">Wear it on bare skin to capture your essence. Either way, be prepared to make a lasting impression wherever you go.<\/p>\r\n<p style=\"text-align: left\">Scent\u00a0profile: Sensual jasmine, bright grapefruit and warm amber with a hint of citrus.<\/p>\r\n<p style=\"text-align: left\">Tip<\/p>\r\n<p style=\"text-align: left\">Try it on a date night or to a\u00a0romantic dinner and wait for the result!<\/p>\r\n<p style=\"text-align: left\">Features<\/p>\r\n<p style=\"text-align: left\">Eye of Love pheromone products bring a touch of magic to your scent game! Infused with vegan pheromones, they amp up your attractiveness and confidence, sparking potential interest from admirers. Apply them to your chest area where your sweat glands are and let the playful dance of chemistry begin!<\/p>\r\n<p style=\"text-align: left\">Peta certified - cruelty free<\/p>\r\n<p style=\"text-align: left\">Vegan - pure, plant based pheromones<\/p>\r\n<p style=\"text-align: left\">highest quality ingredients<\/p>\r\n<p style=\"text-align: left\">stays for 4-8 hours<\/p>\r\n<p style=\"text-align: left\">yam root extract<\/p>\r\n<p style=\"text-align: left\">Ingredients (INCI): Ethanol, Fragrance, Aqua, Propane-1,2-diol, Castor oil, Estratetraenol, Edetic acid<\/p>\r\n<p style=\"text-align: left\"><strong>How to use<\/strong><\/p>\r\n<p style=\"text-align: left\">Apply 2-3 drops to your chest area and the results will be tangible!<\/p>\r\n<p style=\"text-align: left\"><strong>Warning:<\/strong> If irritation or discomfort occurs, discontinue use and consult a physician. Keep out of reach of children. Keep out of sight. If the substance accidentally gets into the eyes, rinse thoroughly with plenty of clean water.<\/p>\r\n<p style=\"text-align: left\"><\/p>","_et_gb_content_width":""},"product_brand":[],"product_cat":[327,362],"product_tag":[],"class_list":{"0":"post-29500","1":"product","2":"type-product","3":"status-publish","4":"has-post-thumbnail","6":"product_cat-bdsm-accessories","7":"product_cat-enhancers","9":"first","10":"outofstock","11":"taxable","12":"shipping-taxable","13":"purchasable","14":"product-type-simple"},"yoast_head":"<!-- This site is optimized with the Yoast SEO Premium plugin v27.5 (Yoast SEO v27.5) - https:\/\/yoast.com\/product\/yoast-seo-premium-wordpress\/ -->\n<title>EYE OF LOVE Matchmaker Red Diamond Pheromone Parfum to Attaract Him - Lib Women&#039;s Store DEW SITE<\/title>\n<meta name=\"description\" content=\"Pheromone perfume designed to arouse and attract men. With the vegan and cruelty free pheromons and the scent of jasmin pampers you too.\" \/>\n<meta name=\"robots\" content=\"noindex, follow, max-snippet:-1, max-image-preview:large, max-video-preview:-1\" \/>\n<meta property=\"og:locale\" content=\"en_US\" \/>\n<meta property=\"og:type\" content=\"article\" \/>\n<meta property=\"og:title\" content=\"EYE OF LOVE Matchmaker Red Diamond Pheromone Parfum to Attaract Him\" \/>\n<meta property=\"og:description\" content=\"Pheromone perfume designed to arouse and attract men. With the vegan and cruelty free pheromons and the scent of jasmin pampers you too.\" \/>\n<meta property=\"og:url\" content=\"https:\/\/libwo.iwanwilaga.com\/en\/product\/enhancers\/eye-of-love-pheromone-parfum-to-attaract-him\/\" \/>\n<meta property=\"og:site_name\" content=\"Lib Women&#039;s Store DEW SITE\" \/>\n<meta property=\"article:publisher\" content=\"https:\/\/www.facebook.com\/libwomenstore\" \/>\n<meta property=\"article:modified_time\" content=\"2025-01-07T16:27:59+00:00\" \/>\n<meta property=\"og:image\" content=\"https:\/\/libwo.iwanwilaga.com\/wp-content\/uploads\/2024\/11\/4_662f6724-6149-4931-bd19-450011a5141c.png\" \/>\n\t<meta property=\"og:image:width\" content=\"1080\" \/>\n\t<meta property=\"og:image:height\" content=\"1080\" \/>\n\t<meta property=\"og:image:type\" content=\"image\/png\" \/>\n<meta name=\"twitter:card\" content=\"summary_large_image\" \/>\n<meta name=\"twitter:label1\" content=\"Price\" \/>\n\t<meta name=\"twitter:data1\" content=\"15.700&#070;&#116;\" \/>\n\t<meta name=\"twitter:label2\" content=\"Availability\" \/>\n\t<meta name=\"twitter:data2\" content=\"Out of stock\" \/>\n<script type=\"application\/ld+json\" class=\"yoast-schema-graph\">{\"@context\":\"https:\\\/\\\/schema.org\",\"@graph\":[{\"@type\":[\"WebPage\",\"ItemPage\"],\"@id\":\"https:\\\/\\\/libwo.iwanwilaga.com\\\/en\\\/product\\\/enhancers\\\/eye-of-love-pheromone-parfum-to-attaract-him\\\/\",\"url\":\"https:\\\/\\\/libwo.iwanwilaga.com\\\/en\\\/product\\\/enhancers\\\/eye-of-love-pheromone-parfum-to-attaract-him\\\/\",\"name\":\"EYE OF LOVE Matchmaker Red Diamond Pheromone Parfum to Attaract Him - Lib Women&#039;s Store DEW SITE\",\"isPartOf\":{\"@id\":\"https:\\\/\\\/libwo.iwanwilaga.com\\\/en\\\/#website\"},\"primaryImageOfPage\":{\"@id\":\"https:\\\/\\\/libwo.iwanwilaga.com\\\/en\\\/product\\\/enhancers\\\/eye-of-love-pheromone-parfum-to-attaract-him\\\/#primaryimage\"},\"image\":{\"@id\":\"https:\\\/\\\/libwo.iwanwilaga.com\\\/en\\\/product\\\/enhancers\\\/eye-of-love-pheromone-parfum-to-attaract-him\\\/#primaryimage\"},\"thumbnailUrl\":\"https:\\\/\\\/libwo.iwanwilaga.com\\\/wp-content\\\/uploads\\\/2024\\\/11\\\/4_662f6724-6149-4931-bd19-450011a5141c.png\",\"datePublished\":\"2024-11-21T18:05:00+00:00\",\"dateModified\":\"2025-01-07T16:27:59+00:00\",\"description\":\"Pheromone perfume designed to arouse and attract men. With the vegan and cruelty free pheromons and the scent of jasmin pampers you too.\",\"breadcrumb\":{\"@id\":\"https:\\\/\\\/libwo.iwanwilaga.com\\\/en\\\/product\\\/enhancers\\\/eye-of-love-pheromone-parfum-to-attaract-him\\\/#breadcrumb\"},\"inLanguage\":\"en-US\",\"potentialAction\":[{\"@type\":\"ReadAction\",\"target\":[\"https:\\\/\\\/libwo.iwanwilaga.com\\\/en\\\/product\\\/enhancers\\\/eye-of-love-pheromone-parfum-to-attaract-him\\\/\"]}]},{\"@type\":\"ImageObject\",\"inLanguage\":\"en-US\",\"@id\":\"https:\\\/\\\/libwo.iwanwilaga.com\\\/en\\\/product\\\/enhancers\\\/eye-of-love-pheromone-parfum-to-attaract-him\\\/#primaryimage\",\"url\":\"https:\\\/\\\/libwo.iwanwilaga.com\\\/wp-content\\\/uploads\\\/2024\\\/11\\\/4_662f6724-6149-4931-bd19-450011a5141c.png\",\"contentUrl\":\"https:\\\/\\\/libwo.iwanwilaga.com\\\/wp-content\\\/uploads\\\/2024\\\/11\\\/4_662f6724-6149-4931-bd19-450011a5141c.png\",\"width\":1080,\"height\":1080},{\"@type\":\"BreadcrumbList\",\"@id\":\"https:\\\/\\\/libwo.iwanwilaga.com\\\/en\\\/product\\\/enhancers\\\/eye-of-love-pheromone-parfum-to-attaract-him\\\/#breadcrumb\",\"itemListElement\":[{\"@type\":\"ListItem\",\"position\":1,\"name\":\"Kezd\u0151lap\",\"item\":\"https:\\\/\\\/libwo.iwanwilaga.com\\\/en\\\/\"},{\"@type\":\"ListItem\",\"position\":2,\"name\":\"Shop Home Page &#8211; Product categories\",\"item\":\"https:\\\/\\\/libwo.iwanwilaga.com\\\/shop-kezdolap-termek-kategoriak\\\/?lang=en\"},{\"@type\":\"ListItem\",\"position\":3,\"name\":\"EYE OF LOVE Matchmaker Red Diamond Pheromone Parfum to Attaract Him\"}]},{\"@type\":\"WebSite\",\"@id\":\"https:\\\/\\\/libwo.iwanwilaga.com\\\/en\\\/#website\",\"url\":\"https:\\\/\\\/libwo.iwanwilaga.com\\\/en\\\/\",\"name\":\"Lib Women Store\",\"description\":\"DEV OLDAL - Magyarorsz\u00e1g els\u0151 n\u0151kre f\u00f3kusz\u00e1l\u00f3 szexshopja, ahol az eg\u00e9szs\u00e9g ugyanolyan fontos, mint az \u00e9lvezetek.\",\"publisher\":{\"@id\":\"https:\\\/\\\/libwo.iwanwilaga.com\\\/en\\\/#organization\"},\"alternateName\":\"Lib\",\"potentialAction\":[{\"@type\":\"SearchAction\",\"target\":{\"@type\":\"EntryPoint\",\"urlTemplate\":\"https:\\\/\\\/libwo.iwanwilaga.com\\\/en\\\/?s={search_term_string}\"},\"query-input\":{\"@type\":\"PropertyValueSpecification\",\"valueRequired\":true,\"valueName\":\"search_term_string\"}}],\"inLanguage\":\"en-US\"},{\"@type\":\"Organization\",\"@id\":\"https:\\\/\\\/libwo.iwanwilaga.com\\\/en\\\/#organization\",\"name\":\"Lib Women Store\",\"url\":\"https:\\\/\\\/libwo.iwanwilaga.com\\\/en\\\/\",\"logo\":{\"@type\":\"ImageObject\",\"inLanguage\":\"en-US\",\"@id\":\"https:\\\/\\\/libwo.iwanwilaga.com\\\/en\\\/#\\\/schema\\\/logo\\\/image\\\/\",\"url\":\"https:\\\/\\\/libwo.iwanwilaga.com\\\/wp-content\\\/uploads\\\/2024\\\/05\\\/cropped-LIB-logo-A.png\",\"contentUrl\":\"https:\\\/\\\/libwo.iwanwilaga.com\\\/wp-content\\\/uploads\\\/2024\\\/05\\\/cropped-LIB-logo-A.png\",\"width\":512,\"height\":512,\"caption\":\"Lib Women Store\"},\"image\":{\"@id\":\"https:\\\/\\\/libwo.iwanwilaga.com\\\/en\\\/#\\\/schema\\\/logo\\\/image\\\/\"},\"sameAs\":[\"https:\\\/\\\/www.facebook.com\\\/libwomenstore\"]}]}<\/script>\n<meta property=\"product:price:amount\" content=\"15700\" \/>\n<meta property=\"product:price:currency\" content=\"HUF\" \/>\n<meta property=\"og:availability\" content=\"out of stock\" \/>\n<meta property=\"product:availability\" content=\"out of stock\" \/>\n<meta property=\"product:retailer_item_id\" content=\"LIB-EL001\" \/>\n<meta property=\"product:condition\" content=\"new\" \/>\n<!-- \/ Yoast SEO Premium plugin. -->","yoast_head_json":{"title":"EYE OF LOVE Matchmaker Red Diamond Pheromone Parfum to Attaract Him - Lib Women&#039;s Store DEW SITE","description":"Pheromone perfume designed to arouse and attract men. With the vegan and cruelty free pheromons and the scent of jasmin pampers you too.","robots":{"index":"noindex","follow":"follow","max-snippet":"max-snippet:-1","max-image-preview":"max-image-preview:large","max-video-preview":"max-video-preview:-1"},"og_locale":"en_US","og_type":"article","og_title":"EYE OF LOVE Matchmaker Red Diamond Pheromone Parfum to Attaract Him","og_description":"Pheromone perfume designed to arouse and attract men. With the vegan and cruelty free pheromons and the scent of jasmin pampers you too.","og_url":"https:\/\/libwo.iwanwilaga.com\/en\/product\/enhancers\/eye-of-love-pheromone-parfum-to-attaract-him\/","og_site_name":"Lib Women&#039;s Store DEW SITE","article_publisher":"https:\/\/www.facebook.com\/libwomenstore","article_modified_time":"2025-01-07T16:27:59+00:00","og_image":[{"width":1080,"height":1080,"url":"https:\/\/libwo.iwanwilaga.com\/wp-content\/uploads\/2024\/11\/4_662f6724-6149-4931-bd19-450011a5141c.png","type":"image\/png"}],"twitter_card":"summary_large_image","twitter_misc":{"Price":"15.700&#70;&#116;","Availability":"Out of stock"},"schema":{"@context":"https:\/\/schema.org","@graph":[{"@type":["WebPage","ItemPage"],"@id":"https:\/\/libwo.iwanwilaga.com\/en\/product\/enhancers\/eye-of-love-pheromone-parfum-to-attaract-him\/","url":"https:\/\/libwo.iwanwilaga.com\/en\/product\/enhancers\/eye-of-love-pheromone-parfum-to-attaract-him\/","name":"EYE OF LOVE Matchmaker Red Diamond Pheromone Parfum to Attaract Him - Lib Women&#039;s Store DEW SITE","isPartOf":{"@id":"https:\/\/libwo.iwanwilaga.com\/en\/#website"},"primaryImageOfPage":{"@id":"https:\/\/libwo.iwanwilaga.com\/en\/product\/enhancers\/eye-of-love-pheromone-parfum-to-attaract-him\/#primaryimage"},"image":{"@id":"https:\/\/libwo.iwanwilaga.com\/en\/product\/enhancers\/eye-of-love-pheromone-parfum-to-attaract-him\/#primaryimage"},"thumbnailUrl":"https:\/\/libwo.iwanwilaga.com\/wp-content\/uploads\/2024\/11\/4_662f6724-6149-4931-bd19-450011a5141c.png","datePublished":"2024-11-21T18:05:00+00:00","dateModified":"2025-01-07T16:27:59+00:00","description":"Pheromone perfume designed to arouse and attract men. With the vegan and cruelty free pheromons and the scent of jasmin pampers you too.","breadcrumb":{"@id":"https:\/\/libwo.iwanwilaga.com\/en\/product\/enhancers\/eye-of-love-pheromone-parfum-to-attaract-him\/#breadcrumb"},"inLanguage":"en-US","potentialAction":[{"@type":"ReadAction","target":["https:\/\/libwo.iwanwilaga.com\/en\/product\/enhancers\/eye-of-love-pheromone-parfum-to-attaract-him\/"]}]},{"@type":"ImageObject","inLanguage":"en-US","@id":"https:\/\/libwo.iwanwilaga.com\/en\/product\/enhancers\/eye-of-love-pheromone-parfum-to-attaract-him\/#primaryimage","url":"https:\/\/libwo.iwanwilaga.com\/wp-content\/uploads\/2024\/11\/4_662f6724-6149-4931-bd19-450011a5141c.png","contentUrl":"https:\/\/libwo.iwanwilaga.com\/wp-content\/uploads\/2024\/11\/4_662f6724-6149-4931-bd19-450011a5141c.png","width":1080,"height":1080},{"@type":"BreadcrumbList","@id":"https:\/\/libwo.iwanwilaga.com\/en\/product\/enhancers\/eye-of-love-pheromone-parfum-to-attaract-him\/#breadcrumb","itemListElement":[{"@type":"ListItem","position":1,"name":"Kezd\u0151lap","item":"https:\/\/libwo.iwanwilaga.com\/en\/"},{"@type":"ListItem","position":2,"name":"Shop Home Page &#8211; Product categories","item":"https:\/\/libwo.iwanwilaga.com\/shop-kezdolap-termek-kategoriak\/?lang=en"},{"@type":"ListItem","position":3,"name":"EYE OF LOVE Matchmaker Red Diamond Pheromone Parfum to Attaract Him"}]},{"@type":"WebSite","@id":"https:\/\/libwo.iwanwilaga.com\/en\/#website","url":"https:\/\/libwo.iwanwilaga.com\/en\/","name":"Lib Women Store","description":"DEV OLDAL - Magyarorsz\u00e1g els\u0151 n\u0151kre f\u00f3kusz\u00e1l\u00f3 szexshopja, ahol az eg\u00e9szs\u00e9g ugyanolyan fontos, mint az \u00e9lvezetek.","publisher":{"@id":"https:\/\/libwo.iwanwilaga.com\/en\/#organization"},"alternateName":"Lib","potentialAction":[{"@type":"SearchAction","target":{"@type":"EntryPoint","urlTemplate":"https:\/\/libwo.iwanwilaga.com\/en\/?s={search_term_string}"},"query-input":{"@type":"PropertyValueSpecification","valueRequired":true,"valueName":"search_term_string"}}],"inLanguage":"en-US"},{"@type":"Organization","@id":"https:\/\/libwo.iwanwilaga.com\/en\/#organization","name":"Lib Women Store","url":"https:\/\/libwo.iwanwilaga.com\/en\/","logo":{"@type":"ImageObject","inLanguage":"en-US","@id":"https:\/\/libwo.iwanwilaga.com\/en\/#\/schema\/logo\/image\/","url":"https:\/\/libwo.iwanwilaga.com\/wp-content\/uploads\/2024\/05\/cropped-LIB-logo-A.png","contentUrl":"https:\/\/libwo.iwanwilaga.com\/wp-content\/uploads\/2024\/05\/cropped-LIB-logo-A.png","width":512,"height":512,"caption":"Lib Women Store"},"image":{"@id":"https:\/\/libwo.iwanwilaga.com\/en\/#\/schema\/logo\/image\/"},"sameAs":["https:\/\/www.facebook.com\/libwomenstore"]}]},"product_price_amount":"15700","product_price_currency":"HUF","og_availability":"out of stock","product_availability":"out of stock","product_retailer_item_id":"LIB-EL001","product_condition":"new"},"_links":{"self":[{"href":"https:\/\/libwo.iwanwilaga.com\/en\/wp-json\/wp\/v2\/product\/29500","targetHints":{"allow":["GET"]}}],"collection":[{"href":"https:\/\/libwo.iwanwilaga.com\/en\/wp-json\/wp\/v2\/product"}],"about":[{"href":"https:\/\/libwo.iwanwilaga.com\/en\/wp-json\/wp\/v2\/types\/product"}],"replies":[{"embeddable":true,"href":"https:\/\/libwo.iwanwilaga.com\/en\/wp-json\/wp\/v2\/comments?post=29500"}],"wp:featuredmedia":[{"embeddable":true,"href":"https:\/\/libwo.iwanwilaga.com\/en\/wp-json\/wp\/v2\/media\/29499"}],"wp:attachment":[{"href":"https:\/\/libwo.iwanwilaga.com\/en\/wp-json\/wp\/v2\/media?parent=29500"}],"wp:term":[{"taxonomy":"product_brand","embeddable":true,"href":"https:\/\/libwo.iwanwilaga.com\/en\/wp-json\/wp\/v2\/product_brand?post=29500"},{"taxonomy":"product_cat","embeddable":true,"href":"https:\/\/libwo.iwanwilaga.com\/en\/wp-json\/wp\/v2\/product_cat?post=29500"},{"taxonomy":"product_tag","embeddable":true,"href":"https:\/\/libwo.iwanwilaga.com\/en\/wp-json\/wp\/v2\/product_tag?post=29500"}],"curies":[{"name":"wp","href":"https:\/\/api.w.org\/{rel}","templated":true}]}}