{"id":29456,"date":"2024-11-21T18:01:49","date_gmt":"2024-11-21T17:01:49","guid":{"rendered":"https:\/\/uj.libwomenstore.com\/?post_type=product&#038;p=29456"},"modified":"2025-01-17T18:35:27","modified_gmt":"2025-01-17T17:35:27","slug":"romp-bass-anal-vibrator-beginner-friendly-easily-insertable","status":"publish","type":"product","link":"https:\/\/libwo.iwanwilaga.com\/en\/product\/anal-toys\/romp-bass-anal-vibrator-beginner-friendly-easily-insertable\/","title":{"rendered":"ROMP Bass"},"content":{"rendered":"<p style=\"text-align: center;\">The ROMP Bass is a vibrating butt plug designed specifically for beginners to enjoy, and is coated in soft, smooth silicone for maximum comfort. Waterproof and rechargeable, it vibrates with 6 different intensity levels and 4 different pattern modes to provide a variety of sensations.<\/p>\n<p style=\"text-align: center;\"><strong>Tip<\/strong><\/p>\n<p style=\"text-align: center;\">Try it in the bath or shower!<\/p>\n<p style=\"text-align: center;\"><strong>Features<\/strong><\/p>\n<p style=\"text-align: center;\">PX7 waterproof<\/p>\n<p style=\"text-align: center;\">6 intensity levels<\/p>\n<p style=\"text-align: center;\">4 pattern modes &#8211; find the rhythm that moves you from the inside.<\/p>\n<p style=\"text-align: center;\">Body safe &#8211; skin-friendly, high quality and hygienic.<\/p>\n<p style=\"text-align: center;\">USB rechargeable &#8211; easy to use, convenient USB charging cable &#8211; and no wasteful battery.<\/p>\n<p style=\"text-align: center;\">60 minutes of operation<\/p>\n<p style=\"text-align: center;\">One-button control<\/p>\n<p style=\"text-align: center;\">Dimensions: insertable length: 7cm total length: 10.3cm insertable diameter: 3cm total width: 7.8cm<\/p>\n<p style=\"text-align: center;\">Materials: body-safe silicone<\/p>\n<p style=\"text-align: center;\">Battery: Built-in lithium-ion rechargeable battery: 3.7 V, 200 mA<\/p>\n<p style=\"text-align: center;\">Play time: 60 minutes<br \/>\nCharging time: 80 minutes<\/p>\n<p style=\"text-align: center;\"><strong>Use &amp; Cleaning<\/strong><\/p>\n<p style=\"text-align: center;\">It is recommended to use water-based lubricant to avoid damaging the material of the product. It is recommended to use a large amount of lubricant for all anal play. Clean before and after each use. Do not use alcohol, acetone, or petroleum-based cleaners. Keep away from dust, heat, light and other products and store separately. Do not use if the area is swollen or the skin is broken. Not recommended for pregnant women. Stop using the product if you feel pain or discomfort.<\/p>\n","protected":false},"excerpt":{"rendered":"<p style=\"text-align: left;\">The Bass, the best beginner anal vibrator, has arrived, with its friendly size and gentle vibration to help you relax and discover a new pleasure!<\/p>\n","protected":false},"featured_media":29436,"comment_status":"closed","ping_status":"closed","template":"","meta":{"_et_pb_use_builder":"","_et_pb_old_content":"","_et_gb_content_width":""},"product_brand":[],"product_cat":[325,361,554],"product_tag":[],"class_list":{"0":"post-29456","1":"product","2":"type-product","3":"status-publish","4":"has-post-thumbnail","6":"product_cat-anal-toys","7":"product_cat-anal-vibrators","8":"product_cat-lib-x-bliss-glass-toys-hand-crafted","10":"first","11":"outofstock","12":"taxable","13":"shipping-taxable","14":"purchasable","15":"product-type-simple"},"yoast_head":"<!-- This site is optimized with the Yoast SEO Premium plugin v27.5 (Yoast SEO v27.5) - https:\/\/yoast.com\/product\/yoast-seo-premium-wordpress\/ -->\n<title>ROMP Bass - Lib Women&#039;s Store DEW SITE<\/title>\n<meta name=\"description\" content=\"The Bass, the best beginner anal vibrator, has arrived, with its friendly size and gentle vibration to help you relax and discover a new pleasure!\" \/>\n<meta name=\"robots\" content=\"noindex, follow, max-snippet:-1, max-image-preview:large, max-video-preview:-1\" \/>\n<meta property=\"og:locale\" content=\"en_US\" \/>\n<meta property=\"og:type\" content=\"article\" \/>\n<meta property=\"og:title\" content=\"ROMP Bass\" \/>\n<meta property=\"og:description\" content=\"The Bass, the best beginner anal vibrator, has arrived, with its friendly size and gentle vibration to help you relax and discover a new pleasure!\" \/>\n<meta property=\"og:url\" content=\"https:\/\/libwo.iwanwilaga.com\/en\/product\/anal-toys\/romp-bass-anal-vibrator-beginner-friendly-easily-insertable\/\" \/>\n<meta property=\"og:site_name\" content=\"Lib Women&#039;s Store DEW SITE\" \/>\n<meta property=\"article:publisher\" content=\"https:\/\/www.facebook.com\/libwomenstore\" \/>\n<meta property=\"article:modified_time\" content=\"2025-01-17T17:35:27+00:00\" \/>\n<meta property=\"og:image\" content=\"https:\/\/libwo.iwanwilaga.com\/wp-content\/uploads\/2024\/11\/1_dfde6ce6-f618-4da9-9e73-46e146b41ee9.png\" \/>\n\t<meta property=\"og:image:width\" content=\"1080\" \/>\n\t<meta property=\"og:image:height\" content=\"1080\" \/>\n\t<meta property=\"og:image:type\" content=\"image\/png\" \/>\n<meta name=\"twitter:card\" content=\"summary_large_image\" \/>\n<meta name=\"twitter:label1\" content=\"Price\" \/>\n\t<meta name=\"twitter:data1\" content=\"14.500&#070;&#116;\" \/>\n\t<meta name=\"twitter:label2\" content=\"Availability\" \/>\n\t<meta name=\"twitter:data2\" content=\"Out of stock\" \/>\n<script type=\"application\/ld+json\" class=\"yoast-schema-graph\">{\"@context\":\"https:\\\/\\\/schema.org\",\"@graph\":[{\"@type\":[\"WebPage\",\"ItemPage\"],\"@id\":\"https:\\\/\\\/libwo.iwanwilaga.com\\\/en\\\/product\\\/anal-toys\\\/romp-bass-anal-vibrator-beginner-friendly-easily-insertable\\\/\",\"url\":\"https:\\\/\\\/libwo.iwanwilaga.com\\\/en\\\/product\\\/anal-toys\\\/romp-bass-anal-vibrator-beginner-friendly-easily-insertable\\\/\",\"name\":\"ROMP Bass - Lib Women&#039;s Store DEW SITE\",\"isPartOf\":{\"@id\":\"https:\\\/\\\/libwo.iwanwilaga.com\\\/en\\\/#website\"},\"primaryImageOfPage\":{\"@id\":\"https:\\\/\\\/libwo.iwanwilaga.com\\\/en\\\/product\\\/anal-toys\\\/romp-bass-anal-vibrator-beginner-friendly-easily-insertable\\\/#primaryimage\"},\"image\":{\"@id\":\"https:\\\/\\\/libwo.iwanwilaga.com\\\/en\\\/product\\\/anal-toys\\\/romp-bass-anal-vibrator-beginner-friendly-easily-insertable\\\/#primaryimage\"},\"thumbnailUrl\":\"https:\\\/\\\/libwo.iwanwilaga.com\\\/wp-content\\\/uploads\\\/2024\\\/11\\\/1_dfde6ce6-f618-4da9-9e73-46e146b41ee9.png\",\"datePublished\":\"2024-11-21T17:01:49+00:00\",\"dateModified\":\"2025-01-17T17:35:27+00:00\",\"description\":\"The Bass, the best beginner anal vibrator, has arrived, with its friendly size and gentle vibration to help you relax and discover a new pleasure!\",\"breadcrumb\":{\"@id\":\"https:\\\/\\\/libwo.iwanwilaga.com\\\/en\\\/product\\\/anal-toys\\\/romp-bass-anal-vibrator-beginner-friendly-easily-insertable\\\/#breadcrumb\"},\"inLanguage\":\"en-US\",\"potentialAction\":[{\"@type\":\"ReadAction\",\"target\":[\"https:\\\/\\\/libwo.iwanwilaga.com\\\/en\\\/product\\\/anal-toys\\\/romp-bass-anal-vibrator-beginner-friendly-easily-insertable\\\/\"]}]},{\"@type\":\"ImageObject\",\"inLanguage\":\"en-US\",\"@id\":\"https:\\\/\\\/libwo.iwanwilaga.com\\\/en\\\/product\\\/anal-toys\\\/romp-bass-anal-vibrator-beginner-friendly-easily-insertable\\\/#primaryimage\",\"url\":\"https:\\\/\\\/libwo.iwanwilaga.com\\\/wp-content\\\/uploads\\\/2024\\\/11\\\/1_dfde6ce6-f618-4da9-9e73-46e146b41ee9.png\",\"contentUrl\":\"https:\\\/\\\/libwo.iwanwilaga.com\\\/wp-content\\\/uploads\\\/2024\\\/11\\\/1_dfde6ce6-f618-4da9-9e73-46e146b41ee9.png\",\"width\":1080,\"height\":1080},{\"@type\":\"BreadcrumbList\",\"@id\":\"https:\\\/\\\/libwo.iwanwilaga.com\\\/en\\\/product\\\/anal-toys\\\/romp-bass-anal-vibrator-beginner-friendly-easily-insertable\\\/#breadcrumb\",\"itemListElement\":[{\"@type\":\"ListItem\",\"position\":1,\"name\":\"Kezd\u0151lap\",\"item\":\"https:\\\/\\\/libwo.iwanwilaga.com\\\/en\\\/\"},{\"@type\":\"ListItem\",\"position\":2,\"name\":\"Shop Home Page &#8211; Product categories\",\"item\":\"https:\\\/\\\/libwo.iwanwilaga.com\\\/shop-kezdolap-termek-kategoriak\\\/?lang=en\"},{\"@type\":\"ListItem\",\"position\":3,\"name\":\"ROMP Bass\"}]},{\"@type\":\"WebSite\",\"@id\":\"https:\\\/\\\/libwo.iwanwilaga.com\\\/en\\\/#website\",\"url\":\"https:\\\/\\\/libwo.iwanwilaga.com\\\/en\\\/\",\"name\":\"Lib Women Store\",\"description\":\"DEV OLDAL - Magyarorsz\u00e1g els\u0151 n\u0151kre f\u00f3kusz\u00e1l\u00f3 szexshopja, ahol az eg\u00e9szs\u00e9g ugyanolyan fontos, mint az \u00e9lvezetek.\",\"publisher\":{\"@id\":\"https:\\\/\\\/libwo.iwanwilaga.com\\\/en\\\/#organization\"},\"alternateName\":\"Lib\",\"potentialAction\":[{\"@type\":\"SearchAction\",\"target\":{\"@type\":\"EntryPoint\",\"urlTemplate\":\"https:\\\/\\\/libwo.iwanwilaga.com\\\/en\\\/?s={search_term_string}\"},\"query-input\":{\"@type\":\"PropertyValueSpecification\",\"valueRequired\":true,\"valueName\":\"search_term_string\"}}],\"inLanguage\":\"en-US\"},{\"@type\":\"Organization\",\"@id\":\"https:\\\/\\\/libwo.iwanwilaga.com\\\/en\\\/#organization\",\"name\":\"Lib Women Store\",\"url\":\"https:\\\/\\\/libwo.iwanwilaga.com\\\/en\\\/\",\"logo\":{\"@type\":\"ImageObject\",\"inLanguage\":\"en-US\",\"@id\":\"https:\\\/\\\/libwo.iwanwilaga.com\\\/en\\\/#\\\/schema\\\/logo\\\/image\\\/\",\"url\":\"https:\\\/\\\/libwo.iwanwilaga.com\\\/wp-content\\\/uploads\\\/2024\\\/05\\\/cropped-LIB-logo-A.png\",\"contentUrl\":\"https:\\\/\\\/libwo.iwanwilaga.com\\\/wp-content\\\/uploads\\\/2024\\\/05\\\/cropped-LIB-logo-A.png\",\"width\":512,\"height\":512,\"caption\":\"Lib Women Store\"},\"image\":{\"@id\":\"https:\\\/\\\/libwo.iwanwilaga.com\\\/en\\\/#\\\/schema\\\/logo\\\/image\\\/\"},\"sameAs\":[\"https:\\\/\\\/www.facebook.com\\\/libwomenstore\"]}]}<\/script>\n<meta property=\"product:price:amount\" content=\"14500\" \/>\n<meta property=\"product:price:currency\" content=\"HUF\" \/>\n<meta property=\"og:availability\" content=\"out of stock\" \/>\n<meta property=\"product:availability\" content=\"out of stock\" \/>\n<meta property=\"product:retailer_item_id\" content=\"LIBROM003\" \/>\n<meta property=\"product:condition\" content=\"new\" \/>\n<!-- \/ Yoast SEO Premium plugin. -->","yoast_head_json":{"title":"ROMP Bass - Lib Women&#039;s Store DEW SITE","description":"The Bass, the best beginner anal vibrator, has arrived, with its friendly size and gentle vibration to help you relax and discover a new pleasure!","robots":{"index":"noindex","follow":"follow","max-snippet":"max-snippet:-1","max-image-preview":"max-image-preview:large","max-video-preview":"max-video-preview:-1"},"og_locale":"en_US","og_type":"article","og_title":"ROMP Bass","og_description":"The Bass, the best beginner anal vibrator, has arrived, with its friendly size and gentle vibration to help you relax and discover a new pleasure!","og_url":"https:\/\/libwo.iwanwilaga.com\/en\/product\/anal-toys\/romp-bass-anal-vibrator-beginner-friendly-easily-insertable\/","og_site_name":"Lib Women&#039;s Store DEW SITE","article_publisher":"https:\/\/www.facebook.com\/libwomenstore","article_modified_time":"2025-01-17T17:35:27+00:00","og_image":[{"width":1080,"height":1080,"url":"https:\/\/libwo.iwanwilaga.com\/wp-content\/uploads\/2024\/11\/1_dfde6ce6-f618-4da9-9e73-46e146b41ee9.png","type":"image\/png"}],"twitter_card":"summary_large_image","twitter_misc":{"Price":"14.500&#70;&#116;","Availability":"Out of stock"},"schema":{"@context":"https:\/\/schema.org","@graph":[{"@type":["WebPage","ItemPage"],"@id":"https:\/\/libwo.iwanwilaga.com\/en\/product\/anal-toys\/romp-bass-anal-vibrator-beginner-friendly-easily-insertable\/","url":"https:\/\/libwo.iwanwilaga.com\/en\/product\/anal-toys\/romp-bass-anal-vibrator-beginner-friendly-easily-insertable\/","name":"ROMP Bass - Lib Women&#039;s Store DEW SITE","isPartOf":{"@id":"https:\/\/libwo.iwanwilaga.com\/en\/#website"},"primaryImageOfPage":{"@id":"https:\/\/libwo.iwanwilaga.com\/en\/product\/anal-toys\/romp-bass-anal-vibrator-beginner-friendly-easily-insertable\/#primaryimage"},"image":{"@id":"https:\/\/libwo.iwanwilaga.com\/en\/product\/anal-toys\/romp-bass-anal-vibrator-beginner-friendly-easily-insertable\/#primaryimage"},"thumbnailUrl":"https:\/\/libwo.iwanwilaga.com\/wp-content\/uploads\/2024\/11\/1_dfde6ce6-f618-4da9-9e73-46e146b41ee9.png","datePublished":"2024-11-21T17:01:49+00:00","dateModified":"2025-01-17T17:35:27+00:00","description":"The Bass, the best beginner anal vibrator, has arrived, with its friendly size and gentle vibration to help you relax and discover a new pleasure!","breadcrumb":{"@id":"https:\/\/libwo.iwanwilaga.com\/en\/product\/anal-toys\/romp-bass-anal-vibrator-beginner-friendly-easily-insertable\/#breadcrumb"},"inLanguage":"en-US","potentialAction":[{"@type":"ReadAction","target":["https:\/\/libwo.iwanwilaga.com\/en\/product\/anal-toys\/romp-bass-anal-vibrator-beginner-friendly-easily-insertable\/"]}]},{"@type":"ImageObject","inLanguage":"en-US","@id":"https:\/\/libwo.iwanwilaga.com\/en\/product\/anal-toys\/romp-bass-anal-vibrator-beginner-friendly-easily-insertable\/#primaryimage","url":"https:\/\/libwo.iwanwilaga.com\/wp-content\/uploads\/2024\/11\/1_dfde6ce6-f618-4da9-9e73-46e146b41ee9.png","contentUrl":"https:\/\/libwo.iwanwilaga.com\/wp-content\/uploads\/2024\/11\/1_dfde6ce6-f618-4da9-9e73-46e146b41ee9.png","width":1080,"height":1080},{"@type":"BreadcrumbList","@id":"https:\/\/libwo.iwanwilaga.com\/en\/product\/anal-toys\/romp-bass-anal-vibrator-beginner-friendly-easily-insertable\/#breadcrumb","itemListElement":[{"@type":"ListItem","position":1,"name":"Kezd\u0151lap","item":"https:\/\/libwo.iwanwilaga.com\/en\/"},{"@type":"ListItem","position":2,"name":"Shop Home Page &#8211; Product categories","item":"https:\/\/libwo.iwanwilaga.com\/shop-kezdolap-termek-kategoriak\/?lang=en"},{"@type":"ListItem","position":3,"name":"ROMP Bass"}]},{"@type":"WebSite","@id":"https:\/\/libwo.iwanwilaga.com\/en\/#website","url":"https:\/\/libwo.iwanwilaga.com\/en\/","name":"Lib Women Store","description":"DEV OLDAL - Magyarorsz\u00e1g els\u0151 n\u0151kre f\u00f3kusz\u00e1l\u00f3 szexshopja, ahol az eg\u00e9szs\u00e9g ugyanolyan fontos, mint az \u00e9lvezetek.","publisher":{"@id":"https:\/\/libwo.iwanwilaga.com\/en\/#organization"},"alternateName":"Lib","potentialAction":[{"@type":"SearchAction","target":{"@type":"EntryPoint","urlTemplate":"https:\/\/libwo.iwanwilaga.com\/en\/?s={search_term_string}"},"query-input":{"@type":"PropertyValueSpecification","valueRequired":true,"valueName":"search_term_string"}}],"inLanguage":"en-US"},{"@type":"Organization","@id":"https:\/\/libwo.iwanwilaga.com\/en\/#organization","name":"Lib Women Store","url":"https:\/\/libwo.iwanwilaga.com\/en\/","logo":{"@type":"ImageObject","inLanguage":"en-US","@id":"https:\/\/libwo.iwanwilaga.com\/en\/#\/schema\/logo\/image\/","url":"https:\/\/libwo.iwanwilaga.com\/wp-content\/uploads\/2024\/05\/cropped-LIB-logo-A.png","contentUrl":"https:\/\/libwo.iwanwilaga.com\/wp-content\/uploads\/2024\/05\/cropped-LIB-logo-A.png","width":512,"height":512,"caption":"Lib Women Store"},"image":{"@id":"https:\/\/libwo.iwanwilaga.com\/en\/#\/schema\/logo\/image\/"},"sameAs":["https:\/\/www.facebook.com\/libwomenstore"]}]},"product_price_amount":"14500","product_price_currency":"HUF","og_availability":"out of stock","product_availability":"out of stock","product_retailer_item_id":"LIBROM003","product_condition":"new"},"_links":{"self":[{"href":"https:\/\/libwo.iwanwilaga.com\/en\/wp-json\/wp\/v2\/product\/29456","targetHints":{"allow":["GET"]}}],"collection":[{"href":"https:\/\/libwo.iwanwilaga.com\/en\/wp-json\/wp\/v2\/product"}],"about":[{"href":"https:\/\/libwo.iwanwilaga.com\/en\/wp-json\/wp\/v2\/types\/product"}],"replies":[{"embeddable":true,"href":"https:\/\/libwo.iwanwilaga.com\/en\/wp-json\/wp\/v2\/comments?post=29456"}],"wp:featuredmedia":[{"embeddable":true,"href":"https:\/\/libwo.iwanwilaga.com\/en\/wp-json\/wp\/v2\/media\/29436"}],"wp:attachment":[{"href":"https:\/\/libwo.iwanwilaga.com\/en\/wp-json\/wp\/v2\/media?parent=29456"}],"wp:term":[{"taxonomy":"product_brand","embeddable":true,"href":"https:\/\/libwo.iwanwilaga.com\/en\/wp-json\/wp\/v2\/product_brand?post=29456"},{"taxonomy":"product_cat","embeddable":true,"href":"https:\/\/libwo.iwanwilaga.com\/en\/wp-json\/wp\/v2\/product_cat?post=29456"},{"taxonomy":"product_tag","embeddable":true,"href":"https:\/\/libwo.iwanwilaga.com\/en\/wp-json\/wp\/v2\/product_tag?post=29456"}],"curies":[{"name":"wp","href":"https:\/\/api.w.org\/{rel}","templated":true}]}}