{"id":28926,"date":"2024-04-16T12:00:29","date_gmt":"2024-04-16T10:00:29","guid":{"rendered":"https:\/\/uj.libwomenstore.com\/?post_type=product&#038;p=28926"},"modified":"2025-01-17T17:56:17","modified_gmt":"2025-01-17T16:56:17","slug":"azzurro-velluto-imaginary-memories-no-35-artistic-print","status":"publish","type":"product","link":"https:\/\/libwo.iwanwilaga.com\/en\/product\/collabs\/lib-x-bliss-glass-toys-hand-crafted\/azzurro-velluto-imaginary-memories-no-35-artistic-print\/","title":{"rendered":"AZZURRO VELLUTO Imaginary Memories No. 35"},"content":{"rendered":"<p style=\"text-align: center;\" data-sanitized-data-mce-fragment=\"1\"><span style=\"font-weight: 400;\" data-sanitized-data-mce-style=\"font-weight: 400;\" data-sanitized-data-mce-fragment=\"1\">The Imaginary Memories series captures moments that are fantasy images of two women&#8217;s love.<\/span><\/p>\n<p style=\"text-align: center;\" data-sanitized-data-mce-fragment=\"1\"><span style=\"font-weight: 400;\" data-sanitized-data-mce-style=\"font-weight: 400;\" data-sanitized-data-mce-fragment=\"1\">These prints are 21x21cm in size.<\/span><\/p>\n","protected":false},"excerpt":{"rendered":"<p>Azzurro Velluto is the platform for Enik\u0151&#8217;s Sapphic art, where the representation of female love is imbued with the safe and soothing atmosphere of home. These pictures are simply beautiful to look at, as they radiate a soothing atmosphere. The intimacy of everyday moments captivates the viewer.<\/p>\n","protected":false},"featured_media":26328,"comment_status":"open","ping_status":"closed","template":"","meta":{"_et_pb_use_builder":"","_et_pb_old_content":"","_et_gb_content_width":""},"product_brand":[],"product_cat":[348,554,432,354],"product_tag":[522],"class_list":{"0":"post-28926","1":"product","2":"type-product","3":"status-publish","4":"has-post-thumbnail","6":"product_cat-books-prints","7":"product_cat-lib-x-bliss-glass-toys-hand-crafted","8":"product_cat-lib-x-rebeka-racz-dildos-tapys","9":"product_cat-prints","10":"product_tag-azzurro-velluto-en","12":"first","13":"instock","14":"taxable","15":"shipping-taxable","16":"purchasable","17":"product-type-simple"},"yoast_head":"<!-- This site is optimized with the Yoast SEO Premium plugin v27.5 (Yoast SEO v27.5) - https:\/\/yoast.com\/product\/yoast-seo-premium-wordpress\/ -->\n<title>AZZURRO VELLUTO Imaginary Memories No. 35 - Lib Women&#039;s Store DEW SITE<\/title>\n<meta name=\"description\" content=\"These artistic prints will bring intimacy into your home. Hang this sensual lesbian scene in your home or give it as a gift to someone you love\" \/>\n<meta name=\"robots\" content=\"noindex, follow, max-snippet:-1, max-image-preview:large, max-video-preview:-1\" \/>\n<meta property=\"og:locale\" content=\"en_US\" \/>\n<meta property=\"og:type\" content=\"article\" \/>\n<meta property=\"og:title\" content=\"AZZURRO VELLUTO Imaginary Memories No. 35\" \/>\n<meta property=\"og:description\" content=\"These artistic prints will bring intimacy into your home. Hang this sensual lesbian scene in your home or give it as a gift to someone you love\" \/>\n<meta property=\"og:url\" content=\"https:\/\/libwo.iwanwilaga.com\/en\/product\/collabs\/lib-x-bliss-glass-toys-hand-crafted\/azzurro-velluto-imaginary-memories-no-35-artistic-print\/\" \/>\n<meta property=\"og:site_name\" content=\"Lib Women&#039;s Store DEW SITE\" \/>\n<meta property=\"article:publisher\" content=\"https:\/\/www.facebook.com\/libwomenstore\" \/>\n<meta property=\"article:modified_time\" content=\"2025-01-17T16:56:17+00:00\" \/>\n<meta property=\"og:image\" content=\"https:\/\/libwo.iwanwilaga.com\/wp-content\/uploads\/2024\/04\/0013_1020_0031_Imaginary_memories_no35.jpg\" \/>\n\t<meta property=\"og:image:width\" content=\"850\" \/>\n\t<meta property=\"og:image:height\" content=\"850\" \/>\n\t<meta property=\"og:image:type\" content=\"image\/jpeg\" \/>\n<meta name=\"twitter:card\" content=\"summary_large_image\" \/>\n<meta name=\"twitter:label1\" content=\"Price\" \/>\n\t<meta name=\"twitter:data1\" content=\"6.000&#070;&#116;\" \/>\n\t<meta name=\"twitter:label2\" content=\"Availability\" \/>\n\t<meta name=\"twitter:data2\" content=\"In stock\" \/>\n<script type=\"application\/ld+json\" class=\"yoast-schema-graph\">{\"@context\":\"https:\\\/\\\/schema.org\",\"@graph\":[{\"@type\":[\"WebPage\",\"ItemPage\"],\"@id\":\"https:\\\/\\\/libwo.iwanwilaga.com\\\/en\\\/product\\\/collabs\\\/lib-x-bliss-glass-toys-hand-crafted\\\/azzurro-velluto-imaginary-memories-no-35-artistic-print\\\/\",\"url\":\"https:\\\/\\\/libwo.iwanwilaga.com\\\/en\\\/product\\\/collabs\\\/lib-x-bliss-glass-toys-hand-crafted\\\/azzurro-velluto-imaginary-memories-no-35-artistic-print\\\/\",\"name\":\"AZZURRO VELLUTO Imaginary Memories No. 35 - Lib Women&#039;s Store DEW SITE\",\"isPartOf\":{\"@id\":\"https:\\\/\\\/libwo.iwanwilaga.com\\\/en\\\/#website\"},\"primaryImageOfPage\":{\"@id\":\"https:\\\/\\\/libwo.iwanwilaga.com\\\/en\\\/product\\\/collabs\\\/lib-x-bliss-glass-toys-hand-crafted\\\/azzurro-velluto-imaginary-memories-no-35-artistic-print\\\/#primaryimage\"},\"image\":{\"@id\":\"https:\\\/\\\/libwo.iwanwilaga.com\\\/en\\\/product\\\/collabs\\\/lib-x-bliss-glass-toys-hand-crafted\\\/azzurro-velluto-imaginary-memories-no-35-artistic-print\\\/#primaryimage\"},\"thumbnailUrl\":\"https:\\\/\\\/libwo.iwanwilaga.com\\\/wp-content\\\/uploads\\\/2024\\\/04\\\/0013_1020_0031_Imaginary_memories_no35.jpg\",\"datePublished\":\"2024-04-16T10:00:29+00:00\",\"dateModified\":\"2025-01-17T16:56:17+00:00\",\"description\":\"These artistic prints will bring intimacy into your home. Hang this sensual lesbian scene in your home or give it as a gift to someone you love\",\"breadcrumb\":{\"@id\":\"https:\\\/\\\/libwo.iwanwilaga.com\\\/en\\\/product\\\/collabs\\\/lib-x-bliss-glass-toys-hand-crafted\\\/azzurro-velluto-imaginary-memories-no-35-artistic-print\\\/#breadcrumb\"},\"inLanguage\":\"en-US\",\"potentialAction\":[{\"@type\":\"ReadAction\",\"target\":[\"https:\\\/\\\/libwo.iwanwilaga.com\\\/en\\\/product\\\/collabs\\\/lib-x-bliss-glass-toys-hand-crafted\\\/azzurro-velluto-imaginary-memories-no-35-artistic-print\\\/\"]}]},{\"@type\":\"ImageObject\",\"inLanguage\":\"en-US\",\"@id\":\"https:\\\/\\\/libwo.iwanwilaga.com\\\/en\\\/product\\\/collabs\\\/lib-x-bliss-glass-toys-hand-crafted\\\/azzurro-velluto-imaginary-memories-no-35-artistic-print\\\/#primaryimage\",\"url\":\"https:\\\/\\\/libwo.iwanwilaga.com\\\/wp-content\\\/uploads\\\/2024\\\/04\\\/0013_1020_0031_Imaginary_memories_no35.jpg\",\"contentUrl\":\"https:\\\/\\\/libwo.iwanwilaga.com\\\/wp-content\\\/uploads\\\/2024\\\/04\\\/0013_1020_0031_Imaginary_memories_no35.jpg\",\"width\":850,\"height\":850,\"caption\":\"Azzurro Velluto Imaginary memories Eged Enik\u0151 leszbikus digit\u00e1lis nyomat\"},{\"@type\":\"BreadcrumbList\",\"@id\":\"https:\\\/\\\/libwo.iwanwilaga.com\\\/en\\\/product\\\/collabs\\\/lib-x-bliss-glass-toys-hand-crafted\\\/azzurro-velluto-imaginary-memories-no-35-artistic-print\\\/#breadcrumb\",\"itemListElement\":[{\"@type\":\"ListItem\",\"position\":1,\"name\":\"Kezd\u0151lap\",\"item\":\"https:\\\/\\\/libwo.iwanwilaga.com\\\/en\\\/\"},{\"@type\":\"ListItem\",\"position\":2,\"name\":\"Shop Home Page &#8211; Product categories\",\"item\":\"https:\\\/\\\/libwo.iwanwilaga.com\\\/shop-kezdolap-termek-kategoriak\\\/?lang=en\"},{\"@type\":\"ListItem\",\"position\":3,\"name\":\"AZZURRO VELLUTO Imaginary Memories No. 35\"}]},{\"@type\":\"WebSite\",\"@id\":\"https:\\\/\\\/libwo.iwanwilaga.com\\\/en\\\/#website\",\"url\":\"https:\\\/\\\/libwo.iwanwilaga.com\\\/en\\\/\",\"name\":\"Lib Women Store\",\"description\":\"DEV OLDAL - Magyarorsz\u00e1g els\u0151 n\u0151kre f\u00f3kusz\u00e1l\u00f3 szexshopja, ahol az eg\u00e9szs\u00e9g ugyanolyan fontos, mint az \u00e9lvezetek.\",\"publisher\":{\"@id\":\"https:\\\/\\\/libwo.iwanwilaga.com\\\/en\\\/#organization\"},\"alternateName\":\"Lib\",\"potentialAction\":[{\"@type\":\"SearchAction\",\"target\":{\"@type\":\"EntryPoint\",\"urlTemplate\":\"https:\\\/\\\/libwo.iwanwilaga.com\\\/en\\\/?s={search_term_string}\"},\"query-input\":{\"@type\":\"PropertyValueSpecification\",\"valueRequired\":true,\"valueName\":\"search_term_string\"}}],\"inLanguage\":\"en-US\"},{\"@type\":\"Organization\",\"@id\":\"https:\\\/\\\/libwo.iwanwilaga.com\\\/en\\\/#organization\",\"name\":\"Lib Women Store\",\"url\":\"https:\\\/\\\/libwo.iwanwilaga.com\\\/en\\\/\",\"logo\":{\"@type\":\"ImageObject\",\"inLanguage\":\"en-US\",\"@id\":\"https:\\\/\\\/libwo.iwanwilaga.com\\\/en\\\/#\\\/schema\\\/logo\\\/image\\\/\",\"url\":\"https:\\\/\\\/libwo.iwanwilaga.com\\\/wp-content\\\/uploads\\\/2024\\\/05\\\/cropped-LIB-logo-A.png\",\"contentUrl\":\"https:\\\/\\\/libwo.iwanwilaga.com\\\/wp-content\\\/uploads\\\/2024\\\/05\\\/cropped-LIB-logo-A.png\",\"width\":512,\"height\":512,\"caption\":\"Lib Women Store\"},\"image\":{\"@id\":\"https:\\\/\\\/libwo.iwanwilaga.com\\\/en\\\/#\\\/schema\\\/logo\\\/image\\\/\"},\"sameAs\":[\"https:\\\/\\\/www.facebook.com\\\/libwomenstore\"]}]}<\/script>\n<meta property=\"product:price:amount\" content=\"6000\" \/>\n<meta property=\"product:price:currency\" content=\"HUF\" \/>\n<meta property=\"og:availability\" content=\"instock\" \/>\n<meta property=\"product:availability\" content=\"instock\" \/>\n<meta property=\"product:retailer_item_id\" content=\"LIB-AV005\" \/>\n<meta property=\"product:condition\" content=\"new\" \/>\n<!-- \/ Yoast SEO Premium plugin. -->","yoast_head_json":{"title":"AZZURRO VELLUTO Imaginary Memories No. 35 - Lib Women&#039;s Store DEW SITE","description":"These artistic prints will bring intimacy into your home. Hang this sensual lesbian scene in your home or give it as a gift to someone you love","robots":{"index":"noindex","follow":"follow","max-snippet":"max-snippet:-1","max-image-preview":"max-image-preview:large","max-video-preview":"max-video-preview:-1"},"og_locale":"en_US","og_type":"article","og_title":"AZZURRO VELLUTO Imaginary Memories No. 35","og_description":"These artistic prints will bring intimacy into your home. Hang this sensual lesbian scene in your home or give it as a gift to someone you love","og_url":"https:\/\/libwo.iwanwilaga.com\/en\/product\/collabs\/lib-x-bliss-glass-toys-hand-crafted\/azzurro-velluto-imaginary-memories-no-35-artistic-print\/","og_site_name":"Lib Women&#039;s Store DEW SITE","article_publisher":"https:\/\/www.facebook.com\/libwomenstore","article_modified_time":"2025-01-17T16:56:17+00:00","og_image":[{"width":850,"height":850,"url":"https:\/\/libwo.iwanwilaga.com\/wp-content\/uploads\/2024\/04\/0013_1020_0031_Imaginary_memories_no35.jpg","type":"image\/jpeg"}],"twitter_card":"summary_large_image","twitter_misc":{"Price":"6.000&#70;&#116;","Availability":"In stock"},"schema":{"@context":"https:\/\/schema.org","@graph":[{"@type":["WebPage","ItemPage"],"@id":"https:\/\/libwo.iwanwilaga.com\/en\/product\/collabs\/lib-x-bliss-glass-toys-hand-crafted\/azzurro-velluto-imaginary-memories-no-35-artistic-print\/","url":"https:\/\/libwo.iwanwilaga.com\/en\/product\/collabs\/lib-x-bliss-glass-toys-hand-crafted\/azzurro-velluto-imaginary-memories-no-35-artistic-print\/","name":"AZZURRO VELLUTO Imaginary Memories No. 35 - Lib Women&#039;s Store DEW SITE","isPartOf":{"@id":"https:\/\/libwo.iwanwilaga.com\/en\/#website"},"primaryImageOfPage":{"@id":"https:\/\/libwo.iwanwilaga.com\/en\/product\/collabs\/lib-x-bliss-glass-toys-hand-crafted\/azzurro-velluto-imaginary-memories-no-35-artistic-print\/#primaryimage"},"image":{"@id":"https:\/\/libwo.iwanwilaga.com\/en\/product\/collabs\/lib-x-bliss-glass-toys-hand-crafted\/azzurro-velluto-imaginary-memories-no-35-artistic-print\/#primaryimage"},"thumbnailUrl":"https:\/\/libwo.iwanwilaga.com\/wp-content\/uploads\/2024\/04\/0013_1020_0031_Imaginary_memories_no35.jpg","datePublished":"2024-04-16T10:00:29+00:00","dateModified":"2025-01-17T16:56:17+00:00","description":"These artistic prints will bring intimacy into your home. Hang this sensual lesbian scene in your home or give it as a gift to someone you love","breadcrumb":{"@id":"https:\/\/libwo.iwanwilaga.com\/en\/product\/collabs\/lib-x-bliss-glass-toys-hand-crafted\/azzurro-velluto-imaginary-memories-no-35-artistic-print\/#breadcrumb"},"inLanguage":"en-US","potentialAction":[{"@type":"ReadAction","target":["https:\/\/libwo.iwanwilaga.com\/en\/product\/collabs\/lib-x-bliss-glass-toys-hand-crafted\/azzurro-velluto-imaginary-memories-no-35-artistic-print\/"]}]},{"@type":"ImageObject","inLanguage":"en-US","@id":"https:\/\/libwo.iwanwilaga.com\/en\/product\/collabs\/lib-x-bliss-glass-toys-hand-crafted\/azzurro-velluto-imaginary-memories-no-35-artistic-print\/#primaryimage","url":"https:\/\/libwo.iwanwilaga.com\/wp-content\/uploads\/2024\/04\/0013_1020_0031_Imaginary_memories_no35.jpg","contentUrl":"https:\/\/libwo.iwanwilaga.com\/wp-content\/uploads\/2024\/04\/0013_1020_0031_Imaginary_memories_no35.jpg","width":850,"height":850,"caption":"Azzurro Velluto Imaginary memories Eged Enik\u0151 leszbikus digit\u00e1lis nyomat"},{"@type":"BreadcrumbList","@id":"https:\/\/libwo.iwanwilaga.com\/en\/product\/collabs\/lib-x-bliss-glass-toys-hand-crafted\/azzurro-velluto-imaginary-memories-no-35-artistic-print\/#breadcrumb","itemListElement":[{"@type":"ListItem","position":1,"name":"Kezd\u0151lap","item":"https:\/\/libwo.iwanwilaga.com\/en\/"},{"@type":"ListItem","position":2,"name":"Shop Home Page &#8211; Product categories","item":"https:\/\/libwo.iwanwilaga.com\/shop-kezdolap-termek-kategoriak\/?lang=en"},{"@type":"ListItem","position":3,"name":"AZZURRO VELLUTO Imaginary Memories No. 35"}]},{"@type":"WebSite","@id":"https:\/\/libwo.iwanwilaga.com\/en\/#website","url":"https:\/\/libwo.iwanwilaga.com\/en\/","name":"Lib Women Store","description":"DEV OLDAL - Magyarorsz\u00e1g els\u0151 n\u0151kre f\u00f3kusz\u00e1l\u00f3 szexshopja, ahol az eg\u00e9szs\u00e9g ugyanolyan fontos, mint az \u00e9lvezetek.","publisher":{"@id":"https:\/\/libwo.iwanwilaga.com\/en\/#organization"},"alternateName":"Lib","potentialAction":[{"@type":"SearchAction","target":{"@type":"EntryPoint","urlTemplate":"https:\/\/libwo.iwanwilaga.com\/en\/?s={search_term_string}"},"query-input":{"@type":"PropertyValueSpecification","valueRequired":true,"valueName":"search_term_string"}}],"inLanguage":"en-US"},{"@type":"Organization","@id":"https:\/\/libwo.iwanwilaga.com\/en\/#organization","name":"Lib Women Store","url":"https:\/\/libwo.iwanwilaga.com\/en\/","logo":{"@type":"ImageObject","inLanguage":"en-US","@id":"https:\/\/libwo.iwanwilaga.com\/en\/#\/schema\/logo\/image\/","url":"https:\/\/libwo.iwanwilaga.com\/wp-content\/uploads\/2024\/05\/cropped-LIB-logo-A.png","contentUrl":"https:\/\/libwo.iwanwilaga.com\/wp-content\/uploads\/2024\/05\/cropped-LIB-logo-A.png","width":512,"height":512,"caption":"Lib Women Store"},"image":{"@id":"https:\/\/libwo.iwanwilaga.com\/en\/#\/schema\/logo\/image\/"},"sameAs":["https:\/\/www.facebook.com\/libwomenstore"]}]},"product_price_amount":"6000","product_price_currency":"HUF","og_availability":"instock","product_availability":"instock","product_retailer_item_id":"LIB-AV005","product_condition":"new"},"_links":{"self":[{"href":"https:\/\/libwo.iwanwilaga.com\/en\/wp-json\/wp\/v2\/product\/28926","targetHints":{"allow":["GET"]}}],"collection":[{"href":"https:\/\/libwo.iwanwilaga.com\/en\/wp-json\/wp\/v2\/product"}],"about":[{"href":"https:\/\/libwo.iwanwilaga.com\/en\/wp-json\/wp\/v2\/types\/product"}],"replies":[{"embeddable":true,"href":"https:\/\/libwo.iwanwilaga.com\/en\/wp-json\/wp\/v2\/comments?post=28926"}],"wp:featuredmedia":[{"embeddable":true,"href":"https:\/\/libwo.iwanwilaga.com\/en\/wp-json\/wp\/v2\/media\/26328"}],"wp:attachment":[{"href":"https:\/\/libwo.iwanwilaga.com\/en\/wp-json\/wp\/v2\/media?parent=28926"}],"wp:term":[{"taxonomy":"product_brand","embeddable":true,"href":"https:\/\/libwo.iwanwilaga.com\/en\/wp-json\/wp\/v2\/product_brand?post=28926"},{"taxonomy":"product_cat","embeddable":true,"href":"https:\/\/libwo.iwanwilaga.com\/en\/wp-json\/wp\/v2\/product_cat?post=28926"},{"taxonomy":"product_tag","embeddable":true,"href":"https:\/\/libwo.iwanwilaga.com\/en\/wp-json\/wp\/v2\/product_tag?post=28926"}],"curies":[{"name":"wp","href":"https:\/\/api.w.org\/{rel}","templated":true}]}}