{"id":28820,"date":"2024-04-16T12:00:48","date_gmt":"2024-04-16T10:00:48","guid":{"rendered":"https:\/\/uj.libwomenstore.com\/?post_type=product&#038;p=28820"},"modified":"2025-05-27T23:24:01","modified_gmt":"2025-05-27T21:24:01","slug":"b-vibe-anal-massage-and-education-set-le-wand-luxurious-vibrator","status":"publish","type":"product","link":"https:\/\/libwo.iwanwilaga.com\/en\/product\/anal-toys\/b-vibe-anal-massage-and-education-set-le-wand-luxurious-vibrator\/","title":{"rendered":"B-VIBE Anal Massage and Education Set"},"content":{"rendered":"<p style=\"text-align: center;\"><b>Specialties<\/b><\/p>\n<p style=\"text-align: center;\"><span style=\"font-weight: 400;\">The main features of the anal massage and training kit are without a doubt:<\/span><\/p>\n<p style=\"text-align: center;\"><span style=\"font-weight: 400;\">Le Wand Petite &#8211; Small but mighty, &#8220;the Le Wand Petite vibrator combines everything you&#8217;ve ever wanted in a sex toy.&#8221; &#8211; Kasandra Brabaw, sex editor at Women&#8217;s Health. You&#8217;re basically getting four sex toys for the price of one! Learn how to use this wonderful wand massager to pleasure the penis as well.<\/span><\/p>\n<p style=\"text-align: center;\"><span style=\"font-weight: 400;\">Le Wand Curve Silicone Head \u2014 This medical-grade silicone attachment slides onto the Petite wand to create a hybrid sex toy for mind-blowing G-spot stimulation and prostate play. The vibration also helps relax the sphincter muscles &#8211; exactly what you want to achieve before anal penetration.<\/span><\/p>\n<p style=\"text-align: center;\"><span style=\"font-weight: 400;\">b-Vibe Snug Plug 2 \u2014 Made of super soft silicone, this starter plug has a hidden secret: two 114g weighted balls that offer the wearer a sensual feeling of fullness. The Snug Plug&#8217;s slim neck makes it comfortable to wear in public or for extended wear. When you&#8217;re done, the flared handle makes removal a breeze.<\/span><\/p>\n<p style=\"text-align: center;\"><span style=\"font-weight: 400;\">But wait, there\u2019s more! You&#8217;ll also find other essential accessories in the box to make this the most versatile sex toy set yet.<\/span><\/p>\n<p style=\"text-align: center;\"><span style=\"font-weight: 400;\">The package includes a douche for deep cleaning, a towel to clean the stains that come with using the set, a travel bag, a lubricant applicator, condoms for fingers, rubber gloves and last but not least, a complete guide to anal play.<\/span><\/p>\n<p style=\"text-align: center;\"><b>Tip<\/b><\/p>\n<p style=\"text-align: center;\"><span style=\"font-weight: 400;\">Combine the contents of the set as you wish to have the most satisfying experience. The snug plug 2 can also be used for Kegel exercises.<\/span><\/p>\n<p style=\"text-align: center;\"><b>Features<\/b><\/p>\n<p style=\"text-align: center;\"><span style=\"font-weight: 400;\">Both the plug and the wand are made from high-quality silicone, which is phthalate- and latex-free and hypoallergenic. It is recommended to use them with a water-based lubricant.<\/span><\/p>\n<p style=\"text-align: center;\"><span style=\"font-weight: 400;\">b-Vibe snug plug 2 has an insertable length of 9 cm, a maximum diameter 3.1 cm and weighs 114 gr.<\/span><\/p>\n<p style=\"text-align: center;\"><b>Use &amp; Cleaning<\/b><\/p>\n<p style=\"text-align: center;\"><span style=\"font-weight: 400;\">Toys cannot be used with silicon-based lubricants, unless they are encased in a condom. For cleaning, use antibacterial soapy water and air dry, or use a cleaning agent made for sexual aids.<\/span><\/p>\n","protected":false},"excerpt":{"rendered":"<p><span style=\"font-weight: 400;\">Get ready! The perfect kit for anal, vaginal and all kinds of erotic play has finally arrived! Say hello to the new anal massage and training kit.<\/span><\/p>\n<p><span style=\"font-weight: 400;\">Every picky pleasure seeker will discover a toy for themselves in this set! The Anal Massage &amp; Education Set is the first official collaboration between two iconic, award-winning sex toy brands &#8211; b-Vibe and Le Wand.<\/span><\/p>\n<p><span style=\"font-weight: 400;\">Perfect for individuals and couples, the anal massage and training kit is suitable for anyone who wants to explore the wonderful world of anal play with a personal massager.<\/span><\/p>\n","protected":false},"featured_media":26366,"comment_status":"open","ping_status":"closed","template":"","meta":{"_et_pb_use_builder":"","_et_pb_old_content":"","_et_gb_content_width":""},"product_brand":[],"product_cat":[325],"product_tag":[],"class_list":{"0":"post-28820","1":"product","2":"type-product","3":"status-publish","4":"has-post-thumbnail","6":"product_cat-anal-toys","8":"first","9":"outofstock","10":"taxable","11":"shipping-taxable","12":"purchasable","13":"product-type-simple"},"yoast_head":"<!-- This site is optimized with the Yoast SEO Premium plugin v27.5 (Yoast SEO v27.5) - https:\/\/yoast.com\/product\/yoast-seo-premium-wordpress\/ -->\n<title>B-VIBE Anal Massage and Education Set - Lib Women&#039;s Store DEW SITE<\/title>\n<meta name=\"description\" content=\"Take home this box that will satisfy all your desires. The powerful wand and matching anal converter will be your favourite accessories\" \/>\n<meta name=\"robots\" content=\"noindex, follow, max-snippet:-1, max-image-preview:large, max-video-preview:-1\" \/>\n<meta property=\"og:locale\" content=\"en_US\" \/>\n<meta property=\"og:type\" content=\"article\" \/>\n<meta property=\"og:title\" content=\"B-VIBE Anal Massage and Education Set\" \/>\n<meta property=\"og:description\" content=\"Take home this box that will satisfy all your desires. The powerful wand and matching anal converter will be your favourite accessories\" \/>\n<meta property=\"og:url\" content=\"https:\/\/libwo.iwanwilaga.com\/en\/product\/anal-toys\/b-vibe-anal-massage-and-education-set-le-wand-luxurious-vibrator\/\" \/>\n<meta property=\"og:site_name\" content=\"Lib Women&#039;s Store DEW SITE\" \/>\n<meta property=\"article:publisher\" content=\"https:\/\/www.facebook.com\/libwomenstore\" \/>\n<meta property=\"article:modified_time\" content=\"2025-05-27T21:24:01+00:00\" \/>\n<meta property=\"og:image\" content=\"https:\/\/libwo.iwanwilaga.com\/wp-content\/uploads\/2024\/04\/B-Vibe_Anal_Massage_and_Education_Set_2.jpg\" \/>\n\t<meta property=\"og:image:width\" content=\"1000\" \/>\n\t<meta property=\"og:image:height\" content=\"1000\" \/>\n\t<meta property=\"og:image:type\" content=\"image\/jpeg\" \/>\n<meta name=\"twitter:card\" content=\"summary_large_image\" \/>\n<meta name=\"twitter:label1\" content=\"Price\" \/>\n\t<meta name=\"twitter:data1\" content=\"105.000&#070;&#116;\" \/>\n\t<meta name=\"twitter:label2\" content=\"Availability\" \/>\n\t<meta name=\"twitter:data2\" content=\"Out of stock\" \/>\n<script type=\"application\/ld+json\" class=\"yoast-schema-graph\">{\"@context\":\"https:\\\/\\\/schema.org\",\"@graph\":[{\"@type\":[\"WebPage\",\"ItemPage\"],\"@id\":\"https:\\\/\\\/libwo.iwanwilaga.com\\\/en\\\/product\\\/anal-toys\\\/b-vibe-anal-massage-and-education-set-le-wand-luxurious-vibrator\\\/\",\"url\":\"https:\\\/\\\/libwo.iwanwilaga.com\\\/en\\\/product\\\/anal-toys\\\/b-vibe-anal-massage-and-education-set-le-wand-luxurious-vibrator\\\/\",\"name\":\"B-VIBE Anal Massage and Education Set - Lib Women&#039;s Store DEW SITE\",\"isPartOf\":{\"@id\":\"https:\\\/\\\/libwo.iwanwilaga.com\\\/en\\\/#website\"},\"primaryImageOfPage\":{\"@id\":\"https:\\\/\\\/libwo.iwanwilaga.com\\\/en\\\/product\\\/anal-toys\\\/b-vibe-anal-massage-and-education-set-le-wand-luxurious-vibrator\\\/#primaryimage\"},\"image\":{\"@id\":\"https:\\\/\\\/libwo.iwanwilaga.com\\\/en\\\/product\\\/anal-toys\\\/b-vibe-anal-massage-and-education-set-le-wand-luxurious-vibrator\\\/#primaryimage\"},\"thumbnailUrl\":\"https:\\\/\\\/libwo.iwanwilaga.com\\\/wp-content\\\/uploads\\\/2024\\\/04\\\/B-Vibe_Anal_Massage_and_Education_Set_2.jpg\",\"datePublished\":\"2024-04-16T10:00:48+00:00\",\"dateModified\":\"2025-05-27T21:24:01+00:00\",\"description\":\"Take home this box that will satisfy all your desires. The powerful wand and matching anal converter will be your favourite accessories\",\"breadcrumb\":{\"@id\":\"https:\\\/\\\/libwo.iwanwilaga.com\\\/en\\\/product\\\/anal-toys\\\/b-vibe-anal-massage-and-education-set-le-wand-luxurious-vibrator\\\/#breadcrumb\"},\"inLanguage\":\"en-US\",\"potentialAction\":[{\"@type\":\"ReadAction\",\"target\":[\"https:\\\/\\\/libwo.iwanwilaga.com\\\/en\\\/product\\\/anal-toys\\\/b-vibe-anal-massage-and-education-set-le-wand-luxurious-vibrator\\\/\"]}]},{\"@type\":\"ImageObject\",\"inLanguage\":\"en-US\",\"@id\":\"https:\\\/\\\/libwo.iwanwilaga.com\\\/en\\\/product\\\/anal-toys\\\/b-vibe-anal-massage-and-education-set-le-wand-luxurious-vibrator\\\/#primaryimage\",\"url\":\"https:\\\/\\\/libwo.iwanwilaga.com\\\/wp-content\\\/uploads\\\/2024\\\/04\\\/B-Vibe_Anal_Massage_and_Education_Set_2.jpg\",\"contentUrl\":\"https:\\\/\\\/libwo.iwanwilaga.com\\\/wp-content\\\/uploads\\\/2024\\\/04\\\/B-Vibe_Anal_Massage_and_Education_Set_2.jpg\",\"width\":1000,\"height\":1000,\"caption\":\"b-Vibe An\u00e1l szexj\u00e1t\u00e9k k\u00e9szlet le wand massz\u00edroz\u00f3val\"},{\"@type\":\"BreadcrumbList\",\"@id\":\"https:\\\/\\\/libwo.iwanwilaga.com\\\/en\\\/product\\\/anal-toys\\\/b-vibe-anal-massage-and-education-set-le-wand-luxurious-vibrator\\\/#breadcrumb\",\"itemListElement\":[{\"@type\":\"ListItem\",\"position\":1,\"name\":\"Kezd\u0151lap\",\"item\":\"https:\\\/\\\/libwo.iwanwilaga.com\\\/en\\\/\"},{\"@type\":\"ListItem\",\"position\":2,\"name\":\"Shop Home Page &#8211; Product categories\",\"item\":\"https:\\\/\\\/libwo.iwanwilaga.com\\\/shop-kezdolap-termek-kategoriak\\\/?lang=en\"},{\"@type\":\"ListItem\",\"position\":3,\"name\":\"B-VIBE Anal Massage and Education Set\"}]},{\"@type\":\"WebSite\",\"@id\":\"https:\\\/\\\/libwo.iwanwilaga.com\\\/en\\\/#website\",\"url\":\"https:\\\/\\\/libwo.iwanwilaga.com\\\/en\\\/\",\"name\":\"Lib Women Store\",\"description\":\"DEV OLDAL - Magyarorsz\u00e1g els\u0151 n\u0151kre f\u00f3kusz\u00e1l\u00f3 szexshopja, ahol az eg\u00e9szs\u00e9g ugyanolyan fontos, mint az \u00e9lvezetek.\",\"publisher\":{\"@id\":\"https:\\\/\\\/libwo.iwanwilaga.com\\\/en\\\/#organization\"},\"alternateName\":\"Lib\",\"potentialAction\":[{\"@type\":\"SearchAction\",\"target\":{\"@type\":\"EntryPoint\",\"urlTemplate\":\"https:\\\/\\\/libwo.iwanwilaga.com\\\/en\\\/?s={search_term_string}\"},\"query-input\":{\"@type\":\"PropertyValueSpecification\",\"valueRequired\":true,\"valueName\":\"search_term_string\"}}],\"inLanguage\":\"en-US\"},{\"@type\":\"Organization\",\"@id\":\"https:\\\/\\\/libwo.iwanwilaga.com\\\/en\\\/#organization\",\"name\":\"Lib Women Store\",\"url\":\"https:\\\/\\\/libwo.iwanwilaga.com\\\/en\\\/\",\"logo\":{\"@type\":\"ImageObject\",\"inLanguage\":\"en-US\",\"@id\":\"https:\\\/\\\/libwo.iwanwilaga.com\\\/en\\\/#\\\/schema\\\/logo\\\/image\\\/\",\"url\":\"https:\\\/\\\/libwo.iwanwilaga.com\\\/wp-content\\\/uploads\\\/2024\\\/05\\\/cropped-LIB-logo-A.png\",\"contentUrl\":\"https:\\\/\\\/libwo.iwanwilaga.com\\\/wp-content\\\/uploads\\\/2024\\\/05\\\/cropped-LIB-logo-A.png\",\"width\":512,\"height\":512,\"caption\":\"Lib Women Store\"},\"image\":{\"@id\":\"https:\\\/\\\/libwo.iwanwilaga.com\\\/en\\\/#\\\/schema\\\/logo\\\/image\\\/\"},\"sameAs\":[\"https:\\\/\\\/www.facebook.com\\\/libwomenstore\"]}]}<\/script>\n<meta property=\"product:price:amount\" content=\"105000\" \/>\n<meta property=\"product:price:currency\" content=\"HUF\" \/>\n<meta property=\"og:availability\" content=\"out of stock\" \/>\n<meta property=\"product:availability\" content=\"out of stock\" \/>\n<meta property=\"product:retailer_item_id\" content=\"LIB-BV005\" \/>\n<meta property=\"product:condition\" content=\"new\" \/>\n<!-- \/ Yoast SEO Premium plugin. -->","yoast_head_json":{"title":"B-VIBE Anal Massage and Education Set - Lib Women&#039;s Store DEW SITE","description":"Take home this box that will satisfy all your desires. The powerful wand and matching anal converter will be your favourite accessories","robots":{"index":"noindex","follow":"follow","max-snippet":"max-snippet:-1","max-image-preview":"max-image-preview:large","max-video-preview":"max-video-preview:-1"},"og_locale":"en_US","og_type":"article","og_title":"B-VIBE Anal Massage and Education Set","og_description":"Take home this box that will satisfy all your desires. The powerful wand and matching anal converter will be your favourite accessories","og_url":"https:\/\/libwo.iwanwilaga.com\/en\/product\/anal-toys\/b-vibe-anal-massage-and-education-set-le-wand-luxurious-vibrator\/","og_site_name":"Lib Women&#039;s Store DEW SITE","article_publisher":"https:\/\/www.facebook.com\/libwomenstore","article_modified_time":"2025-05-27T21:24:01+00:00","og_image":[{"width":1000,"height":1000,"url":"https:\/\/libwo.iwanwilaga.com\/wp-content\/uploads\/2024\/04\/B-Vibe_Anal_Massage_and_Education_Set_2.jpg","type":"image\/jpeg"}],"twitter_card":"summary_large_image","twitter_misc":{"Price":"105.000&#70;&#116;","Availability":"Out of stock"},"schema":{"@context":"https:\/\/schema.org","@graph":[{"@type":["WebPage","ItemPage"],"@id":"https:\/\/libwo.iwanwilaga.com\/en\/product\/anal-toys\/b-vibe-anal-massage-and-education-set-le-wand-luxurious-vibrator\/","url":"https:\/\/libwo.iwanwilaga.com\/en\/product\/anal-toys\/b-vibe-anal-massage-and-education-set-le-wand-luxurious-vibrator\/","name":"B-VIBE Anal Massage and Education Set - Lib Women&#039;s Store DEW SITE","isPartOf":{"@id":"https:\/\/libwo.iwanwilaga.com\/en\/#website"},"primaryImageOfPage":{"@id":"https:\/\/libwo.iwanwilaga.com\/en\/product\/anal-toys\/b-vibe-anal-massage-and-education-set-le-wand-luxurious-vibrator\/#primaryimage"},"image":{"@id":"https:\/\/libwo.iwanwilaga.com\/en\/product\/anal-toys\/b-vibe-anal-massage-and-education-set-le-wand-luxurious-vibrator\/#primaryimage"},"thumbnailUrl":"https:\/\/libwo.iwanwilaga.com\/wp-content\/uploads\/2024\/04\/B-Vibe_Anal_Massage_and_Education_Set_2.jpg","datePublished":"2024-04-16T10:00:48+00:00","dateModified":"2025-05-27T21:24:01+00:00","description":"Take home this box that will satisfy all your desires. The powerful wand and matching anal converter will be your favourite accessories","breadcrumb":{"@id":"https:\/\/libwo.iwanwilaga.com\/en\/product\/anal-toys\/b-vibe-anal-massage-and-education-set-le-wand-luxurious-vibrator\/#breadcrumb"},"inLanguage":"en-US","potentialAction":[{"@type":"ReadAction","target":["https:\/\/libwo.iwanwilaga.com\/en\/product\/anal-toys\/b-vibe-anal-massage-and-education-set-le-wand-luxurious-vibrator\/"]}]},{"@type":"ImageObject","inLanguage":"en-US","@id":"https:\/\/libwo.iwanwilaga.com\/en\/product\/anal-toys\/b-vibe-anal-massage-and-education-set-le-wand-luxurious-vibrator\/#primaryimage","url":"https:\/\/libwo.iwanwilaga.com\/wp-content\/uploads\/2024\/04\/B-Vibe_Anal_Massage_and_Education_Set_2.jpg","contentUrl":"https:\/\/libwo.iwanwilaga.com\/wp-content\/uploads\/2024\/04\/B-Vibe_Anal_Massage_and_Education_Set_2.jpg","width":1000,"height":1000,"caption":"b-Vibe An\u00e1l szexj\u00e1t\u00e9k k\u00e9szlet le wand massz\u00edroz\u00f3val"},{"@type":"BreadcrumbList","@id":"https:\/\/libwo.iwanwilaga.com\/en\/product\/anal-toys\/b-vibe-anal-massage-and-education-set-le-wand-luxurious-vibrator\/#breadcrumb","itemListElement":[{"@type":"ListItem","position":1,"name":"Kezd\u0151lap","item":"https:\/\/libwo.iwanwilaga.com\/en\/"},{"@type":"ListItem","position":2,"name":"Shop Home Page &#8211; Product categories","item":"https:\/\/libwo.iwanwilaga.com\/shop-kezdolap-termek-kategoriak\/?lang=en"},{"@type":"ListItem","position":3,"name":"B-VIBE Anal Massage and Education Set"}]},{"@type":"WebSite","@id":"https:\/\/libwo.iwanwilaga.com\/en\/#website","url":"https:\/\/libwo.iwanwilaga.com\/en\/","name":"Lib Women Store","description":"DEV OLDAL - Magyarorsz\u00e1g els\u0151 n\u0151kre f\u00f3kusz\u00e1l\u00f3 szexshopja, ahol az eg\u00e9szs\u00e9g ugyanolyan fontos, mint az \u00e9lvezetek.","publisher":{"@id":"https:\/\/libwo.iwanwilaga.com\/en\/#organization"},"alternateName":"Lib","potentialAction":[{"@type":"SearchAction","target":{"@type":"EntryPoint","urlTemplate":"https:\/\/libwo.iwanwilaga.com\/en\/?s={search_term_string}"},"query-input":{"@type":"PropertyValueSpecification","valueRequired":true,"valueName":"search_term_string"}}],"inLanguage":"en-US"},{"@type":"Organization","@id":"https:\/\/libwo.iwanwilaga.com\/en\/#organization","name":"Lib Women Store","url":"https:\/\/libwo.iwanwilaga.com\/en\/","logo":{"@type":"ImageObject","inLanguage":"en-US","@id":"https:\/\/libwo.iwanwilaga.com\/en\/#\/schema\/logo\/image\/","url":"https:\/\/libwo.iwanwilaga.com\/wp-content\/uploads\/2024\/05\/cropped-LIB-logo-A.png","contentUrl":"https:\/\/libwo.iwanwilaga.com\/wp-content\/uploads\/2024\/05\/cropped-LIB-logo-A.png","width":512,"height":512,"caption":"Lib Women Store"},"image":{"@id":"https:\/\/libwo.iwanwilaga.com\/en\/#\/schema\/logo\/image\/"},"sameAs":["https:\/\/www.facebook.com\/libwomenstore"]}]},"product_price_amount":"105000","product_price_currency":"HUF","og_availability":"out of stock","product_availability":"out of stock","product_retailer_item_id":"LIB-BV005","product_condition":"new"},"_links":{"self":[{"href":"https:\/\/libwo.iwanwilaga.com\/en\/wp-json\/wp\/v2\/product\/28820","targetHints":{"allow":["GET"]}}],"collection":[{"href":"https:\/\/libwo.iwanwilaga.com\/en\/wp-json\/wp\/v2\/product"}],"about":[{"href":"https:\/\/libwo.iwanwilaga.com\/en\/wp-json\/wp\/v2\/types\/product"}],"replies":[{"embeddable":true,"href":"https:\/\/libwo.iwanwilaga.com\/en\/wp-json\/wp\/v2\/comments?post=28820"}],"wp:featuredmedia":[{"embeddable":true,"href":"https:\/\/libwo.iwanwilaga.com\/en\/wp-json\/wp\/v2\/media\/26366"}],"wp:attachment":[{"href":"https:\/\/libwo.iwanwilaga.com\/en\/wp-json\/wp\/v2\/media?parent=28820"}],"wp:term":[{"taxonomy":"product_brand","embeddable":true,"href":"https:\/\/libwo.iwanwilaga.com\/en\/wp-json\/wp\/v2\/product_brand?post=28820"},{"taxonomy":"product_cat","embeddable":true,"href":"https:\/\/libwo.iwanwilaga.com\/en\/wp-json\/wp\/v2\/product_cat?post=28820"},{"taxonomy":"product_tag","embeddable":true,"href":"https:\/\/libwo.iwanwilaga.com\/en\/wp-json\/wp\/v2\/product_tag?post=28820"}],"curies":[{"name":"wp","href":"https:\/\/api.w.org\/{rel}","templated":true}]}}