{"id":28818,"date":"2024-04-16T12:00:50","date_gmt":"2024-04-16T10:00:50","guid":{"rendered":"https:\/\/uj.libwomenstore.com\/?post_type=product&#038;p=28818"},"modified":"2025-01-17T17:58:15","modified_gmt":"2025-01-17T16:58:15","slug":"b-vibe-anal-training-and-education-set-beginner-friendly-with-accessories","status":"publish","type":"product","link":"https:\/\/libwo.iwanwilaga.com\/en\/product\/anal-toys\/b-vibe-anal-training-and-education-set-beginner-friendly-with-accessories\/","title":{"rendered":"B-VIBE Anal Training and Education Set"},"content":{"rendered":"<p style=\"text-align: center;\"><b>Specialties<\/b><\/p>\n<p style=\"text-align: center;\"><span style=\"font-weight: 400;\">Are you ready to add anal play to your sexual repertoire? Here are 7 reasons why the b-Vibe anal training and education kit is the perfect partner to get you started:<\/span><\/p>\n<ol style=\"text-align: center;\">\n<li style=\"font-weight: 400;\"><span style=\"font-weight: 400;\">Small Silicone Butt Plug &#8211; Designed to look like a finger, the smallest member of this anal training kit is slim enough for your first foray into anal play.<\/span><\/li>\n<li style=\"font-weight: 400;\"><span style=\"font-weight: 400;\">Medium Vibration Dummy Plug \u2013 Once you&#8217;ve gotten used to the feel of the small size plug, you might want to add another sensation to the mix: vibration.\u00a0 \u00a0 \u00a0 \u00a0 \u00a0 \u00a0 \u00a0 \u00a0 \u00a0 \u00a0 \u00a0 \u00a0 \u00a0 \u00a0 \u00a0 You can use vibration to stimulate the prostate or the G-spot. Vibration also helps relax the sphincter muscles, which is exactly what you want during anal play. The medium plug has 6 vibration levels and can be locked at the push of a button, so it doesn\u2019t turn on during travel.<\/span><\/li>\n<li style=\"font-weight: 400;\"><span style=\"font-weight: 400;\">Heavy weight butt plug \u2014 The two weighted balls (180 g) in this vibration-free butt plug help create a feeling of sensual fullness.<\/span><\/li>\n<li style=\"font-weight: 400;\"><span style=\"font-weight: 400;\">Lube Applicator \u2013 This little gadget is one of the best things you&#8217;ve never heard of, or used. It does exactly what it sounds like by helping you get lube into hard-to-reach places. It is important to use the right lubricant!<\/span><\/li>\n<li style=\"font-weight: 400;\"><span style=\"font-weight: 400;\">Anal Douche &#8211; No anal training kit would be complete without a douche. It&#8217;s the perfect choice for deep cleaning before anal play.<\/span><\/li>\n<li style=\"font-weight: 400;\"><span style=\"font-weight: 400;\">Zip-up travel bag \u2014 Because why not take your anal training kit with you on vacation?<\/span><\/li>\n<li style=\"font-weight: 400;\"><span style=\"font-weight: 400;\">The Complete Guide to Anal Play &#8211; We&#8217;ve Saved the best for last. Each purchase comes with a 50+ page manual containing a comprehensive guide to anal play by certified sex instructors. Learn more about anal play and how to prepare for anal with this guide.<\/span><\/li>\n<\/ol>\n<p style=\"text-align: center;\"><b>Tip<\/b><\/p>\n<p style=\"text-align: center;\"><span style=\"font-weight: 400;\">Butt plugs are great toys for public play, you can use them alone or share the experience with your partner.<\/span><\/p>\n<p style=\"text-align: center;\"><b>Features<\/b><\/p>\n<p style=\"text-align: center;\"><span style=\"font-weight: 400;\">Each plug is made from high quality silicone which is phthalate and latex free. Use of water-based lubricants is recommended! The plugs are water resistant.<\/span><\/p>\n<p style=\"text-align: center;\"><b>Sizes:\u00a0<\/b><\/p>\n<p style=\"text-align: center;\"><span style=\"font-weight: 400;\">S: 98x26x50 mm, 35.5 gr<\/span><\/p>\n<p style=\"text-align: center;\"><span style=\"font-weight: 400;\">M: 134x32x68 mm, 88 gr, li-ion battery<\/span><\/p>\n<p style=\"text-align: center;\"><span style=\"font-weight: 400;\">L: 137x40x71.5 mm, 180 gr<\/span><\/p>\n<p style=\"text-align: center;\"><b>Use &amp; Cleaning<\/b><\/p>\n<p style=\"text-align: center;\"><span style=\"font-weight: 400;\">Toys cannot be used with silicon-based lubricants, unless they are encased in a condom. For cleaning, use antibacterial soapy water and air dry, or use a cleaning agent made for sexual aids.<\/span><\/p>\n","protected":false},"excerpt":{"rendered":"<p><span style=\"font-weight: 400;\">Discover the joys of anal play with the new b-Vibe Anal Training Kit &amp; Education Set.<\/span><\/p>\n<p><span style=\"font-weight: 400;\">That&#8217;s where our anal training kit comes in &#8211; anal training means taking the time and care to prepare your body for anal sex.<\/span><\/p>\n<p><span style=\"font-weight: 400;\">At b-Vibe, they believe that education is the key to enjoying anal play. This 7-piece set was also created to be equipped with everything you need for safe anal sex.<\/span><\/p>\n","protected":false},"featured_media":26369,"comment_status":"open","ping_status":"closed","template":"","meta":{"_et_pb_use_builder":"","_et_pb_old_content":"","_et_gb_content_width":""},"product_brand":[],"product_cat":[325],"product_tag":[],"class_list":{"0":"post-28818","1":"product","2":"type-product","3":"status-publish","4":"has-post-thumbnail","6":"product_cat-anal-toys","8":"first","9":"outofstock","10":"taxable","11":"shipping-taxable","12":"purchasable","13":"product-type-simple"},"yoast_head":"<!-- This site is optimized with the Yoast SEO Premium plugin v27.5 (Yoast SEO v27.5) - https:\/\/yoast.com\/product\/yoast-seo-premium-wordpress\/ -->\n<title>B-VIBE Anal Training and Education Set - Lib Women&#039;s Store DEW SITE<\/title>\n<meta name=\"description\" content=\"If you don&#039;t know how to get started with anal sex, this is the perfect package. This box contains everything you need from preparation to pleasure.\" \/>\n<meta name=\"robots\" content=\"noindex, follow, max-snippet:-1, max-image-preview:large, max-video-preview:-1\" \/>\n<meta property=\"og:locale\" content=\"en_US\" \/>\n<meta property=\"og:type\" content=\"article\" \/>\n<meta property=\"og:title\" content=\"B-VIBE Anal Training and Education Set\" \/>\n<meta property=\"og:description\" content=\"If you don&#039;t know how to get started with anal sex, this is the perfect package. This box contains everything you need from preparation to pleasure.\" \/>\n<meta property=\"og:url\" content=\"https:\/\/libwo.iwanwilaga.com\/en\/product\/anal-toys\/b-vibe-anal-training-and-education-set-beginner-friendly-with-accessories\/\" \/>\n<meta property=\"og:site_name\" content=\"Lib Women&#039;s Store DEW SITE\" \/>\n<meta property=\"article:publisher\" content=\"https:\/\/www.facebook.com\/libwomenstore\" \/>\n<meta property=\"article:modified_time\" content=\"2025-01-17T16:58:15+00:00\" \/>\n<meta property=\"og:image\" content=\"https:\/\/libwo.iwanwilaga.com\/wp-content\/uploads\/2024\/04\/B-Vibe_Anal_Training_and_Education_Set_1.jpg\" \/>\n\t<meta property=\"og:image:width\" content=\"1280\" \/>\n\t<meta property=\"og:image:height\" content=\"1280\" \/>\n\t<meta property=\"og:image:type\" content=\"image\/jpeg\" \/>\n<meta name=\"twitter:card\" content=\"summary_large_image\" \/>\n<meta name=\"twitter:label1\" content=\"Price\" \/>\n\t<meta name=\"twitter:data1\" content=\"80.000&#070;&#116;\" \/>\n\t<meta name=\"twitter:label2\" content=\"Availability\" \/>\n\t<meta name=\"twitter:data2\" content=\"Out of stock\" \/>\n<script type=\"application\/ld+json\" class=\"yoast-schema-graph\">{\"@context\":\"https:\\\/\\\/schema.org\",\"@graph\":[{\"@type\":[\"WebPage\",\"ItemPage\"],\"@id\":\"https:\\\/\\\/libwo.iwanwilaga.com\\\/en\\\/product\\\/anal-toys\\\/b-vibe-anal-training-and-education-set-beginner-friendly-with-accessories\\\/\",\"url\":\"https:\\\/\\\/libwo.iwanwilaga.com\\\/en\\\/product\\\/anal-toys\\\/b-vibe-anal-training-and-education-set-beginner-friendly-with-accessories\\\/\",\"name\":\"B-VIBE Anal Training and Education Set - Lib Women&#039;s Store DEW SITE\",\"isPartOf\":{\"@id\":\"https:\\\/\\\/libwo.iwanwilaga.com\\\/en\\\/#website\"},\"primaryImageOfPage\":{\"@id\":\"https:\\\/\\\/libwo.iwanwilaga.com\\\/en\\\/product\\\/anal-toys\\\/b-vibe-anal-training-and-education-set-beginner-friendly-with-accessories\\\/#primaryimage\"},\"image\":{\"@id\":\"https:\\\/\\\/libwo.iwanwilaga.com\\\/en\\\/product\\\/anal-toys\\\/b-vibe-anal-training-and-education-set-beginner-friendly-with-accessories\\\/#primaryimage\"},\"thumbnailUrl\":\"https:\\\/\\\/libwo.iwanwilaga.com\\\/wp-content\\\/uploads\\\/2024\\\/04\\\/B-Vibe_Anal_Training_and_Education_Set_1.jpg\",\"datePublished\":\"2024-04-16T10:00:50+00:00\",\"dateModified\":\"2025-01-17T16:58:15+00:00\",\"description\":\"If you don't know how to get started with anal sex, this is the perfect package. This box contains everything you need from preparation to pleasure.\",\"breadcrumb\":{\"@id\":\"https:\\\/\\\/libwo.iwanwilaga.com\\\/en\\\/product\\\/anal-toys\\\/b-vibe-anal-training-and-education-set-beginner-friendly-with-accessories\\\/#breadcrumb\"},\"inLanguage\":\"en-US\",\"potentialAction\":[{\"@type\":\"ReadAction\",\"target\":[\"https:\\\/\\\/libwo.iwanwilaga.com\\\/en\\\/product\\\/anal-toys\\\/b-vibe-anal-training-and-education-set-beginner-friendly-with-accessories\\\/\"]}]},{\"@type\":\"ImageObject\",\"inLanguage\":\"en-US\",\"@id\":\"https:\\\/\\\/libwo.iwanwilaga.com\\\/en\\\/product\\\/anal-toys\\\/b-vibe-anal-training-and-education-set-beginner-friendly-with-accessories\\\/#primaryimage\",\"url\":\"https:\\\/\\\/libwo.iwanwilaga.com\\\/wp-content\\\/uploads\\\/2024\\\/04\\\/B-Vibe_Anal_Training_and_Education_Set_1.jpg\",\"contentUrl\":\"https:\\\/\\\/libwo.iwanwilaga.com\\\/wp-content\\\/uploads\\\/2024\\\/04\\\/B-Vibe_Anal_Training_and_Education_Set_1.jpg\",\"width\":1280,\"height\":1280,\"caption\":\"b-Vibe An\u00e1l k\u00e9szlet kezd\u0151knek \u00e9s halad\u00f3knak\"},{\"@type\":\"BreadcrumbList\",\"@id\":\"https:\\\/\\\/libwo.iwanwilaga.com\\\/en\\\/product\\\/anal-toys\\\/b-vibe-anal-training-and-education-set-beginner-friendly-with-accessories\\\/#breadcrumb\",\"itemListElement\":[{\"@type\":\"ListItem\",\"position\":1,\"name\":\"Kezd\u0151lap\",\"item\":\"https:\\\/\\\/libwo.iwanwilaga.com\\\/en\\\/\"},{\"@type\":\"ListItem\",\"position\":2,\"name\":\"Shop Home Page &#8211; Product categories\",\"item\":\"https:\\\/\\\/libwo.iwanwilaga.com\\\/shop-kezdolap-termek-kategoriak\\\/?lang=en\"},{\"@type\":\"ListItem\",\"position\":3,\"name\":\"B-VIBE Anal Training and Education Set\"}]},{\"@type\":\"WebSite\",\"@id\":\"https:\\\/\\\/libwo.iwanwilaga.com\\\/en\\\/#website\",\"url\":\"https:\\\/\\\/libwo.iwanwilaga.com\\\/en\\\/\",\"name\":\"Lib Women Store\",\"description\":\"DEV OLDAL - Magyarorsz\u00e1g els\u0151 n\u0151kre f\u00f3kusz\u00e1l\u00f3 szexshopja, ahol az eg\u00e9szs\u00e9g ugyanolyan fontos, mint az \u00e9lvezetek.\",\"publisher\":{\"@id\":\"https:\\\/\\\/libwo.iwanwilaga.com\\\/en\\\/#organization\"},\"alternateName\":\"Lib\",\"potentialAction\":[{\"@type\":\"SearchAction\",\"target\":{\"@type\":\"EntryPoint\",\"urlTemplate\":\"https:\\\/\\\/libwo.iwanwilaga.com\\\/en\\\/?s={search_term_string}\"},\"query-input\":{\"@type\":\"PropertyValueSpecification\",\"valueRequired\":true,\"valueName\":\"search_term_string\"}}],\"inLanguage\":\"en-US\"},{\"@type\":\"Organization\",\"@id\":\"https:\\\/\\\/libwo.iwanwilaga.com\\\/en\\\/#organization\",\"name\":\"Lib Women Store\",\"url\":\"https:\\\/\\\/libwo.iwanwilaga.com\\\/en\\\/\",\"logo\":{\"@type\":\"ImageObject\",\"inLanguage\":\"en-US\",\"@id\":\"https:\\\/\\\/libwo.iwanwilaga.com\\\/en\\\/#\\\/schema\\\/logo\\\/image\\\/\",\"url\":\"https:\\\/\\\/libwo.iwanwilaga.com\\\/wp-content\\\/uploads\\\/2024\\\/05\\\/cropped-LIB-logo-A.png\",\"contentUrl\":\"https:\\\/\\\/libwo.iwanwilaga.com\\\/wp-content\\\/uploads\\\/2024\\\/05\\\/cropped-LIB-logo-A.png\",\"width\":512,\"height\":512,\"caption\":\"Lib Women Store\"},\"image\":{\"@id\":\"https:\\\/\\\/libwo.iwanwilaga.com\\\/en\\\/#\\\/schema\\\/logo\\\/image\\\/\"},\"sameAs\":[\"https:\\\/\\\/www.facebook.com\\\/libwomenstore\"]}]}<\/script>\n<meta property=\"product:price:amount\" content=\"80000\" \/>\n<meta property=\"product:price:currency\" content=\"HUF\" \/>\n<meta property=\"og:availability\" content=\"out of stock\" \/>\n<meta property=\"product:availability\" content=\"out of stock\" \/>\n<meta property=\"product:retailer_item_id\" content=\"LIB-BV003\" \/>\n<meta property=\"product:condition\" content=\"new\" \/>\n<!-- \/ Yoast SEO Premium plugin. -->","yoast_head_json":{"title":"B-VIBE Anal Training and Education Set - Lib Women&#039;s Store DEW SITE","description":"If you don't know how to get started with anal sex, this is the perfect package. This box contains everything you need from preparation to pleasure.","robots":{"index":"noindex","follow":"follow","max-snippet":"max-snippet:-1","max-image-preview":"max-image-preview:large","max-video-preview":"max-video-preview:-1"},"og_locale":"en_US","og_type":"article","og_title":"B-VIBE Anal Training and Education Set","og_description":"If you don't know how to get started with anal sex, this is the perfect package. This box contains everything you need from preparation to pleasure.","og_url":"https:\/\/libwo.iwanwilaga.com\/en\/product\/anal-toys\/b-vibe-anal-training-and-education-set-beginner-friendly-with-accessories\/","og_site_name":"Lib Women&#039;s Store DEW SITE","article_publisher":"https:\/\/www.facebook.com\/libwomenstore","article_modified_time":"2025-01-17T16:58:15+00:00","og_image":[{"width":1280,"height":1280,"url":"https:\/\/libwo.iwanwilaga.com\/wp-content\/uploads\/2024\/04\/B-Vibe_Anal_Training_and_Education_Set_1.jpg","type":"image\/jpeg"}],"twitter_card":"summary_large_image","twitter_misc":{"Price":"80.000&#70;&#116;","Availability":"Out of stock"},"schema":{"@context":"https:\/\/schema.org","@graph":[{"@type":["WebPage","ItemPage"],"@id":"https:\/\/libwo.iwanwilaga.com\/en\/product\/anal-toys\/b-vibe-anal-training-and-education-set-beginner-friendly-with-accessories\/","url":"https:\/\/libwo.iwanwilaga.com\/en\/product\/anal-toys\/b-vibe-anal-training-and-education-set-beginner-friendly-with-accessories\/","name":"B-VIBE Anal Training and Education Set - Lib Women&#039;s Store DEW SITE","isPartOf":{"@id":"https:\/\/libwo.iwanwilaga.com\/en\/#website"},"primaryImageOfPage":{"@id":"https:\/\/libwo.iwanwilaga.com\/en\/product\/anal-toys\/b-vibe-anal-training-and-education-set-beginner-friendly-with-accessories\/#primaryimage"},"image":{"@id":"https:\/\/libwo.iwanwilaga.com\/en\/product\/anal-toys\/b-vibe-anal-training-and-education-set-beginner-friendly-with-accessories\/#primaryimage"},"thumbnailUrl":"https:\/\/libwo.iwanwilaga.com\/wp-content\/uploads\/2024\/04\/B-Vibe_Anal_Training_and_Education_Set_1.jpg","datePublished":"2024-04-16T10:00:50+00:00","dateModified":"2025-01-17T16:58:15+00:00","description":"If you don't know how to get started with anal sex, this is the perfect package. This box contains everything you need from preparation to pleasure.","breadcrumb":{"@id":"https:\/\/libwo.iwanwilaga.com\/en\/product\/anal-toys\/b-vibe-anal-training-and-education-set-beginner-friendly-with-accessories\/#breadcrumb"},"inLanguage":"en-US","potentialAction":[{"@type":"ReadAction","target":["https:\/\/libwo.iwanwilaga.com\/en\/product\/anal-toys\/b-vibe-anal-training-and-education-set-beginner-friendly-with-accessories\/"]}]},{"@type":"ImageObject","inLanguage":"en-US","@id":"https:\/\/libwo.iwanwilaga.com\/en\/product\/anal-toys\/b-vibe-anal-training-and-education-set-beginner-friendly-with-accessories\/#primaryimage","url":"https:\/\/libwo.iwanwilaga.com\/wp-content\/uploads\/2024\/04\/B-Vibe_Anal_Training_and_Education_Set_1.jpg","contentUrl":"https:\/\/libwo.iwanwilaga.com\/wp-content\/uploads\/2024\/04\/B-Vibe_Anal_Training_and_Education_Set_1.jpg","width":1280,"height":1280,"caption":"b-Vibe An\u00e1l k\u00e9szlet kezd\u0151knek \u00e9s halad\u00f3knak"},{"@type":"BreadcrumbList","@id":"https:\/\/libwo.iwanwilaga.com\/en\/product\/anal-toys\/b-vibe-anal-training-and-education-set-beginner-friendly-with-accessories\/#breadcrumb","itemListElement":[{"@type":"ListItem","position":1,"name":"Kezd\u0151lap","item":"https:\/\/libwo.iwanwilaga.com\/en\/"},{"@type":"ListItem","position":2,"name":"Shop Home Page &#8211; Product categories","item":"https:\/\/libwo.iwanwilaga.com\/shop-kezdolap-termek-kategoriak\/?lang=en"},{"@type":"ListItem","position":3,"name":"B-VIBE Anal Training and Education Set"}]},{"@type":"WebSite","@id":"https:\/\/libwo.iwanwilaga.com\/en\/#website","url":"https:\/\/libwo.iwanwilaga.com\/en\/","name":"Lib Women Store","description":"DEV OLDAL - Magyarorsz\u00e1g els\u0151 n\u0151kre f\u00f3kusz\u00e1l\u00f3 szexshopja, ahol az eg\u00e9szs\u00e9g ugyanolyan fontos, mint az \u00e9lvezetek.","publisher":{"@id":"https:\/\/libwo.iwanwilaga.com\/en\/#organization"},"alternateName":"Lib","potentialAction":[{"@type":"SearchAction","target":{"@type":"EntryPoint","urlTemplate":"https:\/\/libwo.iwanwilaga.com\/en\/?s={search_term_string}"},"query-input":{"@type":"PropertyValueSpecification","valueRequired":true,"valueName":"search_term_string"}}],"inLanguage":"en-US"},{"@type":"Organization","@id":"https:\/\/libwo.iwanwilaga.com\/en\/#organization","name":"Lib Women Store","url":"https:\/\/libwo.iwanwilaga.com\/en\/","logo":{"@type":"ImageObject","inLanguage":"en-US","@id":"https:\/\/libwo.iwanwilaga.com\/en\/#\/schema\/logo\/image\/","url":"https:\/\/libwo.iwanwilaga.com\/wp-content\/uploads\/2024\/05\/cropped-LIB-logo-A.png","contentUrl":"https:\/\/libwo.iwanwilaga.com\/wp-content\/uploads\/2024\/05\/cropped-LIB-logo-A.png","width":512,"height":512,"caption":"Lib Women Store"},"image":{"@id":"https:\/\/libwo.iwanwilaga.com\/en\/#\/schema\/logo\/image\/"},"sameAs":["https:\/\/www.facebook.com\/libwomenstore"]}]},"product_price_amount":"80000","product_price_currency":"HUF","og_availability":"out of stock","product_availability":"out of stock","product_retailer_item_id":"LIB-BV003","product_condition":"new"},"_links":{"self":[{"href":"https:\/\/libwo.iwanwilaga.com\/en\/wp-json\/wp\/v2\/product\/28818","targetHints":{"allow":["GET"]}}],"collection":[{"href":"https:\/\/libwo.iwanwilaga.com\/en\/wp-json\/wp\/v2\/product"}],"about":[{"href":"https:\/\/libwo.iwanwilaga.com\/en\/wp-json\/wp\/v2\/types\/product"}],"replies":[{"embeddable":true,"href":"https:\/\/libwo.iwanwilaga.com\/en\/wp-json\/wp\/v2\/comments?post=28818"}],"wp:featuredmedia":[{"embeddable":true,"href":"https:\/\/libwo.iwanwilaga.com\/en\/wp-json\/wp\/v2\/media\/26369"}],"wp:attachment":[{"href":"https:\/\/libwo.iwanwilaga.com\/en\/wp-json\/wp\/v2\/media?parent=28818"}],"wp:term":[{"taxonomy":"product_brand","embeddable":true,"href":"https:\/\/libwo.iwanwilaga.com\/en\/wp-json\/wp\/v2\/product_brand?post=28818"},{"taxonomy":"product_cat","embeddable":true,"href":"https:\/\/libwo.iwanwilaga.com\/en\/wp-json\/wp\/v2\/product_cat?post=28818"},{"taxonomy":"product_tag","embeddable":true,"href":"https:\/\/libwo.iwanwilaga.com\/en\/wp-json\/wp\/v2\/product_tag?post=28818"}],"curies":[{"name":"wp","href":"https:\/\/api.w.org\/{rel}","templated":true}]}}