{"id":28816,"date":"2024-04-16T12:00:53","date_gmt":"2024-04-16T10:00:53","guid":{"rendered":"https:\/\/uj.libwomenstore.com\/?post_type=product&#038;p=28816"},"modified":"2025-01-07T16:40:38","modified_gmt":"2025-01-07T15:40:38","slug":"b-vibe-trio-anal-vibrator-soft-silicone-couples-play","status":"publish","type":"product","link":"https:\/\/libwo.iwanwilaga.com\/en\/product\/anal-toys\/b-vibe-trio-anal-vibrator-soft-silicone-couples-play\/","title":{"rendered":"B-VIBE Trio"},"content":{"rendered":"<p style=\"text-align: center;\"><span style=\"font-weight: 400;\">The Trio is made with a silky-smooth surface, and completely skin-friendly material. It is medium size, and functionally perfect, with a pampering, tapered cone shape that ensures gentle penetration and a safe, flared sole that prevents you from penetrating deeper than necessary. The motors are located at the base, middle and top of the vibrator.<\/span><\/p>\n<p style=\"text-align: center;\"><b>Tip<\/b><\/p>\n<p style=\"text-align: center;\"><span style=\"font-weight: 400;\">The Trio provides prostate stimulation to those with a penis, while those with vulvas can look forward to pampering the perineal sponge and anterior fornix erogenous zone (AKA the A-spot).<\/span><\/p>\n<p style=\"text-align: center;\"><b>Features<\/b><\/p>\n<p style=\"text-align: center;\"><span style=\"font-weight: 400;\">Made with body-safe silicone material and a smooth surface. The material does not contain phthalates, latex and it is non-porous. Three built-in motors, USB-rechargeable lithium-ion battery, which is capable of up to 1.5 hours of operation on a 1.5-hour charge. The wireless remote control works within a range of up to 9 m. Splash proof and shower friendly.<\/span><\/p>\n<p style=\"text-align: center;\"><span style=\"font-weight: 400;\">Insertable length: 11 cm<\/span><\/p>\n<p style=\"text-align: center;\"><span style=\"font-weight: 400;\">Maximum diameter: 3 cm<\/span><\/p>\n<p style=\"text-align: center;\"><b>Use &amp; Cleaning<\/b><\/p>\n<p style=\"text-align: center;\"><span style=\"font-weight: 400;\">It cannot be used with silicon-based lubricants, unless the plug is encased in a condom. For cleaning, use antibacterial soapy water and air dry, or a cleaning agent made for sexual aids.<\/span><\/p>\n","protected":false},"excerpt":{"rendered":"<p><span style=\"font-weight: 400;\">The b-Vibe Trio is the only premium vibrating anal plug that combines the power of three powerful motors in a flexible, medium-sized anal sex toy.<\/span><\/p>\n<p><span style=\"font-weight: 400;\">Trio, a high-tech butt plug that offers 8 vibration intensity levels and 9 vibration patterns that range from gentle pulsations to fast and powerful ones, was called an \u201camazing anal sex toy\u201d by the editors of Cosmopolitan.<\/span><\/p>\n<p><span style=\"font-weight: 400;\">The Trio Plug is designed to enhance anal play through sensual stimulation and help your muscles relax \u2013 exactly what you want to during anal play.<\/span><\/p>\n","protected":false},"featured_media":26375,"comment_status":"open","ping_status":"closed","template":"","meta":{"_et_pb_use_builder":"","_et_pb_old_content":"","_et_gb_content_width":""},"product_brand":[],"product_cat":[325,361],"product_tag":[],"class_list":{"0":"post-28816","1":"product","2":"type-product","3":"status-publish","4":"has-post-thumbnail","6":"product_cat-anal-toys","7":"product_cat-anal-vibrators","9":"first","10":"outofstock","11":"taxable","12":"shipping-taxable","13":"purchasable","14":"product-type-simple"},"yoast_head":"<!-- This site is optimized with the Yoast SEO Premium plugin v27.5 (Yoast SEO v27.5) - https:\/\/yoast.com\/product\/yoast-seo-premium-wordpress\/ -->\n<title>B-VIBE Trio - Lib Women&#039;s Store DEW SITE<\/title>\n<meta name=\"description\" content=\"Unique power in a vibrator this size, the power of three motors in a medium-sized anal vibrator covered in silky silicone. Control it from a distance!\" \/>\n<meta name=\"robots\" content=\"noindex, follow, max-snippet:-1, max-image-preview:large, max-video-preview:-1\" \/>\n<meta property=\"og:locale\" content=\"en_US\" \/>\n<meta property=\"og:type\" content=\"article\" \/>\n<meta property=\"og:title\" content=\"B-VIBE Trio\" \/>\n<meta property=\"og:description\" content=\"Unique power in a vibrator this size, the power of three motors in a medium-sized anal vibrator covered in silky silicone. Control it from a distance!\" \/>\n<meta property=\"og:url\" content=\"https:\/\/libwo.iwanwilaga.com\/en\/product\/anal-toys\/b-vibe-trio-anal-vibrator-soft-silicone-couples-play\/\" \/>\n<meta property=\"og:site_name\" content=\"Lib Women&#039;s Store DEW SITE\" \/>\n<meta property=\"article:publisher\" content=\"https:\/\/www.facebook.com\/libwomenstore\" \/>\n<meta property=\"article:modified_time\" content=\"2025-01-07T15:40:38+00:00\" \/>\n<meta property=\"og:image\" content=\"https:\/\/libwo.iwanwilaga.com\/wp-content\/uploads\/2024\/04\/B-Vibe_Trio_2.jpg\" \/>\n\t<meta property=\"og:image:width\" content=\"2000\" \/>\n\t<meta property=\"og:image:height\" content=\"2001\" \/>\n\t<meta property=\"og:image:type\" content=\"image\/jpeg\" \/>\n<meta name=\"twitter:card\" content=\"summary_large_image\" \/>\n<meta name=\"twitter:label1\" content=\"Price\" \/>\n\t<meta name=\"twitter:data1\" content=\"62.000&#070;&#116;\" \/>\n\t<meta name=\"twitter:label2\" content=\"Availability\" \/>\n\t<meta name=\"twitter:data2\" content=\"Out of stock\" \/>\n<script type=\"application\/ld+json\" class=\"yoast-schema-graph\">{\"@context\":\"https:\\\/\\\/schema.org\",\"@graph\":[{\"@type\":[\"WebPage\",\"ItemPage\"],\"@id\":\"https:\\\/\\\/libwo.iwanwilaga.com\\\/en\\\/product\\\/anal-toys\\\/b-vibe-trio-anal-vibrator-soft-silicone-couples-play\\\/\",\"url\":\"https:\\\/\\\/libwo.iwanwilaga.com\\\/en\\\/product\\\/anal-toys\\\/b-vibe-trio-anal-vibrator-soft-silicone-couples-play\\\/\",\"name\":\"B-VIBE Trio - Lib Women&#039;s Store DEW SITE\",\"isPartOf\":{\"@id\":\"https:\\\/\\\/libwo.iwanwilaga.com\\\/en\\\/#website\"},\"primaryImageOfPage\":{\"@id\":\"https:\\\/\\\/libwo.iwanwilaga.com\\\/en\\\/product\\\/anal-toys\\\/b-vibe-trio-anal-vibrator-soft-silicone-couples-play\\\/#primaryimage\"},\"image\":{\"@id\":\"https:\\\/\\\/libwo.iwanwilaga.com\\\/en\\\/product\\\/anal-toys\\\/b-vibe-trio-anal-vibrator-soft-silicone-couples-play\\\/#primaryimage\"},\"thumbnailUrl\":\"https:\\\/\\\/libwo.iwanwilaga.com\\\/wp-content\\\/uploads\\\/2024\\\/04\\\/B-Vibe_Trio_2.jpg\",\"datePublished\":\"2024-04-16T10:00:53+00:00\",\"dateModified\":\"2025-01-07T15:40:38+00:00\",\"description\":\"Unique power in a vibrator this size, the power of three motors in a medium-sized anal vibrator covered in silky silicone. Control it from a distance!\",\"breadcrumb\":{\"@id\":\"https:\\\/\\\/libwo.iwanwilaga.com\\\/en\\\/product\\\/anal-toys\\\/b-vibe-trio-anal-vibrator-soft-silicone-couples-play\\\/#breadcrumb\"},\"inLanguage\":\"en-US\",\"potentialAction\":[{\"@type\":\"ReadAction\",\"target\":[\"https:\\\/\\\/libwo.iwanwilaga.com\\\/en\\\/product\\\/anal-toys\\\/b-vibe-trio-anal-vibrator-soft-silicone-couples-play\\\/\"]}]},{\"@type\":\"ImageObject\",\"inLanguage\":\"en-US\",\"@id\":\"https:\\\/\\\/libwo.iwanwilaga.com\\\/en\\\/product\\\/anal-toys\\\/b-vibe-trio-anal-vibrator-soft-silicone-couples-play\\\/#primaryimage\",\"url\":\"https:\\\/\\\/libwo.iwanwilaga.com\\\/wp-content\\\/uploads\\\/2024\\\/04\\\/B-Vibe_Trio_2.jpg\",\"contentUrl\":\"https:\\\/\\\/libwo.iwanwilaga.com\\\/wp-content\\\/uploads\\\/2024\\\/04\\\/B-Vibe_Trio_2.jpg\",\"width\":2000,\"height\":2001},{\"@type\":\"BreadcrumbList\",\"@id\":\"https:\\\/\\\/libwo.iwanwilaga.com\\\/en\\\/product\\\/anal-toys\\\/b-vibe-trio-anal-vibrator-soft-silicone-couples-play\\\/#breadcrumb\",\"itemListElement\":[{\"@type\":\"ListItem\",\"position\":1,\"name\":\"Kezd\u0151lap\",\"item\":\"https:\\\/\\\/libwo.iwanwilaga.com\\\/en\\\/\"},{\"@type\":\"ListItem\",\"position\":2,\"name\":\"Shop Home Page &#8211; Product categories\",\"item\":\"https:\\\/\\\/libwo.iwanwilaga.com\\\/shop-kezdolap-termek-kategoriak\\\/?lang=en\"},{\"@type\":\"ListItem\",\"position\":3,\"name\":\"B-VIBE Trio\"}]},{\"@type\":\"WebSite\",\"@id\":\"https:\\\/\\\/libwo.iwanwilaga.com\\\/en\\\/#website\",\"url\":\"https:\\\/\\\/libwo.iwanwilaga.com\\\/en\\\/\",\"name\":\"Lib Women Store\",\"description\":\"DEV OLDAL - Magyarorsz\u00e1g els\u0151 n\u0151kre f\u00f3kusz\u00e1l\u00f3 szexshopja, ahol az eg\u00e9szs\u00e9g ugyanolyan fontos, mint az \u00e9lvezetek.\",\"publisher\":{\"@id\":\"https:\\\/\\\/libwo.iwanwilaga.com\\\/en\\\/#organization\"},\"alternateName\":\"Lib\",\"potentialAction\":[{\"@type\":\"SearchAction\",\"target\":{\"@type\":\"EntryPoint\",\"urlTemplate\":\"https:\\\/\\\/libwo.iwanwilaga.com\\\/en\\\/?s={search_term_string}\"},\"query-input\":{\"@type\":\"PropertyValueSpecification\",\"valueRequired\":true,\"valueName\":\"search_term_string\"}}],\"inLanguage\":\"en-US\"},{\"@type\":\"Organization\",\"@id\":\"https:\\\/\\\/libwo.iwanwilaga.com\\\/en\\\/#organization\",\"name\":\"Lib Women Store\",\"url\":\"https:\\\/\\\/libwo.iwanwilaga.com\\\/en\\\/\",\"logo\":{\"@type\":\"ImageObject\",\"inLanguage\":\"en-US\",\"@id\":\"https:\\\/\\\/libwo.iwanwilaga.com\\\/en\\\/#\\\/schema\\\/logo\\\/image\\\/\",\"url\":\"https:\\\/\\\/libwo.iwanwilaga.com\\\/wp-content\\\/uploads\\\/2024\\\/05\\\/cropped-LIB-logo-A.png\",\"contentUrl\":\"https:\\\/\\\/libwo.iwanwilaga.com\\\/wp-content\\\/uploads\\\/2024\\\/05\\\/cropped-LIB-logo-A.png\",\"width\":512,\"height\":512,\"caption\":\"Lib Women Store\"},\"image\":{\"@id\":\"https:\\\/\\\/libwo.iwanwilaga.com\\\/en\\\/#\\\/schema\\\/logo\\\/image\\\/\"},\"sameAs\":[\"https:\\\/\\\/www.facebook.com\\\/libwomenstore\"]}]}<\/script>\n<meta property=\"product:price:amount\" content=\"62000\" \/>\n<meta property=\"product:price:currency\" content=\"HUF\" \/>\n<meta property=\"og:availability\" content=\"out of stock\" \/>\n<meta property=\"product:availability\" content=\"out of stock\" \/>\n<meta property=\"product:retailer_item_id\" content=\"LIB-BV001\" \/>\n<meta property=\"product:condition\" content=\"new\" \/>\n<!-- \/ Yoast SEO Premium plugin. -->","yoast_head_json":{"title":"B-VIBE Trio - Lib Women&#039;s Store DEW SITE","description":"Unique power in a vibrator this size, the power of three motors in a medium-sized anal vibrator covered in silky silicone. Control it from a distance!","robots":{"index":"noindex","follow":"follow","max-snippet":"max-snippet:-1","max-image-preview":"max-image-preview:large","max-video-preview":"max-video-preview:-1"},"og_locale":"en_US","og_type":"article","og_title":"B-VIBE Trio","og_description":"Unique power in a vibrator this size, the power of three motors in a medium-sized anal vibrator covered in silky silicone. Control it from a distance!","og_url":"https:\/\/libwo.iwanwilaga.com\/en\/product\/anal-toys\/b-vibe-trio-anal-vibrator-soft-silicone-couples-play\/","og_site_name":"Lib Women&#039;s Store DEW SITE","article_publisher":"https:\/\/www.facebook.com\/libwomenstore","article_modified_time":"2025-01-07T15:40:38+00:00","og_image":[{"width":2000,"height":2001,"url":"https:\/\/libwo.iwanwilaga.com\/wp-content\/uploads\/2024\/04\/B-Vibe_Trio_2.jpg","type":"image\/jpeg"}],"twitter_card":"summary_large_image","twitter_misc":{"Price":"62.000&#70;&#116;","Availability":"Out of stock"},"schema":{"@context":"https:\/\/schema.org","@graph":[{"@type":["WebPage","ItemPage"],"@id":"https:\/\/libwo.iwanwilaga.com\/en\/product\/anal-toys\/b-vibe-trio-anal-vibrator-soft-silicone-couples-play\/","url":"https:\/\/libwo.iwanwilaga.com\/en\/product\/anal-toys\/b-vibe-trio-anal-vibrator-soft-silicone-couples-play\/","name":"B-VIBE Trio - Lib Women&#039;s Store DEW SITE","isPartOf":{"@id":"https:\/\/libwo.iwanwilaga.com\/en\/#website"},"primaryImageOfPage":{"@id":"https:\/\/libwo.iwanwilaga.com\/en\/product\/anal-toys\/b-vibe-trio-anal-vibrator-soft-silicone-couples-play\/#primaryimage"},"image":{"@id":"https:\/\/libwo.iwanwilaga.com\/en\/product\/anal-toys\/b-vibe-trio-anal-vibrator-soft-silicone-couples-play\/#primaryimage"},"thumbnailUrl":"https:\/\/libwo.iwanwilaga.com\/wp-content\/uploads\/2024\/04\/B-Vibe_Trio_2.jpg","datePublished":"2024-04-16T10:00:53+00:00","dateModified":"2025-01-07T15:40:38+00:00","description":"Unique power in a vibrator this size, the power of three motors in a medium-sized anal vibrator covered in silky silicone. Control it from a distance!","breadcrumb":{"@id":"https:\/\/libwo.iwanwilaga.com\/en\/product\/anal-toys\/b-vibe-trio-anal-vibrator-soft-silicone-couples-play\/#breadcrumb"},"inLanguage":"en-US","potentialAction":[{"@type":"ReadAction","target":["https:\/\/libwo.iwanwilaga.com\/en\/product\/anal-toys\/b-vibe-trio-anal-vibrator-soft-silicone-couples-play\/"]}]},{"@type":"ImageObject","inLanguage":"en-US","@id":"https:\/\/libwo.iwanwilaga.com\/en\/product\/anal-toys\/b-vibe-trio-anal-vibrator-soft-silicone-couples-play\/#primaryimage","url":"https:\/\/libwo.iwanwilaga.com\/wp-content\/uploads\/2024\/04\/B-Vibe_Trio_2.jpg","contentUrl":"https:\/\/libwo.iwanwilaga.com\/wp-content\/uploads\/2024\/04\/B-Vibe_Trio_2.jpg","width":2000,"height":2001},{"@type":"BreadcrumbList","@id":"https:\/\/libwo.iwanwilaga.com\/en\/product\/anal-toys\/b-vibe-trio-anal-vibrator-soft-silicone-couples-play\/#breadcrumb","itemListElement":[{"@type":"ListItem","position":1,"name":"Kezd\u0151lap","item":"https:\/\/libwo.iwanwilaga.com\/en\/"},{"@type":"ListItem","position":2,"name":"Shop Home Page &#8211; Product categories","item":"https:\/\/libwo.iwanwilaga.com\/shop-kezdolap-termek-kategoriak\/?lang=en"},{"@type":"ListItem","position":3,"name":"B-VIBE Trio"}]},{"@type":"WebSite","@id":"https:\/\/libwo.iwanwilaga.com\/en\/#website","url":"https:\/\/libwo.iwanwilaga.com\/en\/","name":"Lib Women Store","description":"DEV OLDAL - Magyarorsz\u00e1g els\u0151 n\u0151kre f\u00f3kusz\u00e1l\u00f3 szexshopja, ahol az eg\u00e9szs\u00e9g ugyanolyan fontos, mint az \u00e9lvezetek.","publisher":{"@id":"https:\/\/libwo.iwanwilaga.com\/en\/#organization"},"alternateName":"Lib","potentialAction":[{"@type":"SearchAction","target":{"@type":"EntryPoint","urlTemplate":"https:\/\/libwo.iwanwilaga.com\/en\/?s={search_term_string}"},"query-input":{"@type":"PropertyValueSpecification","valueRequired":true,"valueName":"search_term_string"}}],"inLanguage":"en-US"},{"@type":"Organization","@id":"https:\/\/libwo.iwanwilaga.com\/en\/#organization","name":"Lib Women Store","url":"https:\/\/libwo.iwanwilaga.com\/en\/","logo":{"@type":"ImageObject","inLanguage":"en-US","@id":"https:\/\/libwo.iwanwilaga.com\/en\/#\/schema\/logo\/image\/","url":"https:\/\/libwo.iwanwilaga.com\/wp-content\/uploads\/2024\/05\/cropped-LIB-logo-A.png","contentUrl":"https:\/\/libwo.iwanwilaga.com\/wp-content\/uploads\/2024\/05\/cropped-LIB-logo-A.png","width":512,"height":512,"caption":"Lib Women Store"},"image":{"@id":"https:\/\/libwo.iwanwilaga.com\/en\/#\/schema\/logo\/image\/"},"sameAs":["https:\/\/www.facebook.com\/libwomenstore"]}]},"product_price_amount":"62000","product_price_currency":"HUF","og_availability":"out of stock","product_availability":"out of stock","product_retailer_item_id":"LIB-BV001","product_condition":"new"},"_links":{"self":[{"href":"https:\/\/libwo.iwanwilaga.com\/en\/wp-json\/wp\/v2\/product\/28816","targetHints":{"allow":["GET"]}}],"collection":[{"href":"https:\/\/libwo.iwanwilaga.com\/en\/wp-json\/wp\/v2\/product"}],"about":[{"href":"https:\/\/libwo.iwanwilaga.com\/en\/wp-json\/wp\/v2\/types\/product"}],"replies":[{"embeddable":true,"href":"https:\/\/libwo.iwanwilaga.com\/en\/wp-json\/wp\/v2\/comments?post=28816"}],"wp:featuredmedia":[{"embeddable":true,"href":"https:\/\/libwo.iwanwilaga.com\/en\/wp-json\/wp\/v2\/media\/26375"}],"wp:attachment":[{"href":"https:\/\/libwo.iwanwilaga.com\/en\/wp-json\/wp\/v2\/media?parent=28816"}],"wp:term":[{"taxonomy":"product_brand","embeddable":true,"href":"https:\/\/libwo.iwanwilaga.com\/en\/wp-json\/wp\/v2\/product_brand?post=28816"},{"taxonomy":"product_cat","embeddable":true,"href":"https:\/\/libwo.iwanwilaga.com\/en\/wp-json\/wp\/v2\/product_cat?post=28816"},{"taxonomy":"product_tag","embeddable":true,"href":"https:\/\/libwo.iwanwilaga.com\/en\/wp-json\/wp\/v2\/product_tag?post=28816"}],"curies":[{"name":"wp","href":"https:\/\/api.w.org\/{rel}","templated":true}]}}