{"id":28750,"date":"2024-04-16T12:02:10","date_gmt":"2024-04-16T10:02:10","guid":{"rendered":"https:\/\/uj.libwomenstore.com\/?post_type=product&#038;p=28750"},"modified":"2025-01-07T17:11:28","modified_gmt":"2025-01-07T16:11:28","slug":"clone-a-willy-glow-in-the-dark-vibrator-penis-cloning-kit","status":"publish","type":"product","link":"https:\/\/libwo.iwanwilaga.com\/en\/product\/classic\/clone-a-willy-glow-in-the-dark-vibrator-penis-cloning-kit\/","title":{"rendered":"CLONE-A-WILLY Glow In The Dark"},"content":{"rendered":"<p style=\"text-align: center;\"><b>Instructions<\/b><\/p>\n<ol style=\"text-align: center;\">\n<li style=\"font-weight: 400;\"><span style=\"font-weight: 400;\">Open the tube, take everything out of it. Place the erect penis next to the tube so that the glans falls against the open end. Mark the tube 1.5 cm from the glans. Cut the tube at the mark.<\/span><\/li>\n<li style=\"font-weight: 400;\"><span style=\"font-weight: 400;\">Turn on the TAP to 32 degrees C. It is important to get the water from the tap, do not microwave it or heat it on the stove, because it can easily overheat.<\/span><\/li>\n<li style=\"font-weight: 400;\"><span style=\"font-weight: 400;\">Once the water is 32 degrees C, measure out 415 ml and pour it into the mixing bowl. Check the temperature, it needs to be EXACTLY 32 C!<\/span><\/li>\n<li style=\"font-weight: 400;\"><span style=\"font-weight: 400;\">Set a timer for 45 seconds! Pour the shaping powder into the water and mix it to 45 MP, it&#8217;s okay if you can&#8217;t mix it completely smooth.<\/span><\/li>\n<li style=\"font-weight: 400;\"><span style=\"font-weight: 400;\">Quickly pour the mixture into the tube and insert the erect penis. Do this as quickly as possible, within 2 minutes at the most.<\/span><\/li>\n<li style=\"font-weight: 400;\"><span style=\"font-weight: 400;\">Hold the tube in place for 1-2 minutes, you will feel the casting material solidify.<\/span><\/li>\n<li style=\"font-weight: 400;\"><span style=\"font-weight: 400;\">When the casting material has hardened, gently take the penis out of the tube and let the casting material harden further for 4-8 hours.<\/span><\/li>\n<li style=\"font-weight: 400;\"><span style=\"font-weight: 400;\">Mix the two silicones together in a disposable bowl, using a wooden spatula to mix making sure to remove all the silicone from the box. For glow colors, add the illuminating powder to this step. Stir the silicone thoroughly for a few minutes.<\/span><\/li>\n<li style=\"font-weight: 400;\"><span style=\"font-weight: 400;\">Pour out any water that may have collected at the bottom of the mold and very slowly pour the silicone into the mold.<\/span><\/li>\n<li style=\"font-weight: 400;\"><span style=\"font-weight: 400;\">Cut a small X on the cardboard and press the vibrator up to the screw cap, don&#8217;t push it through the paper.<\/span><\/li>\n<li style=\"font-weight: 400;\"><span style=\"font-weight: 400;\">Fit the vibrator into the silicone so that the paper is level.<\/span><\/li>\n<li style=\"font-weight: 400;\"><span style=\"font-weight: 400;\">Wait 24 hours for the DIY vibrator to be ready and then take it out of the mold.<\/span><\/li>\n<\/ol>\n<p style=\"text-align: center;\"><span style=\"font-weight: 400;\">If your penis is 22.8 cm or larger, you should use an XL vibrator and may need additional silicone. If you want to make a non-vibrating vibrator, you will definitely need extra silicone.<\/span><\/p>\n<p style=\"text-align: center;\"><b>Tip<\/b><b>\u00a0<\/b><\/p>\n<p style=\"text-align: center;\"><span style=\"font-weight: 400;\">A good penis ring will help you last longer and make the process fun!<\/span><\/p>\n<p style=\"text-align: center;\"><b>Features<\/b><span style=\"font-weight: 400;\">\u00a0<\/span><\/p>\n<p style=\"text-align: center;\"><span style=\"font-weight: 400;\">Each Clone-A-Willy kit includes:<\/span><\/p>\n<p style=\"text-align: center;\"><span style=\"font-weight: 400;\">\u00a0<\/span><\/p>\n<p style=\"text-align: center;\"><span style=\"font-weight: 400;\">Bullet vibrator (1 speed)<\/span><\/p>\n<p style=\"text-align: center;\"><span style=\"font-weight: 400;\">\u00a0<\/span><\/p>\n<p style=\"text-align: center;\"><span style=\"font-weight: 400;\">Cloning kit<\/span><\/p>\n<p style=\"text-align: center;\"><span style=\"font-weight: 400;\">\u00a0<\/span><\/p>\n<p style=\"text-align: center;\"><span style=\"font-weight: 400;\">Silicone of your choice<\/span><\/p>\n<p style=\"text-align: center;\"><span style=\"font-weight: 400;\">\u00a0<\/span><\/p>\n<p style=\"text-align: center;\"><span style=\"font-weight: 400;\">Algae-based shaping powder<\/span><\/p>\n<p style=\"text-align: center;\"><span style=\"font-weight: 400;\">\u00a0<\/span><\/p>\n<p style=\"text-align: center;\"><span style=\"font-weight: 400;\">Casting cylinder (6.3 cm wide, 27.9 high)<\/span><\/p>\n<p style=\"text-align: center;\"><span style=\"font-weight: 400;\">\u00a0<\/span><\/p>\n<p style=\"text-align: center;\"><span style=\"font-weight: 400;\">The material of the vibrator is body-safe silicone, which is free of phthalates and latex.<\/span><\/p>\n<p style=\"text-align: center;\"><b>Use &amp; Cleaning<\/b><\/p>\n<p style=\"text-align: center;\"><span style=\"font-weight: 400;\">The product can be disinfected with lukewarm soapy water or cleaning agents developed for this purpose. Clean only with lint-free material.<\/span><\/p>\n<p style=\"text-align: center;\"><span style=\"font-weight: 400;\">\u00a0<\/span><\/p>\n<p style=\"text-align: center;\"><span style=\"font-weight: 400;\">Use only with water-based lubricants!<\/span><\/p>\n","protected":false},"excerpt":{"rendered":"<p>With our DIY vibrator set, you can make an exact, vibrating silicone copy of any penis at home. Clone-A-Willy&#8217;s kit captures incredible lifelike detail, making it the most personal sex toy on earth!<\/p>\n","protected":false},"featured_media":32472,"comment_status":"open","ping_status":"closed","template":"","meta":{"_et_pb_use_builder":"","_et_pb_old_content":"","_et_gb_content_width":""},"product_brand":[],"product_cat":[347,355,318],"product_tag":[493,494,495],"class_list":{"0":"post-28750","1":"product","2":"type-product","3":"status-publish","4":"has-post-thumbnail","6":"product_cat-classic","7":"product_cat-couple","8":"product_cat-vibrators","9":"product_tag-classic","10":"product_tag-clone-a-willy-en","11":"product_tag-couples","13":"first","14":"outofstock","15":"taxable","16":"shipping-taxable","17":"purchasable","18":"product-type-variable"},"yoast_head":"<!-- This site is optimized with the Yoast SEO Premium plugin v27.5 (Yoast SEO v27.5) - https:\/\/yoast.com\/product\/yoast-seo-premium-wordpress\/ -->\n<title>CLONE-A-WILLY Glow In The Dark - Lib Women&#039;s Store DEW SITE<\/title>\n<meta name=\"description\" content=\"Make the most unique vibrator ever, you can make a replica of your partner&#039;s penis with this kit! If you want something special, go for the glowing one!\" \/>\n<meta name=\"robots\" content=\"noindex, follow, max-snippet:-1, max-image-preview:large, max-video-preview:-1\" \/>\n<meta property=\"og:locale\" content=\"en_US\" \/>\n<meta property=\"og:type\" content=\"article\" \/>\n<meta property=\"og:title\" content=\"CLONE-A-WILLY Glow In The Dark\" \/>\n<meta property=\"og:description\" content=\"Make the most unique vibrator ever, you can make a replica of your partner&#039;s penis with this kit! If you want something special, go for the glowing one!\" \/>\n<meta property=\"og:url\" content=\"https:\/\/libwo.iwanwilaga.com\/en\/product\/classic\/clone-a-willy-glow-in-the-dark-vibrator-penis-cloning-kit\/\" \/>\n<meta property=\"og:site_name\" content=\"Lib Women&#039;s Store DEW SITE\" \/>\n<meta property=\"article:publisher\" content=\"https:\/\/www.facebook.com\/libwomenstore\" \/>\n<meta property=\"article:modified_time\" content=\"2025-01-07T16:11:28+00:00\" \/>\n<meta property=\"og:image\" content=\"https:\/\/libwo.iwanwilaga.com\/wp-content\/uploads\/2024\/04\/cloneawilly8.jpg\" \/>\n\t<meta property=\"og:image:width\" content=\"670\" \/>\n\t<meta property=\"og:image:height\" content=\"670\" \/>\n\t<meta property=\"og:image:type\" content=\"image\/jpeg\" \/>\n<meta name=\"twitter:card\" content=\"summary_large_image\" \/>\n<meta name=\"twitter:label1\" content=\"Availability\" \/>\n\t<meta name=\"twitter:data1\" content=\"Out of stock\" \/>\n<script type=\"application\/ld+json\" class=\"yoast-schema-graph\">{\"@context\":\"https:\\\/\\\/schema.org\",\"@graph\":[{\"@type\":[\"WebPage\",\"ItemPage\"],\"@id\":\"https:\\\/\\\/libwo.iwanwilaga.com\\\/en\\\/product\\\/classic\\\/clone-a-willy-glow-in-the-dark-vibrator-penis-cloning-kit\\\/\",\"url\":\"https:\\\/\\\/libwo.iwanwilaga.com\\\/en\\\/product\\\/classic\\\/clone-a-willy-glow-in-the-dark-vibrator-penis-cloning-kit\\\/\",\"name\":\"CLONE-A-WILLY Glow In The Dark - Lib Women&#039;s Store DEW SITE\",\"isPartOf\":{\"@id\":\"https:\\\/\\\/libwo.iwanwilaga.com\\\/en\\\/#website\"},\"primaryImageOfPage\":{\"@id\":\"https:\\\/\\\/libwo.iwanwilaga.com\\\/en\\\/product\\\/classic\\\/clone-a-willy-glow-in-the-dark-vibrator-penis-cloning-kit\\\/#primaryimage\"},\"image\":{\"@id\":\"https:\\\/\\\/libwo.iwanwilaga.com\\\/en\\\/product\\\/classic\\\/clone-a-willy-glow-in-the-dark-vibrator-penis-cloning-kit\\\/#primaryimage\"},\"thumbnailUrl\":\"https:\\\/\\\/libwo.iwanwilaga.com\\\/wp-content\\\/uploads\\\/2024\\\/04\\\/clone-a-willy_glow_in_the_dark_vibrator.jpeg\",\"datePublished\":\"2024-04-16T10:02:10+00:00\",\"dateModified\":\"2025-01-07T16:11:28+00:00\",\"description\":\"Make the most unique vibrator ever, you can make a replica of your partner's penis with this kit! If you want something special, go for the glowing one!\",\"breadcrumb\":{\"@id\":\"https:\\\/\\\/libwo.iwanwilaga.com\\\/en\\\/product\\\/classic\\\/clone-a-willy-glow-in-the-dark-vibrator-penis-cloning-kit\\\/#breadcrumb\"},\"inLanguage\":\"en-US\",\"potentialAction\":[{\"@type\":\"ReadAction\",\"target\":[\"https:\\\/\\\/libwo.iwanwilaga.com\\\/en\\\/product\\\/classic\\\/clone-a-willy-glow-in-the-dark-vibrator-penis-cloning-kit\\\/\"]}]},{\"@type\":\"ImageObject\",\"inLanguage\":\"en-US\",\"@id\":\"https:\\\/\\\/libwo.iwanwilaga.com\\\/en\\\/product\\\/classic\\\/clone-a-willy-glow-in-the-dark-vibrator-penis-cloning-kit\\\/#primaryimage\",\"url\":\"https:\\\/\\\/libwo.iwanwilaga.com\\\/wp-content\\\/uploads\\\/2024\\\/04\\\/clone-a-willy_glow_in_the_dark_vibrator.jpeg\",\"contentUrl\":\"https:\\\/\\\/libwo.iwanwilaga.com\\\/wp-content\\\/uploads\\\/2024\\\/04\\\/clone-a-willy_glow_in_the_dark_vibrator.jpeg\",\"width\":600,\"height\":600,\"caption\":\"Clone-a-willy vil\u00e1g\u00edt\u00f3 p\u00e9nisz m\u00e1sol\u00f3 k\u00e9szlet\"},{\"@type\":\"BreadcrumbList\",\"@id\":\"https:\\\/\\\/libwo.iwanwilaga.com\\\/en\\\/product\\\/classic\\\/clone-a-willy-glow-in-the-dark-vibrator-penis-cloning-kit\\\/#breadcrumb\",\"itemListElement\":[{\"@type\":\"ListItem\",\"position\":1,\"name\":\"Kezd\u0151lap\",\"item\":\"https:\\\/\\\/libwo.iwanwilaga.com\\\/en\\\/\"},{\"@type\":\"ListItem\",\"position\":2,\"name\":\"Shop Home Page &#8211; Product categories\",\"item\":\"https:\\\/\\\/libwo.iwanwilaga.com\\\/shop-kezdolap-termek-kategoriak\\\/?lang=en\"},{\"@type\":\"ListItem\",\"position\":3,\"name\":\"CLONE-A-WILLY Glow In The Dark\"}]},{\"@type\":\"WebSite\",\"@id\":\"https:\\\/\\\/libwo.iwanwilaga.com\\\/en\\\/#website\",\"url\":\"https:\\\/\\\/libwo.iwanwilaga.com\\\/en\\\/\",\"name\":\"Lib Women Store\",\"description\":\"DEV OLDAL - Magyarorsz\u00e1g els\u0151 n\u0151kre f\u00f3kusz\u00e1l\u00f3 szexshopja, ahol az eg\u00e9szs\u00e9g ugyanolyan fontos, mint az \u00e9lvezetek.\",\"publisher\":{\"@id\":\"https:\\\/\\\/libwo.iwanwilaga.com\\\/en\\\/#organization\"},\"alternateName\":\"Lib\",\"potentialAction\":[{\"@type\":\"SearchAction\",\"target\":{\"@type\":\"EntryPoint\",\"urlTemplate\":\"https:\\\/\\\/libwo.iwanwilaga.com\\\/en\\\/?s={search_term_string}\"},\"query-input\":{\"@type\":\"PropertyValueSpecification\",\"valueRequired\":true,\"valueName\":\"search_term_string\"}}],\"inLanguage\":\"en-US\"},{\"@type\":\"Organization\",\"@id\":\"https:\\\/\\\/libwo.iwanwilaga.com\\\/en\\\/#organization\",\"name\":\"Lib Women Store\",\"url\":\"https:\\\/\\\/libwo.iwanwilaga.com\\\/en\\\/\",\"logo\":{\"@type\":\"ImageObject\",\"inLanguage\":\"en-US\",\"@id\":\"https:\\\/\\\/libwo.iwanwilaga.com\\\/en\\\/#\\\/schema\\\/logo\\\/image\\\/\",\"url\":\"https:\\\/\\\/libwo.iwanwilaga.com\\\/wp-content\\\/uploads\\\/2024\\\/05\\\/cropped-LIB-logo-A.png\",\"contentUrl\":\"https:\\\/\\\/libwo.iwanwilaga.com\\\/wp-content\\\/uploads\\\/2024\\\/05\\\/cropped-LIB-logo-A.png\",\"width\":512,\"height\":512,\"caption\":\"Lib Women Store\"},\"image\":{\"@id\":\"https:\\\/\\\/libwo.iwanwilaga.com\\\/en\\\/#\\\/schema\\\/logo\\\/image\\\/\"},\"sameAs\":[\"https:\\\/\\\/www.facebook.com\\\/libwomenstore\"]}]}<\/script>\n<meta property=\"og:availability\" content=\"out of stock\" \/>\n<meta property=\"product:availability\" content=\"out of stock\" \/>\n<meta property=\"product:condition\" content=\"new\" \/>\n<!-- \/ Yoast SEO Premium plugin. -->","yoast_head_json":{"title":"CLONE-A-WILLY Glow In The Dark - Lib Women&#039;s Store DEW SITE","description":"Make the most unique vibrator ever, you can make a replica of your partner's penis with this kit! If you want something special, go for the glowing one!","robots":{"index":"noindex","follow":"follow","max-snippet":"max-snippet:-1","max-image-preview":"max-image-preview:large","max-video-preview":"max-video-preview:-1"},"og_locale":"en_US","og_type":"article","og_title":"CLONE-A-WILLY Glow In The Dark","og_description":"Make the most unique vibrator ever, you can make a replica of your partner's penis with this kit! If you want something special, go for the glowing one!","og_url":"https:\/\/libwo.iwanwilaga.com\/en\/product\/classic\/clone-a-willy-glow-in-the-dark-vibrator-penis-cloning-kit\/","og_site_name":"Lib Women&#039;s Store DEW SITE","article_publisher":"https:\/\/www.facebook.com\/libwomenstore","article_modified_time":"2025-01-07T16:11:28+00:00","og_image":[{"width":670,"height":670,"url":"https:\/\/libwo.iwanwilaga.com\/wp-content\/uploads\/2024\/04\/cloneawilly8.jpg","type":"image\/jpeg"}],"twitter_card":"summary_large_image","twitter_misc":{"Availability":"Out of stock"},"schema":{"@context":"https:\/\/schema.org","@graph":[{"@type":["WebPage","ItemPage"],"@id":"https:\/\/libwo.iwanwilaga.com\/en\/product\/classic\/clone-a-willy-glow-in-the-dark-vibrator-penis-cloning-kit\/","url":"https:\/\/libwo.iwanwilaga.com\/en\/product\/classic\/clone-a-willy-glow-in-the-dark-vibrator-penis-cloning-kit\/","name":"CLONE-A-WILLY Glow In The Dark - Lib Women&#039;s Store DEW SITE","isPartOf":{"@id":"https:\/\/libwo.iwanwilaga.com\/en\/#website"},"primaryImageOfPage":{"@id":"https:\/\/libwo.iwanwilaga.com\/en\/product\/classic\/clone-a-willy-glow-in-the-dark-vibrator-penis-cloning-kit\/#primaryimage"},"image":{"@id":"https:\/\/libwo.iwanwilaga.com\/en\/product\/classic\/clone-a-willy-glow-in-the-dark-vibrator-penis-cloning-kit\/#primaryimage"},"thumbnailUrl":"https:\/\/libwo.iwanwilaga.com\/wp-content\/uploads\/2024\/04\/clone-a-willy_glow_in_the_dark_vibrator.jpeg","datePublished":"2024-04-16T10:02:10+00:00","dateModified":"2025-01-07T16:11:28+00:00","description":"Make the most unique vibrator ever, you can make a replica of your partner's penis with this kit! If you want something special, go for the glowing one!","breadcrumb":{"@id":"https:\/\/libwo.iwanwilaga.com\/en\/product\/classic\/clone-a-willy-glow-in-the-dark-vibrator-penis-cloning-kit\/#breadcrumb"},"inLanguage":"en-US","potentialAction":[{"@type":"ReadAction","target":["https:\/\/libwo.iwanwilaga.com\/en\/product\/classic\/clone-a-willy-glow-in-the-dark-vibrator-penis-cloning-kit\/"]}]},{"@type":"ImageObject","inLanguage":"en-US","@id":"https:\/\/libwo.iwanwilaga.com\/en\/product\/classic\/clone-a-willy-glow-in-the-dark-vibrator-penis-cloning-kit\/#primaryimage","url":"https:\/\/libwo.iwanwilaga.com\/wp-content\/uploads\/2024\/04\/clone-a-willy_glow_in_the_dark_vibrator.jpeg","contentUrl":"https:\/\/libwo.iwanwilaga.com\/wp-content\/uploads\/2024\/04\/clone-a-willy_glow_in_the_dark_vibrator.jpeg","width":600,"height":600,"caption":"Clone-a-willy vil\u00e1g\u00edt\u00f3 p\u00e9nisz m\u00e1sol\u00f3 k\u00e9szlet"},{"@type":"BreadcrumbList","@id":"https:\/\/libwo.iwanwilaga.com\/en\/product\/classic\/clone-a-willy-glow-in-the-dark-vibrator-penis-cloning-kit\/#breadcrumb","itemListElement":[{"@type":"ListItem","position":1,"name":"Kezd\u0151lap","item":"https:\/\/libwo.iwanwilaga.com\/en\/"},{"@type":"ListItem","position":2,"name":"Shop Home Page &#8211; Product categories","item":"https:\/\/libwo.iwanwilaga.com\/shop-kezdolap-termek-kategoriak\/?lang=en"},{"@type":"ListItem","position":3,"name":"CLONE-A-WILLY Glow In The Dark"}]},{"@type":"WebSite","@id":"https:\/\/libwo.iwanwilaga.com\/en\/#website","url":"https:\/\/libwo.iwanwilaga.com\/en\/","name":"Lib Women Store","description":"DEV OLDAL - Magyarorsz\u00e1g els\u0151 n\u0151kre f\u00f3kusz\u00e1l\u00f3 szexshopja, ahol az eg\u00e9szs\u00e9g ugyanolyan fontos, mint az \u00e9lvezetek.","publisher":{"@id":"https:\/\/libwo.iwanwilaga.com\/en\/#organization"},"alternateName":"Lib","potentialAction":[{"@type":"SearchAction","target":{"@type":"EntryPoint","urlTemplate":"https:\/\/libwo.iwanwilaga.com\/en\/?s={search_term_string}"},"query-input":{"@type":"PropertyValueSpecification","valueRequired":true,"valueName":"search_term_string"}}],"inLanguage":"en-US"},{"@type":"Organization","@id":"https:\/\/libwo.iwanwilaga.com\/en\/#organization","name":"Lib Women Store","url":"https:\/\/libwo.iwanwilaga.com\/en\/","logo":{"@type":"ImageObject","inLanguage":"en-US","@id":"https:\/\/libwo.iwanwilaga.com\/en\/#\/schema\/logo\/image\/","url":"https:\/\/libwo.iwanwilaga.com\/wp-content\/uploads\/2024\/05\/cropped-LIB-logo-A.png","contentUrl":"https:\/\/libwo.iwanwilaga.com\/wp-content\/uploads\/2024\/05\/cropped-LIB-logo-A.png","width":512,"height":512,"caption":"Lib Women Store"},"image":{"@id":"https:\/\/libwo.iwanwilaga.com\/en\/#\/schema\/logo\/image\/"},"sameAs":["https:\/\/www.facebook.com\/libwomenstore"]}]},"og_availability":"out of stock","product_availability":"out of stock","product_condition":"new"},"_links":{"self":[{"href":"https:\/\/libwo.iwanwilaga.com\/en\/wp-json\/wp\/v2\/product\/28750","targetHints":{"allow":["GET"]}}],"collection":[{"href":"https:\/\/libwo.iwanwilaga.com\/en\/wp-json\/wp\/v2\/product"}],"about":[{"href":"https:\/\/libwo.iwanwilaga.com\/en\/wp-json\/wp\/v2\/types\/product"}],"replies":[{"embeddable":true,"href":"https:\/\/libwo.iwanwilaga.com\/en\/wp-json\/wp\/v2\/comments?post=28750"}],"wp:featuredmedia":[{"embeddable":true,"href":"https:\/\/libwo.iwanwilaga.com\/en\/wp-json\/wp\/v2\/media\/32472"}],"wp:attachment":[{"href":"https:\/\/libwo.iwanwilaga.com\/en\/wp-json\/wp\/v2\/media?parent=28750"}],"wp:term":[{"taxonomy":"product_brand","embeddable":true,"href":"https:\/\/libwo.iwanwilaga.com\/en\/wp-json\/wp\/v2\/product_brand?post=28750"},{"taxonomy":"product_cat","embeddable":true,"href":"https:\/\/libwo.iwanwilaga.com\/en\/wp-json\/wp\/v2\/product_cat?post=28750"},{"taxonomy":"product_tag","embeddable":true,"href":"https:\/\/libwo.iwanwilaga.com\/en\/wp-json\/wp\/v2\/product_tag?post=28750"}],"curies":[{"name":"wp","href":"https:\/\/api.w.org\/{rel}","templated":true}]}}